{"id":14531,"date":"2026-03-20T08:54:13","date_gmt":"2026-03-20T07:54:13","guid":{"rendered":"https:\/\/www.domainedubuc.com\/we-a-velo-and-chateau-life\/"},"modified":"2026-03-20T08:54:15","modified_gmt":"2026-03-20T07:54:15","slug":"we-a-velo-and-chateau-life","status":"publish","type":"page","link":"https:\/\/www.domainedubuc.com\/en\/we-a-velo-and-chateau-life\/","title":{"rendered":"WE \u00e0 V\u00e9lo and Ch\u00e2teau life"},"content":{"rendered":"\t\t<div data-elementor-type=\"wp-page\" data-elementor-id=\"14531\" class=\"elementor elementor-14531 elementor-14229\" data-elementor-post-type=\"page\">\n\t\t\t\t<div class=\"elementor-element elementor-element-22d6b56 e-flex e-con-boxed e-con e-parent\" data-id=\"22d6b56\" data-element_type=\"container\" data-e-type=\"container\">\n\t\t\t\t\t<div class=\"e-con-inner\">\n\t\t\t\t<div class=\"elementor-element elementor-element-d9fbdcd elementor-widget elementor-widget-heading\" data-id=\"d9fbdcd\" data-element_type=\"widget\" data-e-type=\"widget\" data-widget_type=\"heading.default\">\n\t\t\t\t<div class=\"elementor-widget-container\">\n\t\t\t\t\t<h2 class=\"elementor-heading-title elementor-size-default\">A great weekend with Tarn Tourisme  <\/h2>\t\t\t\t<\/div>\n\t\t\t\t<\/div>\n\t\t\t\t\t<\/div>\n\t\t\t\t<\/div>\n\t\t<div class=\"elementor-element elementor-element-16ccadb e-flex e-con-boxed e-con e-parent\" data-id=\"16ccadb\" data-element_type=\"container\" data-e-type=\"container\">\n\t\t\t\t\t<div class=\"e-con-inner\">\n\t\t\t\t<div class=\"elementor-element elementor-element-5d78f87 elementor-widget elementor-widget-heading\" data-id=\"5d78f87\" data-element_type=\"widget\" data-e-type=\"widget\" data-widget_type=\"heading.default\">\n\t\t\t\t<div class=\"elementor-widget-container\">\n\t\t\t\t\t<h3 class=\"elementor-heading-title elementor-size-default\">Chateau life and bicycle escapades<\/h3>\t\t\t\t<\/div>\n\t\t\t\t<\/div>\n\t\t\t\t\t<\/div>\n\t\t\t\t<\/div>\n\t\t<div class=\"elementor-element elementor-element-6c15fb8 e-flex e-con-boxed e-con e-parent\" data-id=\"6c15fb8\" data-element_type=\"container\" data-e-type=\"container\">\n\t\t\t\t\t<div class=\"e-con-inner\">\n\t\t<div class=\"elementor-element elementor-element-577282d e-con-full e-flex e-con e-child\" data-id=\"577282d\" data-element_type=\"container\" data-e-type=\"container\">\n\t\t\t\t<div class=\"elementor-element elementor-element-e5ec1e7 elementor-widget elementor-widget-text-editor\" data-id=\"e5ec1e7\" data-element_type=\"widget\" data-e-type=\"widget\" data-widget_type=\"text-editor.default\">\n\t\t\t\t<div class=\"elementor-widget-container\">\n\t\t\t\t\t\t\t\t\t<p>For a <strong>relaxing weekend<\/strong> away, we recommend our spacious, fully-equipped rooms with their refined decor.<\/p><p>You&#8217;ll enjoy the calm and comfort of castle life, with no compromise between luxury, the great outdoors and wide-open spaces. All rooms offer a <strong>panoramic view<\/strong> of a 10-hectare park inspired by English-style gardens<strong>.<\/strong><\/p><p>A place to relax and unwind, where you can enjoy the peace and quiet, read a book or take a siesta in the shade of the hundred-year-old trees.<br \/>At the end of the day, after your <strong>romantic escapades<\/strong> among the majestic hundred-year-old trees or in the middle of the nearby vineyards, you&#8217;ll appreciate the calm and freshness of the swimming pool, with its unobstructed view of nature.<\/p><p>The service includes :  <\/p><ul><li>A night in the ladies&#8217; double room<\/li><li>Breakfast for 2<\/li><li>Welcome tray (fruit juice, coffee, cookies)<\/li><li>A local dish with a glass of wine and dessert<\/li><li>Rental of 2 electric bicycles for half a day<\/li><\/ul><p> <strong> Price: \u20ac270 for 2 people <\/strong><a style=\"background-color: #ffffff; font-size: 1rem;\" href=\"https:\/\/domaine-du-buc.amenitiz.io\/fr\/booking\/room#DatesGuests-BE\" target=\"_blank\" rel=\"noopener\">RESERVATION <\/a> <\/p>\t\t\t\t\t\t\t\t<\/div>\n\t\t\t\t<\/div>\n\t\t\t\t<\/div>\n\t\t<div class=\"elementor-element elementor-element-9c44d2e e-con-full e-flex e-con e-child\" data-id=\"9c44d2e\" data-element_type=\"container\" data-e-type=\"container\">\n\t\t\t\t<div class=\"elementor-element elementor-element-0688fcc elementor-widget elementor-widget-image\" data-id=\"0688fcc\" data-element_type=\"widget\" data-e-type=\"widget\" data-widget_type=\"image.default\">\n\t\t\t\t<div class=\"elementor-widget-container\">\n\t\t\t\t\t\t\t\t\t\t\t\t\t\t\t<img fetchpriority=\"high\" decoding=\"async\" width=\"768\" height=\"1024\" src=\"https:\/\/www.domainedubuc.com\/wp-content\/uploads\/2023\/03\/IMG_5110-768x1024.jpeg\" class=\"attachment-large size-large wp-image-11095\" alt=\"v\" srcset=\"https:\/\/www.domainedubuc.com\/wp-content\/uploads\/2023\/03\/IMG_5110-768x1024.jpeg 768w, https:\/\/www.domainedubuc.com\/wp-content\/uploads\/2023\/03\/IMG_5110-225x300.jpeg 225w, https:\/\/www.domainedubuc.com\/wp-content\/uploads\/2023\/03\/IMG_5110-1152x1536.jpeg 1152w, https:\/\/www.domainedubuc.com\/wp-content\/uploads\/2023\/03\/IMG_5110-1536x2048.jpeg 1536w, https:\/\/www.domainedubuc.com\/wp-content\/uploads\/2023\/03\/IMG_5110-391x522.jpeg 391w, https:\/\/www.domainedubuc.com\/wp-content\/uploads\/2023\/03\/IMG_5110-scaled.jpeg 900w\" sizes=\"(max-width: 768px) 100vw, 768px\" \/>\t\t\t\t\t\t\t\t\t\t\t\t\t\t\t<\/div>\n\t\t\t\t<\/div>\n\t\t\t\t<\/div>\n\t\t\t\t\t<\/div>\n\t\t\t\t<\/div>\n\t\t<div class=\"elementor-element elementor-element-e345822 e-flex e-con-boxed e-con e-parent\" data-id=\"e345822\" data-element_type=\"container\" data-e-type=\"container\">\n\t\t\t\t\t<div class=\"e-con-inner\">\n\t\t<div class=\"elementor-element elementor-element-3ea8a46 e-con-full e-flex e-con e-child\" data-id=\"3ea8a46\" data-element_type=\"container\" data-e-type=\"container\">\n\t\t\t\t<div class=\"elementor-element elementor-element-fc8b022 elementor-widget elementor-widget-image\" data-id=\"fc8b022\" data-element_type=\"widget\" data-e-type=\"widget\" data-widget_type=\"image.default\">\n\t\t\t\t<div class=\"elementor-widget-container\">\n\t\t\t\t\t\t\t\t\t\t\t\t\t\t\t<img decoding=\"async\" width=\"505\" height=\"337\" src=\"https:\/\/www.domainedubuc.com\/wp-content\/uploads\/2019\/12\/Velo-Vayssette\u00a9CDTTarn-PascaleWalter-6.jpg\" class=\"attachment-large size-large wp-image-7795\" alt=\"cyclotourisme dans le vignoble de Gaillac\" srcset=\"https:\/\/www.domainedubuc.com\/wp-content\/uploads\/2019\/12\/Velo-Vayssette\u00a9CDTTarn-PascaleWalter-6.jpg 505w, https:\/\/www.domainedubuc.com\/wp-content\/uploads\/2019\/12\/Velo-Vayssette\u00a9CDTTarn-PascaleWalter-6-300x200.jpg 300w, https:\/\/www.domainedubuc.com\/wp-content\/uploads\/2019\/12\/Velo-Vayssette\u00a9CDTTarn-PascaleWalter-6-319x213.jpg 319w\" sizes=\"(max-width: 505px) 100vw, 505px\" \/>\t\t\t\t\t\t\t\t\t\t\t\t\t\t\t<\/div>\n\t\t\t\t<\/div>\n\t\t\t\t<\/div>\n\t\t<div class=\"elementor-element elementor-element-1712418 e-con-full e-flex e-con e-child\" data-id=\"1712418\" data-element_type=\"container\" data-e-type=\"container\">\n\t\t\t\t<div class=\"elementor-element elementor-element-bf80c55 elementor-widget elementor-widget-image\" data-id=\"bf80c55\" data-element_type=\"widget\" data-e-type=\"widget\" data-widget_type=\"image.default\">\n\t\t\t\t<div class=\"elementor-widget-container\">\n\t\t\t\t\t\t\t\t\t\t\t\t\t\t\t<img decoding=\"async\" width=\"800\" height=\"375\" src=\"https:\/\/www.domainedubuc.com\/wp-content\/uploads\/2019\/12\/Cyclotourisme-albi-H-1024x480.jpg\" class=\"attachment-large size-large wp-image-7747\" alt=\"velo dans le tarn ores du domaine du buc\" srcset=\"https:\/\/www.domainedubuc.com\/wp-content\/uploads\/2019\/12\/Cyclotourisme-albi-H-1024x480.jpg 1024w, https:\/\/www.domainedubuc.com\/wp-content\/uploads\/2019\/12\/Cyclotourisme-albi-H-300x141.jpg 300w, https:\/\/www.domainedubuc.com\/wp-content\/uploads\/2019\/12\/Cyclotourisme-albi-H.jpg 1280w\" sizes=\"(max-width: 800px) 100vw, 800px\" \/>\t\t\t\t\t\t\t\t\t\t\t\t\t\t\t<\/div>\n\t\t\t\t<\/div>\n\t\t\t\t<\/div>\n\t\t\t\t\t<\/div>\n\t\t\t\t<\/div>\n\t\t\t\t<\/div>\n\t\t","protected":false},"excerpt":{"rendered":"<p>A great weekend with Tarn Tourisme Chateau life and bicycle escapades For a relaxing weekend away, we recommend our spacious, fully-equipped rooms with their refined decor. You&#8217;ll enjoy the calm and comfort of castle life, with no compromise between luxury, the great outdoors and wide-open spaces. All rooms offer a panoramic view of a 10-hectare [&hellip;]<\/p>\n","protected":false},"author":6,"featured_media":11223,"parent":0,"menu_order":0,"comment_status":"closed","ping_status":"closed","template":"","meta":{"_acf_changed":false,"inline_featured_image":false,"footnotes":""},"class_list":["post-14531","page","type-page","status-publish","has-post-thumbnail","hentry"],"acf":[],"_links":{"self":[{"href":"https:\/\/www.domainedubuc.com\/en\/wp-json\/wp\/v2\/pages\/14531","targetHints":{"allow":["GET"]}}],"collection":[{"href":"https:\/\/www.domainedubuc.com\/en\/wp-json\/wp\/v2\/pages"}],"about":[{"href":"https:\/\/www.domainedubuc.com\/en\/wp-json\/wp\/v2\/types\/page"}],"author":[{"embeddable":true,"href":"https:\/\/www.domainedubuc.com\/en\/wp-json\/wp\/v2\/users\/6"}],"replies":[{"embeddable":true,"href":"https:\/\/www.domainedubuc.com\/en\/wp-json\/wp\/v2\/comments?post=14531"}],"version-history":[{"count":3,"href":"https:\/\/www.domainedubuc.com\/en\/wp-json\/wp\/v2\/pages\/14531\/revisions"}],"predecessor-version":[{"id":14534,"href":"https:\/\/www.domainedubuc.com\/en\/wp-json\/wp\/v2\/pages\/14531\/revisions\/14534"}],"wp:featuredmedia":[{"embeddable":true,"href":"https:\/\/www.domainedubuc.com\/en\/wp-json\/wp\/v2\/media\/11223"}],"wp:attachment":[{"href":"https:\/\/www.domainedubuc.com\/en\/wp-json\/wp\/v2\/media?parent=14531"}],"curies":[{"name":"wp","href":"https:\/\/api.w.org\/{rel}","templated":true}]}}