{"id":14535,"date":"2026-03-20T08:54:18","date_gmt":"2026-03-20T07:54:18","guid":{"rendered":"https:\/\/www.domainedubuc.com\/canoeing-golf-hiking\/"},"modified":"2026-03-24T14:38:13","modified_gmt":"2026-03-24T13:38:13","slug":"canoeing-golf-hiking","status":"publish","type":"page","link":"https:\/\/www.domainedubuc.com\/en\/canoeing-golf-hiking\/","title":{"rendered":"Canoeing, Golf &amp; Hiking"},"content":{"rendered":"\t\t<div data-elementor-type=\"wp-page\" data-elementor-id=\"14535\" class=\"elementor elementor-14535 elementor-14223\" data-elementor-post-type=\"page\">\n\t\t\t\t<div class=\"elementor-element elementor-element-8377e24 e-flex e-con-boxed e-con e-parent\" data-id=\"8377e24\" data-element_type=\"container\" data-e-type=\"container\">\n\t\t\t\t\t<div class=\"e-con-inner\">\n\t\t\t\t<div class=\"elementor-element elementor-element-a63f9e1 elementor-widget elementor-widget-heading\" data-id=\"a63f9e1\" data-element_type=\"widget\" data-e-type=\"widget\" data-widget_type=\"heading.default\">\n\t\t\t\t<div class=\"elementor-widget-container\">\n\t\t\t\t\t<h2 class=\"elementor-heading-title elementor-size-default\">18-hole golf course<\/h2>\t\t\t\t<\/div>\n\t\t\t\t<\/div>\n\t\t\t\t\t<\/div>\n\t\t\t\t<\/div>\n\t\t<div class=\"elementor-element elementor-element-fc32297 e-flex e-con-boxed e-con e-parent\" data-id=\"fc32297\" data-element_type=\"container\" data-e-type=\"container\">\n\t\t\t\t\t<div class=\"e-con-inner\">\n\t\t<div class=\"elementor-element elementor-element-2f356e5 e-con-full e-flex e-con e-child\" data-id=\"2f356e5\" data-element_type=\"container\" data-e-type=\"container\">\n\t\t\t\t<div class=\"elementor-element elementor-element-a3d8d13 elementor-widget elementor-widget-text-editor\" data-id=\"a3d8d13\" data-element_type=\"widget\" data-e-type=\"widget\" data-widget_type=\"text-editor.default\">\n\t\t\t\t<div class=\"elementor-widget-container\">\n\t\t\t\t\t\t\t\t\t<p><strong>Golf de Lasborde, Albi (7 km)<\/strong>, 18 holes, on-site catering. The Albi-Lasbordes golf course has been ranked by Golf Europ\u00e9en as one of France&#8217;s top 21 golf courses, and number one in the Midi-pyr\u00e9n\u00e9es region. <br \/>Reception and reservations: 05 63 54 98 07 Website: <a href=\"https:\/\/jouer.golf\/golf\/ugolf-albi\/\" target=\"_blank\" rel=\"noopener\">www.golfalbi.com<\/a> <\/p><p>This golf course is located 10 minutes from the Domaine du Buc, perfect for a &#8220;golf and chateau life&#8221; break!  <\/p><p><a href=\"https:\/\/www.domainedubuc.com\/en\/bed-breakfast\/\">Book your stay!<\/a><\/p>\t\t\t\t\t\t\t\t<\/div>\n\t\t\t\t<\/div>\n\t\t\t\t<\/div>\n\t\t<div class=\"elementor-element elementor-element-3c066b2 e-con-full e-flex e-con e-child\" data-id=\"3c066b2\" data-element_type=\"container\" data-e-type=\"container\">\n\t\t\t\t<div class=\"elementor-element elementor-element-b9501e0 elementor-widget elementor-widget-image\" data-id=\"b9501e0\" data-element_type=\"widget\" data-e-type=\"widget\" data-widget_type=\"image.default\">\n\t\t\t\t<div class=\"elementor-widget-container\">\n\t\t\t\t\t\t\t\t\t\t\t\t\t\t\t<img fetchpriority=\"high\" decoding=\"async\" width=\"800\" height=\"531\" src=\"https:\/\/www.domainedubuc.com\/wp-content\/uploads\/2016\/03\/Sport-H-1-1024x680.jpg\" class=\"attachment-large size-large wp-image-14468\" alt=\"Golf\" srcset=\"https:\/\/www.domainedubuc.com\/wp-content\/uploads\/2016\/03\/Sport-H-1-1024x680.jpg 1024w, https:\/\/www.domainedubuc.com\/wp-content\/uploads\/2016\/03\/Sport-H-1-300x199.jpg 300w, https:\/\/www.domainedubuc.com\/wp-content\/uploads\/2016\/03\/Sport-H-1-319x213.jpg 319w, https:\/\/www.domainedubuc.com\/wp-content\/uploads\/2016\/03\/Sport-H-1.jpg 1280w\" sizes=\"(max-width: 800px) 100vw, 800px\" \/>\t\t\t\t\t\t\t\t\t\t\t\t\t\t\t<\/div>\n\t\t\t\t<\/div>\n\t\t\t\t<\/div>\n\t\t\t\t\t<\/div>\n\t\t\t\t<\/div>\n\t\t<div class=\"elementor-element elementor-element-b8251e7 e-flex e-con-boxed e-con e-parent\" data-id=\"b8251e7\" data-element_type=\"container\" data-e-type=\"container\">\n\t\t\t\t\t<div class=\"e-con-inner\">\n\t\t\t\t<div class=\"elementor-element elementor-element-e1b4d08 elementor-widget elementor-widget-heading\" data-id=\"e1b4d08\" data-element_type=\"widget\" data-e-type=\"widget\" data-widget_type=\"heading.default\">\n\t\t\t\t<div class=\"elementor-widget-container\">\n\t\t\t\t\t<h2 class=\"elementor-heading-title elementor-size-default\">Canoeing in the Tarn valley (30 mins away)<\/h2>\t\t\t\t<\/div>\n\t\t\t\t<\/div>\n\t\t\t\t\t<\/div>\n\t\t\t\t<\/div>\n\t\t<div class=\"elementor-element elementor-element-55becd1 e-flex e-con-boxed e-con e-parent\" data-id=\"55becd1\" data-element_type=\"container\" data-e-type=\"container\">\n\t\t\t\t\t<div class=\"e-con-inner\">\n\t\t<div class=\"elementor-element elementor-element-9ff58c6 e-con-full e-flex e-con e-child\" data-id=\"9ff58c6\" data-element_type=\"container\" data-e-type=\"container\">\n\t\t\t\t<div class=\"elementor-element elementor-element-aa84f84 elementor-widget elementor-widget-image\" data-id=\"aa84f84\" data-element_type=\"widget\" data-e-type=\"widget\" data-widget_type=\"image.default\">\n\t\t\t\t<div class=\"elementor-widget-container\">\n\t\t\t\t\t\t\t\t\t\t\t\t\t\t\t<img decoding=\"async\" width=\"800\" height=\"400\" src=\"https:\/\/www.domainedubuc.com\/wp-content\/uploads\/2013\/02\/canoe-tourisme-Tarn.jpg\" class=\"attachment-large size-large wp-image-920\" alt=\"activit\u00e9s plein air , balade kayak sur le Tarn , Domaine du Buc\" srcset=\"https:\/\/www.domainedubuc.com\/wp-content\/uploads\/2013\/02\/canoe-tourisme-Tarn.jpg 800w, https:\/\/www.domainedubuc.com\/wp-content\/uploads\/2013\/02\/canoe-tourisme-Tarn-300x150.jpg 300w, https:\/\/www.domainedubuc.com\/wp-content\/uploads\/2013\/02\/canoe-tourisme-Tarn-768x384.jpg 768w\" sizes=\"(max-width: 800px) 100vw, 800px\" \/>\t\t\t\t\t\t\t\t\t\t\t\t\t\t\t<\/div>\n\t\t\t\t<\/div>\n\t\t\t\t<\/div>\n\t\t<div class=\"elementor-element elementor-element-fae1ab1 e-con-full e-flex e-con e-child\" data-id=\"fae1ab1\" data-element_type=\"container\" data-e-type=\"container\">\n\t\t\t\t<div class=\"elementor-element elementor-element-2fd67e3 elementor-widget elementor-widget-text-editor\" data-id=\"2fd67e3\" data-element_type=\"widget\" data-e-type=\"widget\" data-widget_type=\"text-editor.default\">\n\t\t\t\t<div class=\"elementor-widget-container\">\n\t\t\t\t\t\t\t\t\t<p><strong>The course of the Tarn is so peaceful<\/strong> that it&#8217;s ideal for canoeing with the family or in small groups. Here, the river meanders and meanders along its wooded banks. The highlight is <strong>the meander around the village of Ambialet, which has<\/strong> magically become a peninsula in the Tarn region.<br \/>Canoe and Kayak rental at LO CAPIAL: 05 63 55 36 98 website :  <br \/><strong><a href=\"http:\/\/cdck81.com\/\" target=\"_blank\" rel=\"noreferrer noopener\">http:\/\/cdck81.com\/<\/a><\/strong><\/p>\t\t\t\t\t\t\t\t<\/div>\n\t\t\t\t<\/div>\n\t\t\t\t<\/div>\n\t\t\t\t\t<\/div>\n\t\t\t\t<\/div>\n\t\t<div class=\"elementor-element elementor-element-3d1f43c e-flex e-con-boxed e-con e-parent\" data-id=\"3d1f43c\" data-element_type=\"container\" data-e-type=\"container\">\n\t\t\t\t\t<div class=\"e-con-inner\">\n\t\t\t\t<div class=\"elementor-element elementor-element-0f2fbcf elementor-widget elementor-widget-heading\" data-id=\"0f2fbcf\" data-element_type=\"widget\" data-e-type=\"widget\" data-widget_type=\"heading.default\">\n\t\t\t\t<div class=\"elementor-widget-container\">\n\t\t\t\t\t<h2 class=\"elementor-heading-title elementor-size-default\">Gabarre ride in Albi<\/h2>\t\t\t\t<\/div>\n\t\t\t\t<\/div>\n\t\t\t\t\t<\/div>\n\t\t\t\t<\/div>\n\t\t<div class=\"elementor-element elementor-element-7777825 e-flex e-con-boxed e-con e-parent\" data-id=\"7777825\" data-element_type=\"container\" data-e-type=\"container\">\n\t\t\t\t\t<div class=\"e-con-inner\">\n\t\t<div class=\"elementor-element elementor-element-7753c28 e-con-full e-flex e-con e-child\" data-id=\"7753c28\" data-element_type=\"container\" data-e-type=\"container\">\n\t\t\t\t<div class=\"elementor-element elementor-element-374ccf7 elementor-widget elementor-widget-text-editor\" data-id=\"374ccf7\" data-element_type=\"widget\" data-e-type=\"widget\" data-widget_type=\"text-editor.default\">\n\t\t\t\t<div class=\"elementor-widget-container\">\n\t\t\t\t\t\t\t\t\t<p><strong>Flat-bottomed boat trip (gabarre) on the Tarn<\/strong> from mid-June to mid-September.<br \/>Discover a river that&#8217;s still wild, the life on its banks, <strong>its flora and fauna<\/strong>, a natural atmosphere.<br \/>Departure from Aiguel\u00e8ze (5mn from Domaine du Buc) at 10 a.m.<br \/>Arrival at the foot of Albi Cathedral at 11.45 a.m.<br \/>Bus shuttles for the return trip (Min pers to be confirmed)<br \/><strong>Albi croisi\u00e8res<\/strong>: Tel : 05 63 43 59 63<br \/>Website : <a href=\"https:\/\/www.albi-croisieres.com\/\" target=\"_blank\" rel=\"noopener\">Albi Croisieres<\/a><\/p>\t\t\t\t\t\t\t\t<\/div>\n\t\t\t\t<\/div>\n\t\t\t\t<\/div>\n\t\t<div class=\"elementor-element elementor-element-b83df7d e-con-full e-flex e-con e-child\" data-id=\"b83df7d\" data-element_type=\"container\" data-e-type=\"container\">\n\t\t\t\t<div class=\"elementor-element elementor-element-7f89043 elementor-widget elementor-widget-image\" data-id=\"7f89043\" data-element_type=\"widget\" data-e-type=\"widget\" data-widget_type=\"image.default\">\n\t\t\t\t<div class=\"elementor-widget-container\">\n\t\t\t\t\t\t\t\t\t\t\t\t\t\t\t<img decoding=\"async\" width=\"587\" height=\"479\" src=\"https:\/\/www.domainedubuc.com\/wp-content\/uploads\/2016\/03\/Sport-1.jpg\" class=\"attachment-large size-large wp-image-5027\" alt=\"\" srcset=\"https:\/\/www.domainedubuc.com\/wp-content\/uploads\/2016\/03\/Sport-1.jpg 587w, https:\/\/www.domainedubuc.com\/wp-content\/uploads\/2016\/03\/Sport-1-300x245.jpg 300w\" sizes=\"(max-width: 587px) 100vw, 587px\" \/>\t\t\t\t\t\t\t\t\t\t\t\t\t\t\t<\/div>\n\t\t\t\t<\/div>\n\t\t\t\t<\/div>\n\t\t\t\t\t<\/div>\n\t\t\t\t<\/div>\n\t\t<div class=\"elementor-element elementor-element-ffb6bf5 e-flex e-con-boxed e-con e-parent\" data-id=\"ffb6bf5\" data-element_type=\"container\" data-e-type=\"container\">\n\t\t\t\t\t<div class=\"e-con-inner\">\n\t\t<div class=\"elementor-element elementor-element-c526740 e-con-full e-flex e-con e-child\" data-id=\"c526740\" data-element_type=\"container\" data-e-type=\"container\">\n\t\t\t\t<div class=\"elementor-element elementor-element-2a02e0d elementor-widget elementor-widget-image\" data-id=\"2a02e0d\" data-element_type=\"widget\" data-e-type=\"widget\" data-widget_type=\"image.default\">\n\t\t\t\t<div class=\"elementor-widget-container\">\n\t\t\t\t\t\t\t\t\t\t\t\t\t\t\t<img loading=\"lazy\" decoding=\"async\" width=\"500\" height=\"300\" src=\"https:\/\/www.domainedubuc.com\/wp-content\/uploads\/2013\/02\/MontsLacauneR.jpg\" class=\"attachment-large size-large wp-image-1779\" alt=\"les Monts de Lacaune , randonn\u00e9es dans le Tarn\" srcset=\"https:\/\/www.domainedubuc.com\/wp-content\/uploads\/2013\/02\/MontsLacauneR.jpg 500w, https:\/\/www.domainedubuc.com\/wp-content\/uploads\/2013\/02\/MontsLacauneR-300x180.jpg 300w, https:\/\/www.domainedubuc.com\/wp-content\/uploads\/2013\/02\/MontsLacauneR-200x120.jpg 200w\" sizes=\"(max-width: 500px) 100vw, 500px\" \/>\t\t\t\t\t\t\t\t\t\t\t\t\t\t\t<\/div>\n\t\t\t\t<\/div>\n\t\t\t\t<\/div>\n\t\t<div class=\"elementor-element elementor-element-23cd153 e-con-full e-flex e-con e-child\" data-id=\"23cd153\" data-element_type=\"container\" data-e-type=\"container\">\n\t\t\t\t<div class=\"elementor-element elementor-element-b962033 elementor-widget elementor-widget-text-editor\" data-id=\"b962033\" data-element_type=\"widget\" data-e-type=\"widget\" data-widget_type=\"text-editor.default\">\n\t\t\t\t<div class=\"elementor-widget-container\">\n\t\t\t\t\t\t\t\t\t<h3 class=\"wp-block-heading\">Tennis<\/h3>\n<p><\/p>\n<p>In Marssac sur Tarn 2 tennis courts (hard court 5mn away) available on reservation.<\/p>\n<p><\/p>\n<h3 class=\"wp-block-heading\">Hiking<\/h3>\n<p><\/p>\n<p>All the Tarn<strong> hiking trails<\/strong> are available on the website: <a href=\"http:\/\/www.randonnee-tarn.com\/\" target=\"_blank\" rel=\"noreferrer noopener\">www.randonnee-tarn.com<\/a><\/p>\t\t\t\t\t\t\t\t<\/div>\n\t\t\t\t<\/div>\n\t\t\t\t<\/div>\n\t\t\t\t\t<\/div>\n\t\t\t\t<\/div>\n\t\t<div class=\"elementor-element elementor-element-18ec770 e-flex e-con-boxed e-con e-parent\" data-id=\"18ec770\" data-element_type=\"container\" data-e-type=\"container\">\n\t\t\t\t\t<div class=\"e-con-inner\">\n\t\t\t\t<div class=\"elementor-element elementor-element-901b978 elementor-widget elementor-widget-heading\" data-id=\"901b978\" data-element_type=\"widget\" data-e-type=\"widget\" data-widget_type=\"heading.default\">\n\t\t\t\t<div class=\"elementor-widget-container\">\n\t\t\t\t\t<h2 class=\"elementor-heading-title elementor-size-default\">Hot-air balloon flight<\/h2>\t\t\t\t<\/div>\n\t\t\t\t<\/div>\n\t\t\t\t\t<\/div>\n\t\t\t\t<\/div>\n\t\t<div class=\"elementor-element elementor-element-7a11f88 e-flex e-con-boxed e-con e-parent\" data-id=\"7a11f88\" data-element_type=\"container\" data-e-type=\"container\">\n\t\t\t\t\t<div class=\"e-con-inner\">\n\t\t<div class=\"elementor-element elementor-element-9ae5aaa e-con-full e-flex e-con e-child\" data-id=\"9ae5aaa\" data-element_type=\"container\" data-e-type=\"container\">\n\t\t\t\t<div class=\"elementor-element elementor-element-29e4572 elementor-widget elementor-widget-text-editor\" data-id=\"29e4572\" data-element_type=\"widget\" data-e-type=\"widget\" data-widget_type=\"text-editor.default\">\n\t\t\t\t<div class=\"elementor-widget-container\">\n\t\t\t\t\t\t\t\t\t<p> <\/p><p>For over <strong>15 years<\/strong>, <strong>Atmosph&#8217;Air <\/strong>has been offering hot-air balloon flights in the<strong> Tarn <\/strong>and<strong> Aveyron<\/strong> regions near Toulouse, Carcassonne and Montpellier. Take off from <span class=\"hover:entity-accent entity-underline inline cursor-pointer align-baseline\">Albi<\/span>, <span class=\"hover:entity-accent entity-underline inline cursor-pointer align-baseline\">Cordes-sur-Ciel<\/span>, <span class=\"hover:entity-accent entity-underline inline cursor-pointer align-baseline\">Gaillac<\/span>, <span class=\"hover:entity-accent entity-underline inline cursor-pointer align-baseline\">Lautrec<\/span>, <span class=\"hover:entity-accent entity-underline inline cursor-pointer align-baseline\">Lavaur<\/span>, and discover the <span class=\"hover:entity-accent entity-underline inline cursor-pointer align-baseline\">Viaduc du Viaur <\/span><span class=\"hover:entity-accent entity-underline inline cursor-pointer align-baseline\">or<\/span> <span class=\"hover:entity-accent entity-underline inline cursor-pointer align-baseline\">Lac de Pareloup<\/span>. <\/p><p><br \/>More than <strong>18,000 passengers<\/strong> have already placed their trust in us for their<strong> first flight<\/strong>. Give the gift of <strong>an unforgettable experience<\/strong>: order online and receive your flight tickets or <strong>gift vouchers <\/strong>immediately by e-mail or post. <\/p><p>To book your flight :<\/p><p><a href=\"https:\/\/www.atmosphair-montgolfieres.fr\/\" target=\"_blank\" rel=\"noopener\">www.atmosphair-montgolfieres.fr\/<\/a><\/p>\t\t\t\t\t\t\t\t<\/div>\n\t\t\t\t<\/div>\n\t\t\t\t<\/div>\n\t\t<div class=\"elementor-element elementor-element-1002ee2 e-con-full e-flex e-con e-child\" data-id=\"1002ee2\" data-element_type=\"container\" data-e-type=\"container\">\n\t\t\t\t<div class=\"elementor-element elementor-element-02fae2e elementor-widget elementor-widget-image\" data-id=\"02fae2e\" data-element_type=\"widget\" data-e-type=\"widget\" data-widget_type=\"image.default\">\n\t\t\t\t<div class=\"elementor-widget-container\">\n\t\t\t\t\t\t\t\t\t\t\t\t\t\t\t<img loading=\"lazy\" decoding=\"async\" width=\"800\" height=\"531\" src=\"https:\/\/www.domainedubuc.com\/wp-content\/uploads\/2016\/03\/Insolite-H-1024x680.jpg\" class=\"attachment-large size-large wp-image-5006\" alt=\"vol en montgolfiere Albi\" srcset=\"https:\/\/www.domainedubuc.com\/wp-content\/uploads\/2016\/03\/Insolite-H-1024x680.jpg 1024w, https:\/\/www.domainedubuc.com\/wp-content\/uploads\/2016\/03\/Insolite-H-300x199.jpg 300w, https:\/\/www.domainedubuc.com\/wp-content\/uploads\/2016\/03\/Insolite-H-319x213.jpg 319w, https:\/\/www.domainedubuc.com\/wp-content\/uploads\/2016\/03\/Insolite-H.jpg 1280w\" sizes=\"(max-width: 800px) 100vw, 800px\" \/>\t\t\t\t\t\t\t\t\t\t\t\t\t\t\t<\/div>\n\t\t\t\t<\/div>\n\t\t\t\t<\/div>\n\t\t\t\t\t<\/div>\n\t\t\t\t<\/div>\n\t\t\t\t<\/div>\n\t\t","protected":false},"excerpt":{"rendered":"<p>18-hole golf course Golf de Lasborde, Albi (7 km), 18 holes, on-site catering. The Albi-Lasbordes golf course has been ranked by Golf Europ\u00e9en as one of France&#8217;s top 21 golf courses, and number one in the Midi-pyr\u00e9n\u00e9es region. Reception and reservations: 05 63 54 98 07 Website: www.golfalbi.com This golf course is located 10 minutes [&hellip;]<\/p>\n","protected":false},"author":6,"featured_media":14536,"parent":0,"menu_order":0,"comment_status":"closed","ping_status":"closed","template":"","meta":{"_acf_changed":false,"inline_featured_image":false,"footnotes":""},"class_list":["post-14535","page","type-page","status-publish","has-post-thumbnail","hentry"],"acf":[],"_links":{"self":[{"href":"https:\/\/www.domainedubuc.com\/en\/wp-json\/wp\/v2\/pages\/14535","targetHints":{"allow":["GET"]}}],"collection":[{"href":"https:\/\/www.domainedubuc.com\/en\/wp-json\/wp\/v2\/pages"}],"about":[{"href":"https:\/\/www.domainedubuc.com\/en\/wp-json\/wp\/v2\/types\/page"}],"author":[{"embeddable":true,"href":"https:\/\/www.domainedubuc.com\/en\/wp-json\/wp\/v2\/users\/6"}],"replies":[{"embeddable":true,"href":"https:\/\/www.domainedubuc.com\/en\/wp-json\/wp\/v2\/comments?post=14535"}],"version-history":[{"count":3,"href":"https:\/\/www.domainedubuc.com\/en\/wp-json\/wp\/v2\/pages\/14535\/revisions"}],"predecessor-version":[{"id":14817,"href":"https:\/\/www.domainedubuc.com\/en\/wp-json\/wp\/v2\/pages\/14535\/revisions\/14817"}],"wp:featuredmedia":[{"embeddable":true,"href":"https:\/\/www.domainedubuc.com\/en\/wp-json\/wp\/v2\/media\/14536"}],"wp:attachment":[{"href":"https:\/\/www.domainedubuc.com\/en\/wp-json\/wp\/v2\/media?parent=14535"}],"curies":[{"name":"wp","href":"https:\/\/api.w.org\/{rel}","templated":true}]}}