{"id":14568,"date":"2026-03-20T08:54:43","date_gmt":"2026-03-20T07:54:43","guid":{"rendered":"https:\/\/www.domainedubuc.com\/cordes-and-the-bastides\/"},"modified":"2026-03-20T08:54:45","modified_gmt":"2026-03-20T07:54:45","slug":"cordes-and-the-bastides","status":"publish","type":"page","link":"https:\/\/www.domainedubuc.com\/en\/cordes-and-the-bastides\/","title":{"rendered":"Cordes and the Bastides"},"content":{"rendered":"\t\t<div data-elementor-type=\"wp-page\" data-elementor-id=\"14568\" class=\"elementor elementor-14568 elementor-12853\" data-elementor-post-type=\"page\">\n\t\t\t\t<div class=\"elementor-element elementor-element-20b062d e-flex e-con-boxed e-con e-parent\" data-id=\"20b062d\" data-element_type=\"container\" data-e-type=\"container\">\n\t\t\t\t\t<div class=\"e-con-inner\">\n\t\t\t\t<div class=\"elementor-element elementor-element-95aca1d elementor-widget elementor-widget-heading\" data-id=\"95aca1d\" data-element_type=\"widget\" data-e-type=\"widget\" data-widget_type=\"heading.default\">\n\t\t\t\t<div class=\"elementor-widget-container\">\n\t\t\t\t\t<h2 class=\"elementor-heading-title elementor-size-default\">Cordes-sur-ciel, one of France's most beautiful villages<\/h2>\t\t\t\t<\/div>\n\t\t\t\t<\/div>\n\t\t\t\t\t<\/div>\n\t\t\t\t<\/div>\n\t\t<div class=\"elementor-element elementor-element-62b3ea6 e-flex e-con-boxed e-con e-parent\" data-id=\"62b3ea6\" data-element_type=\"container\" data-e-type=\"container\">\n\t\t\t\t\t<div class=\"e-con-inner\">\n\t\t<div class=\"elementor-element elementor-element-b944462 e-con-full e-flex e-con e-child\" data-id=\"b944462\" data-element_type=\"container\" data-e-type=\"container\">\n\t\t\t\t<div class=\"elementor-element elementor-element-1bb84a3 elementor-widget elementor-widget-text-editor\" data-id=\"1bb84a3\" data-element_type=\"widget\" data-e-type=\"widget\" data-widget_type=\"text-editor.default\">\n\t\t\t\t<div class=\"elementor-widget-container\">\n\t\t\t\t\t\t\t\t\t<p>Cordes sur Ciel is one of France&#8217;s most significant medieval towns, and one of Europe&#8217;s heritage hotspots.<br \/>It was founded in 1222 by the Count of Toulouse. It is a veritable history book, where the memory of men has remained alive. <\/p>\n<p><\/p>\n<p><em>&#8220;We travel for years without really knowing what we&#8217;re looking for, we wander in the noise, entangled in desires or repentances, and we suddenly arrive in one of those two or three places that await each of us in this world. The traveler who, from the terrace of Cordes, looks out over the summer night, knows that he need go no further, and that, if he wishes, the beauty here, day after day, will remove him from all solitude.&#8221;<strong>(Albert Camus<\/strong>)<\/em><\/p>\n<p><\/p>\n<p>Stroll through the streets, cross the thresholds, and travel through the centuries!<br \/>Cordes Tourist Office: 05 63 56 00 52 <a href=\"http:\/\/www.cordessurciel.fr\/\" target=\"_blank\" rel=\"noopener\">www.cordessurciel.fr <\/a> <\/p>\t\t\t\t\t\t\t\t<\/div>\n\t\t\t\t<\/div>\n\t\t\t\t<\/div>\n\t\t<div class=\"elementor-element elementor-element-7fcb62c e-con-full e-flex e-con e-child\" data-id=\"7fcb62c\" data-element_type=\"container\" data-e-type=\"container\">\n\t\t\t\t<div class=\"elementor-element elementor-element-c6a5e89 elementor-widget elementor-widget-image\" data-id=\"c6a5e89\" data-element_type=\"widget\" data-e-type=\"widget\" data-widget_type=\"image.default\">\n\t\t\t\t<div class=\"elementor-widget-container\">\n\t\t\t\t\t\t\t\t\t\t\t\t\t\t\t<img fetchpriority=\"high\" decoding=\"async\" width=\"505\" height=\"337\" src=\"https:\/\/www.domainedubuc.com\/wp-content\/uploads\/2016\/02\/Bastide6.jpg\" class=\"attachment-large size-large wp-image-4944\" alt=\"ruelle Cordes sur Ciel, Bastide Albigeoise\" srcset=\"https:\/\/www.domainedubuc.com\/wp-content\/uploads\/2016\/02\/Bastide6.jpg 505w, https:\/\/www.domainedubuc.com\/wp-content\/uploads\/2016\/02\/Bastide6-300x200.jpg 300w, https:\/\/www.domainedubuc.com\/wp-content\/uploads\/2016\/02\/Bastide6-319x213.jpg 319w\" sizes=\"(max-width: 505px) 100vw, 505px\" \/>\t\t\t\t\t\t\t\t\t\t\t\t\t\t\t<\/div>\n\t\t\t\t<\/div>\n\t\t\t\t<\/div>\n\t\t\t\t\t<\/div>\n\t\t\t\t<\/div>\n\t\t<div class=\"elementor-element elementor-element-0a2eb51 e-flex e-con-boxed e-con e-parent\" data-id=\"0a2eb51\" data-element_type=\"container\" data-e-type=\"container\">\n\t\t\t\t\t<div class=\"e-con-inner\">\n\t\t\t\t<div class=\"elementor-element elementor-element-716a816 elementor-widget elementor-widget-heading\" data-id=\"716a816\" data-element_type=\"widget\" data-e-type=\"widget\" data-widget_type=\"heading.default\">\n\t\t\t\t<div class=\"elementor-widget-container\">\n\t\t\t\t\t<h2 class=\"elementor-heading-title elementor-size-default\">In the land of the Bastides,<\/h2>\t\t\t\t<\/div>\n\t\t\t\t<\/div>\n\t\t\t\t\t<\/div>\n\t\t\t\t<\/div>\n\t\t<div class=\"elementor-element elementor-element-7d96a30 e-flex e-con-boxed e-con e-parent\" data-id=\"7d96a30\" data-element_type=\"container\" data-e-type=\"container\">\n\t\t\t\t\t<div class=\"e-con-inner\">\n\t\t<div class=\"elementor-element elementor-element-ed7454d e-con-full e-flex e-con e-child\" data-id=\"ed7454d\" data-element_type=\"container\" data-e-type=\"container\">\n\t\t\t\t<div class=\"elementor-element elementor-element-e4ff75c elementor-widget elementor-widget-image\" data-id=\"e4ff75c\" data-element_type=\"widget\" data-e-type=\"widget\" data-widget_type=\"image.default\">\n\t\t\t\t<div class=\"elementor-widget-container\">\n\t\t\t\t\t\t\t\t\t\t\t\t\t\t\t<img decoding=\"async\" width=\"587\" height=\"479\" src=\"https:\/\/www.domainedubuc.com\/wp-content\/uploads\/2016\/02\/Bastide1.jpg\" class=\"attachment-large size-large wp-image-4939\" alt=\"Puycelsi, Bastide albigeoise\" srcset=\"https:\/\/www.domainedubuc.com\/wp-content\/uploads\/2016\/02\/Bastide1.jpg 587w, https:\/\/www.domainedubuc.com\/wp-content\/uploads\/2016\/02\/Bastide1-300x245.jpg 300w\" sizes=\"(max-width: 587px) 100vw, 587px\" \/>\t\t\t\t\t\t\t\t\t\t\t\t\t\t\t<\/div>\n\t\t\t\t<\/div>\n\t\t\t\t<\/div>\n\t\t<div class=\"elementor-element elementor-element-96ce6a5 e-con-full e-flex e-con e-child\" data-id=\"96ce6a5\" data-element_type=\"container\" data-e-type=\"container\">\n\t\t\t\t<div class=\"elementor-element elementor-element-e7d71b8 elementor-widget elementor-widget-text-editor\" data-id=\"e7d71b8\" data-element_type=\"widget\" data-e-type=\"widget\" data-widget_type=\"text-editor.default\">\n\t\t\t\t<div class=\"elementor-widget-container\">\n\t\t\t\t\t\t\t\t\t<p>Cordes, R\u00e9almont, <strong>Castelnau de Montmiral, Puycelsi, Lisle-sur-Tarn<\/strong>, offer limitless walks. Villages of light and shadow, discover some of the Most Beautiful Villages in France. <\/p>\n<p><\/p>\n<p><strong>Castelnau du Montmiral<\/strong>: Founded in 1222, this bastide town features a collection of old houses and narrow streets around a central square.<\/p>\n<p><\/p>\n<p><strong>Puycelsi:<\/strong> is a medieval village built on a huge rock overlooking the V\u00e8re river. The ramparts are flanked by 2 towers and pierced by 2 fortified gates. It&#8217;s a pleasant place to stroll and contemplate the beautiful views over the valley.  <\/p>\n<p><\/p>\n<p><strong>Penne:<\/strong> Around the remains of the castle, a veritable eagle&#8217;s nest perched on a rocky spur overlooking the Aveyron valley, the village has preserved its medieval appearance. With its distinctive silhouette, this is one of the most romantic villages in the Tarn. <\/p>\n<p><\/p>\n<p><strong>Bruniquel<\/strong>: A thriving former trading town, where saffron was one of the main products traded. See the castle and the magnificent 12th-century keep. Bruniquel was the setting for the film &#8220;Le vieux Fusil&#8221;, starring Romy Schneider and Philippe Noiret.  <\/p>\n<p><\/p>\n<p> <\/p>\t\t\t\t\t\t\t\t<\/div>\n\t\t\t\t<\/div>\n\t\t\t\t<\/div>\n\t\t\t\t\t<\/div>\n\t\t\t\t<\/div>\n\t\t<div class=\"elementor-element elementor-element-02e9249 e-flex e-con-boxed e-con e-parent\" data-id=\"02e9249\" data-element_type=\"container\" data-e-type=\"container\">\n\t\t\t\t\t<div class=\"e-con-inner\">\n\t\t<div class=\"elementor-element elementor-element-1ff235f e-con-full e-flex e-con e-child\" data-id=\"1ff235f\" data-element_type=\"container\" data-e-type=\"container\">\n\t\t\t\t<div class=\"elementor-element elementor-element-139edd3 elementor-widget elementor-widget-image\" data-id=\"139edd3\" data-element_type=\"widget\" data-e-type=\"widget\" data-widget_type=\"image.default\">\n\t\t\t\t<div class=\"elementor-widget-container\">\n\t\t\t\t\t\t\t\t\t\t\t\t\t\t\t<img decoding=\"async\" width=\"800\" height=\"374\" src=\"https:\/\/www.domainedubuc.com\/wp-content\/uploads\/2016\/02\/Cordes-H-1024x479.jpg\" class=\"attachment-large size-large wp-image-14569\" alt=\"cordes sur ciel, olus beau village de France\" srcset=\"https:\/\/www.domainedubuc.com\/wp-content\/uploads\/2016\/02\/Cordes-H-1024x479.jpg 1024w, https:\/\/www.domainedubuc.com\/wp-content\/uploads\/2016\/02\/Cordes-H-300x140.jpg 300w, https:\/\/www.domainedubuc.com\/wp-content\/uploads\/2016\/02\/Cordes-H.jpg 1280w\" sizes=\"(max-width: 800px) 100vw, 800px\" \/>\t\t\t\t\t\t\t\t\t\t\t\t\t\t\t<\/div>\n\t\t\t\t<\/div>\n\t\t\t\t<\/div>\n\t\t<div class=\"elementor-element elementor-element-442dc33 e-con-full e-flex e-con e-child\" data-id=\"442dc33\" data-element_type=\"container\" data-e-type=\"container\">\n\t\t\t\t<div class=\"elementor-element elementor-element-5b03f3a elementor-widget elementor-widget-image\" data-id=\"5b03f3a\" data-element_type=\"widget\" data-e-type=\"widget\" data-widget_type=\"image.default\">\n\t\t\t\t<div class=\"elementor-widget-container\">\n\t\t\t\t\t\t\t\t\t\t\t\t\t\t\t<img loading=\"lazy\" decoding=\"async\" width=\"692\" height=\"470\" src=\"https:\/\/www.domainedubuc.com\/wp-content\/uploads\/2016\/02\/Bastide2.jpg\" class=\"attachment-large size-large wp-image-4940\" alt=\"Castelnau de Montmiral, Bastide albigeoise\" srcset=\"https:\/\/www.domainedubuc.com\/wp-content\/uploads\/2016\/02\/Bastide2.jpg 692w, https:\/\/www.domainedubuc.com\/wp-content\/uploads\/2016\/02\/Bastide2-300x204.jpg 300w\" sizes=\"(max-width: 692px) 100vw, 692px\" \/>\t\t\t\t\t\t\t\t\t\t\t\t\t\t\t<\/div>\n\t\t\t\t<\/div>\n\t\t\t\t<\/div>\n\t\t\t\t\t<\/div>\n\t\t\t\t<\/div>\n\t\t\t\t<\/div>\n\t\t","protected":false},"excerpt":{"rendered":"<p>Cordes-sur-ciel , un des plus beaux village de France Cordes sur Ciel est l&#8217;une\u00a0des villes m\u00e9di\u00e9vales les plus significatives de France et un des hauts lieux du patrimoine europ\u00e9en.Elle est cr\u00e9e en 1222 par le compte de Toulouse. C&#8217;est un v\u00e9ritable livre d&#8217;histoire o\u00f9 la m\u00e9moire des hommes est rest\u00e9e vivante . \u00ab On voyage [&hellip;]<\/p>\n","protected":false},"author":6,"featured_media":14569,"parent":0,"menu_order":0,"comment_status":"closed","ping_status":"closed","template":"","meta":{"_acf_changed":false,"inline_featured_image":false,"footnotes":""},"class_list":["post-14568","page","type-page","status-publish","has-post-thumbnail","hentry"],"acf":[],"_links":{"self":[{"href":"https:\/\/www.domainedubuc.com\/en\/wp-json\/wp\/v2\/pages\/14568","targetHints":{"allow":["GET"]}}],"collection":[{"href":"https:\/\/www.domainedubuc.com\/en\/wp-json\/wp\/v2\/pages"}],"about":[{"href":"https:\/\/www.domainedubuc.com\/en\/wp-json\/wp\/v2\/types\/page"}],"author":[{"embeddable":true,"href":"https:\/\/www.domainedubuc.com\/en\/wp-json\/wp\/v2\/users\/6"}],"replies":[{"embeddable":true,"href":"https:\/\/www.domainedubuc.com\/en\/wp-json\/wp\/v2\/comments?post=14568"}],"version-history":[{"count":3,"href":"https:\/\/www.domainedubuc.com\/en\/wp-json\/wp\/v2\/pages\/14568\/revisions"}],"predecessor-version":[{"id":14573,"href":"https:\/\/www.domainedubuc.com\/en\/wp-json\/wp\/v2\/pages\/14568\/revisions\/14573"}],"wp:featuredmedia":[{"embeddable":true,"href":"https:\/\/www.domainedubuc.com\/en\/wp-json\/wp\/v2\/media\/14569"}],"wp:attachment":[{"href":"https:\/\/www.domainedubuc.com\/en\/wp-json\/wp\/v2\/media?parent=14568"}],"curies":[{"name":"wp","href":"https:\/\/api.w.org\/{rel}","templated":true}]}}