{"id":14584,"date":"2026-03-20T08:54:56","date_gmt":"2026-03-20T07:54:56","guid":{"rendered":"https:\/\/www.domainedubuc.com\/special-events\/"},"modified":"2026-03-20T08:55:07","modified_gmt":"2026-03-20T07:55:07","slug":"special-events","status":"publish","type":"page","link":"https:\/\/www.domainedubuc.com\/en\/special-events\/","title":{"rendered":"Special Events"},"content":{"rendered":"\t\t<div data-elementor-type=\"wp-page\" data-elementor-id=\"14584\" class=\"elementor elementor-14584 elementor-12814\" data-elementor-post-type=\"page\">\n\t\t\t\t<div class=\"elementor-element elementor-element-58d5dda e-flex e-con-boxed e-con e-parent\" data-id=\"58d5dda\" data-element_type=\"container\" data-e-type=\"container\">\n\t\t\t\t\t<div class=\"e-con-inner\">\n\t\t\t\t<div class=\"elementor-element elementor-element-791ebc9 elementor-widget elementor-widget-heading\" data-id=\"791ebc9\" data-element_type=\"widget\" data-e-type=\"widget\" data-widget_type=\"heading.default\">\n\t\t\t\t<div class=\"elementor-widget-container\">\n\t\t\t\t\t<h2 class=\"elementor-heading-title elementor-size-default\">Film shoots<\/h2>\t\t\t\t<\/div>\n\t\t\t\t<\/div>\n\t\t\t\t\t<\/div>\n\t\t\t\t<\/div>\n\t\t<div class=\"elementor-element elementor-element-99d58ef e-flex e-con-boxed e-con e-parent\" data-id=\"99d58ef\" data-element_type=\"container\" data-e-type=\"container\">\n\t\t\t\t\t<div class=\"e-con-inner\">\n\t\t<div class=\"elementor-element elementor-element-a8103b5 e-con-full e-flex e-con e-child\" data-id=\"a8103b5\" data-element_type=\"container\" data-e-type=\"container\">\n\t\t\t\t<div class=\"elementor-element elementor-element-545d2ca elementor-widget elementor-widget-image\" data-id=\"545d2ca\" data-element_type=\"widget\" data-e-type=\"widget\" data-widget_type=\"image.default\">\n\t\t\t\t<div class=\"elementor-widget-container\">\n\t\t\t\t\t\t\t\t\t\t\t\t\t\t\t<img fetchpriority=\"high\" decoding=\"async\" width=\"587\" height=\"479\" src=\"https:\/\/www.domainedubuc.com\/wp-content\/uploads\/2017\/12\/Tournage-film-1b.jpg\" class=\"attachment-large size-large wp-image-6468\" alt=\"tournages de films sud ouest\" srcset=\"https:\/\/www.domainedubuc.com\/wp-content\/uploads\/2017\/12\/Tournage-film-1b.jpg 587w, https:\/\/www.domainedubuc.com\/wp-content\/uploads\/2017\/12\/Tournage-film-1b-300x245.jpg 300w\" sizes=\"(max-width: 587px) 100vw, 587px\" \/>\t\t\t\t\t\t\t\t\t\t\t\t\t\t\t<\/div>\n\t\t\t\t<\/div>\n\t\t\t\t<\/div>\n\t\t<div class=\"elementor-element elementor-element-14f83bf e-con-full e-flex e-con e-child\" data-id=\"14f83bf\" data-element_type=\"container\" data-e-type=\"container\">\n\t\t\t\t<div class=\"elementor-element elementor-element-75b3f62 elementor-widget elementor-widget-text-editor\" data-id=\"75b3f62\" data-element_type=\"widget\" data-e-type=\"widget\" data-widget_type=\"text-editor.default\">\n\t\t\t\t<div class=\"elementor-widget-container\">\n\t\t\t\t\t\t\t\t\t<p>The Domaine du Buc offers multiple possibilities for <strong>film shoots<\/strong> in the Park, the <a href=\"https:\/\/www.domainedubuc.com\/en\/the-domain\/the-pigeon-tower\/\"><strong>Pigeonnier<\/strong><\/a> or in the <a href=\"https:\/\/www.domainedubuc.com\/en\/the-domain\/inside-the-chateau\/\"><strong>Ch\u00e2teau<\/strong><\/a> 19th century Ch\u00e2teau.<\/p><p>If you&#8217;d like to sleep in the &#8220;dressing room of <strong>Philippe Torreton<\/strong>, <strong>G\u00e9rad Lanvin<\/strong> or <strong>Val\u00e9rie Kaprisky<\/strong> &#8220;, it&#8217;s easy! <br \/> Book directly into one of <a href=\"https:\/\/www.domainedubuc.com\/en\/cat\/guestrooms\/\">our charming guest rooms<\/a>!<\/p><p>The site is perfectly suited to a &#8220;Belle Epoque&#8221; atmosphere. In 2004, we hosted the filming of Jean Daniel Verhaeghe&#8217;s &#8221; <strong>Jaures, Naissance d&#8217;un g\u00e9ant<\/strong>&#8220;, starring<strong> Philippe Torreton<\/strong> and <strong>Val\u00e9rie Kaprisky<\/strong>. <\/p><p>In 2009, a scene from <strong>&#8220;Fils \u00e0 Jo&#8221;<\/strong> (starring <strong>G\u00e9rard Lanvin<\/strong>) was filmed in the Domaine&#8217;s living room &#8230;.<\/p><p>Domaine du Buc is also an ideal location for <strong>photo shoots<\/strong> (advertising or weddings). Please contact <a href=\"https:\/\/www.domainedubuc.com\/en\/contact-us\/\">Brigitte <\/a> 06 70 14 96 47 for more information. <\/p>\t\t\t\t\t\t\t\t<\/div>\n\t\t\t\t<\/div>\n\t\t\t\t<\/div>\n\t\t\t\t\t<\/div>\n\t\t\t\t<\/div>\n\t\t<div class=\"elementor-element elementor-element-5f48033 e-flex e-con-boxed e-con e-parent\" data-id=\"5f48033\" data-element_type=\"container\" data-e-type=\"container\">\n\t\t\t\t\t<div class=\"e-con-inner\">\n\t\t\t\t<div class=\"elementor-element elementor-element-0e3ea8d elementor-widget elementor-widget-heading\" data-id=\"0e3ea8d\" data-element_type=\"widget\" data-e-type=\"widget\" data-widget_type=\"heading.default\">\n\t\t\t\t<div class=\"elementor-widget-container\">\n\t\t\t\t\t<h2 class=\"elementor-heading-title elementor-size-default\">Corporate Team Building  <\/h2>\t\t\t\t<\/div>\n\t\t\t\t<\/div>\n\t\t\t\t\t<\/div>\n\t\t\t\t<\/div>\n\t\t<div class=\"elementor-element elementor-element-232a5de e-flex e-con-boxed e-con e-parent\" data-id=\"232a5de\" data-element_type=\"container\" data-e-type=\"container\">\n\t\t\t\t\t<div class=\"e-con-inner\">\n\t\t<div class=\"elementor-element elementor-element-163e9c2 e-con-full e-flex e-con e-child\" data-id=\"163e9c2\" data-element_type=\"container\" data-e-type=\"container\">\n\t\t\t\t<div class=\"elementor-element elementor-element-523b1d9 elementor-widget elementor-widget-text-editor\" data-id=\"523b1d9\" data-element_type=\"widget\" data-e-type=\"widget\" data-widget_type=\"text-editor.default\">\n\t\t\t\t<div class=\"elementor-widget-container\">\n\t\t\t\t\t\t\t\t\t<p>With the park, the lounge\/dining room, the dovecote or the ch\u00e2teau, multiple possibilities for<strong>team-building events<\/strong> can be organized on site.<\/p><p>We work with several event planning agencies (including <a href=\"http:\/\/www.toulevents.com\/\" target=\"_blank\" rel=\"noreferrer noopener\" aria-label=\"Toul&#039;events (s\u2019ouvre dans un nouvel onglet)\"><strong>Toul&#8217;events<\/strong><\/a> in Toulouse, or <a href=\"https:\/\/www.gaillacvisit.fr\/\" target=\"_blank\" rel=\"noreferrer noopener\" aria-label=\"Gaillac Visit (s\u2019ouvre dans un nouvel onglet)\"><strong>Gaillac Visit<\/strong>  <\/a> ) who can put together a great day of entertainment for you! . Here are a few examples:<\/p><p><strong>Cooking classes:<\/strong> In groups of 6 to 8 people, led by a chef, you prepare lunch or dinner in the Ch\u00e2teau&#8217;s kitchen! <\/p><p><strong>Oenological tasting<\/strong>: With a professional oenologist, discover the grape varieties and vineyards of Gaillac, its history, its heritage and its anecdotes.<\/p>\t\t\t\t\t\t\t\t<\/div>\n\t\t\t\t<\/div>\n\t\t\t\t<\/div>\n\t\t<div class=\"elementor-element elementor-element-7af6bce e-con-full e-flex e-con e-child\" data-id=\"7af6bce\" data-element_type=\"container\" data-e-type=\"container\">\n\t\t\t\t<div class=\"elementor-element elementor-element-0f63227 elementor-widget elementor-widget-image\" data-id=\"0f63227\" data-element_type=\"widget\" data-e-type=\"widget\" data-widget_type=\"image.default\">\n\t\t\t\t<div class=\"elementor-widget-container\">\n\t\t\t\t\t\t\t\t\t\t\t\t\t\t\t<img decoding=\"async\" width=\"800\" height=\"600\" src=\"https:\/\/www.domainedubuc.com\/wp-content\/uploads\/2026\/03\/IMG_3479-1024x768.jpg\" class=\"attachment-large size-large wp-image-13446\" alt=\"cours de cuisine domaine du buc\" srcset=\"https:\/\/www.domainedubuc.com\/wp-content\/uploads\/2026\/03\/IMG_3479-1024x768.jpg 1024w, https:\/\/www.domainedubuc.com\/wp-content\/uploads\/2026\/03\/IMG_3479-300x225.jpg 300w, https:\/\/www.domainedubuc.com\/wp-content\/uploads\/2026\/03\/IMG_3479-1536x1152.jpg 1536w, https:\/\/www.domainedubuc.com\/wp-content\/uploads\/2026\/03\/IMG_3479-2048x1536.jpg 2048w, https:\/\/www.domainedubuc.com\/wp-content\/uploads\/2026\/03\/IMG_3479-scaled.jpg 1600w\" sizes=\"(max-width: 800px) 100vw, 800px\" \/>\t\t\t\t\t\t\t\t\t\t\t\t\t\t\t<\/div>\n\t\t\t\t<\/div>\n\t\t\t\t<\/div>\n\t\t\t\t\t<\/div>\n\t\t\t\t<\/div>\n\t\t<div class=\"elementor-element elementor-element-ab595c1 e-flex e-con-boxed e-con e-parent\" data-id=\"ab595c1\" data-element_type=\"container\" data-e-type=\"container\">\n\t\t\t\t\t<div class=\"e-con-inner\">\n\t\t\t\t<div class=\"elementor-element elementor-element-c266655 elementor-widget elementor-widget-heading\" data-id=\"c266655\" data-element_type=\"widget\" data-e-type=\"widget\" data-widget_type=\"heading.default\">\n\t\t\t\t<div class=\"elementor-widget-container\">\n\t\t\t\t\t<h2 class=\"elementor-heading-title elementor-size-default\">Murder Party<\/h2>\t\t\t\t<\/div>\n\t\t\t\t<\/div>\n\t\t\t\t\t<\/div>\n\t\t\t\t<\/div>\n\t\t<div class=\"elementor-element elementor-element-a5b9a49 e-flex e-con-boxed e-con e-parent\" data-id=\"a5b9a49\" data-element_type=\"container\" data-e-type=\"container\">\n\t\t\t\t\t<div class=\"e-con-inner\">\n\t\t<div class=\"elementor-element elementor-element-9505bc5 e-con-full e-flex e-con e-child\" data-id=\"9505bc5\" data-element_type=\"container\" data-e-type=\"container\">\n\t\t\t\t<div class=\"elementor-element elementor-element-c470cba elementor-widget elementor-widget-image\" data-id=\"c470cba\" data-element_type=\"widget\" data-e-type=\"widget\" data-widget_type=\"image.default\">\n\t\t\t\t<div class=\"elementor-widget-container\">\n\t\t\t\t\t\t\t\t\t\t\t\t\t\t\t<img decoding=\"async\" width=\"800\" height=\"533\" src=\"https:\/\/www.domainedubuc.com\/wp-content\/uploads\/2016\/03\/mortelle-soiree2-1024x682.jpg\" class=\"attachment-large size-large wp-image-7007\" alt=\"mortelle-soiree-incentive-domaine du buc\" srcset=\"https:\/\/www.domainedubuc.com\/wp-content\/uploads\/2016\/03\/mortelle-soiree2-1024x682.jpg 1024w, https:\/\/www.domainedubuc.com\/wp-content\/uploads\/2016\/03\/mortelle-soiree2-300x200.jpg 300w, https:\/\/www.domainedubuc.com\/wp-content\/uploads\/2016\/03\/mortelle-soiree2-529x353.jpg 529w, https:\/\/www.domainedubuc.com\/wp-content\/uploads\/2016\/03\/mortelle-soiree2-319x213.jpg 319w, https:\/\/www.domainedubuc.com\/wp-content\/uploads\/2016\/03\/mortelle-soiree2-505x337.jpg 505w, https:\/\/www.domainedubuc.com\/wp-content\/uploads\/2016\/03\/mortelle-soiree2.jpg 1600w\" sizes=\"(max-width: 800px) 100vw, 800px\" \/>\t\t\t\t\t\t\t\t\t\t\t\t\t\t\t<\/div>\n\t\t\t\t<\/div>\n\t\t\t\t<\/div>\n\t\t<div class=\"elementor-element elementor-element-565596c e-con-full e-flex e-con e-child\" data-id=\"565596c\" data-element_type=\"container\" data-e-type=\"container\">\n\t\t\t\t<div class=\"elementor-element elementor-element-81b7c06 elementor-widget elementor-widget-text-editor\" data-id=\"81b7c06\" data-element_type=\"widget\" data-e-type=\"widget\" data-widget_type=\"text-editor.default\">\n\t\t\t\t<div class=\"elementor-widget-container\">\n\t\t\t\t\t\t\t\t\t<p>A team of professionals can liven up your<strong> business event<\/strong> in an original way with a Grandeur Nature investigation day\/evening in French or English, also known as a <strong>Murder Party.<br \/><\/strong>These little murders are an opportunity to exercise one&#8217;s perspicacity by solving a police investigation.<\/p><ul><li><ul><li>Observation of the crime scene<\/li><\/ul><\/li><\/ul><ul><li><ul><li>Interview with the witness<\/li><\/ul><\/li><\/ul><ul><li><ul><li>Interviewing suspects<\/li><\/ul><\/li><\/ul><ul><li>Forensic evidence analysis<\/li><\/ul><p>For your corporate event, from 10 to 40 people, we offer day or evening investigations into crimes, kidnappings and thefts, lasting from 1:00 to 2:30. And once the investigation has been solved, discussions continue with other groups of investigators on the strategies implemented. Participants or professional actors can play the characters in the story (suspects and witnesses).<br \/>For further information: <a href=\"https:\/\/www.mortellesoiree.com\/\" target=\"_blank\" rel=\"noopener\">www.mortellesoiree.com <\/a>   <\/p>\t\t\t\t\t\t\t\t<\/div>\n\t\t\t\t<\/div>\n\t\t\t\t<\/div>\n\t\t\t\t\t<\/div>\n\t\t\t\t<\/div>\n\t\t<div class=\"elementor-element elementor-element-11fa5af e-flex e-con-boxed e-con e-parent\" data-id=\"11fa5af\" data-element_type=\"container\" data-e-type=\"container\">\n\t\t\t\t\t<div class=\"e-con-inner\">\n\t\t<div class=\"elementor-element elementor-element-ba946f9 e-con-full e-flex e-con e-child\" data-id=\"ba946f9\" data-element_type=\"container\" data-e-type=\"container\">\n\t\t\t\t<div class=\"elementor-element elementor-element-788fd25 elementor-widget elementor-widget-image\" data-id=\"788fd25\" data-element_type=\"widget\" data-e-type=\"widget\" data-widget_type=\"image.default\">\n\t\t\t\t<div class=\"elementor-widget-container\">\n\t\t\t\t\t\t\t\t\t\t\t\t\t\t\t<img loading=\"lazy\" decoding=\"async\" width=\"587\" height=\"479\" src=\"https:\/\/www.domainedubuc.com\/wp-content\/uploads\/2017\/12\/Tournage-film-1.jpg\" class=\"attachment-large size-large wp-image-6438\" alt=\"lieu de tournage chambres d hotes\" srcset=\"https:\/\/www.domainedubuc.com\/wp-content\/uploads\/2017\/12\/Tournage-film-1.jpg 587w, https:\/\/www.domainedubuc.com\/wp-content\/uploads\/2017\/12\/Tournage-film-1-300x245.jpg 300w\" sizes=\"(max-width: 587px) 100vw, 587px\" \/>\t\t\t\t\t\t\t\t\t\t\t\t\t\t\t<\/div>\n\t\t\t\t<\/div>\n\t\t\t\t<\/div>\n\t\t<div class=\"elementor-element elementor-element-a3472fe e-con-full e-flex e-con e-child\" data-id=\"a3472fe\" data-element_type=\"container\" data-e-type=\"container\">\n\t\t\t\t<div class=\"elementor-element elementor-element-5b3a01b elementor-widget elementor-widget-image\" data-id=\"5b3a01b\" data-element_type=\"widget\" data-e-type=\"widget\" data-widget_type=\"image.default\">\n\t\t\t\t<div class=\"elementor-widget-container\">\n\t\t\t\t\t\t\t\t\t\t\t\t\t\t\t<img loading=\"lazy\" decoding=\"async\" width=\"768\" height=\"1024\" src=\"https:\/\/www.domainedubuc.com\/wp-content\/uploads\/2023\/03\/IMG_5110-768x1024.jpeg\" class=\"attachment-large size-large wp-image-11095\" alt=\"v\" srcset=\"https:\/\/www.domainedubuc.com\/wp-content\/uploads\/2023\/03\/IMG_5110-768x1024.jpeg 768w, https:\/\/www.domainedubuc.com\/wp-content\/uploads\/2023\/03\/IMG_5110-225x300.jpeg 225w, https:\/\/www.domainedubuc.com\/wp-content\/uploads\/2023\/03\/IMG_5110-1152x1536.jpeg 1152w, https:\/\/www.domainedubuc.com\/wp-content\/uploads\/2023\/03\/IMG_5110-1536x2048.jpeg 1536w, https:\/\/www.domainedubuc.com\/wp-content\/uploads\/2023\/03\/IMG_5110-391x522.jpeg 391w, https:\/\/www.domainedubuc.com\/wp-content\/uploads\/2023\/03\/IMG_5110-scaled.jpeg 900w\" sizes=\"(max-width: 768px) 100vw, 768px\" \/>\t\t\t\t\t\t\t\t\t\t\t\t\t\t\t<\/div>\n\t\t\t\t<\/div>\n\t\t\t\t<\/div>\n\t\t\t\t\t<\/div>\n\t\t\t\t<\/div>\n\t\t\t\t<\/div>\n\t\t","protected":false},"excerpt":{"rendered":"<p>Film shoots The Domaine du Buc offers multiple possibilities for film shoots in the Park, the Pigeonnier or in the Ch\u00e2teau 19th century Ch\u00e2teau. If you&#8217;d like to sleep in the &#8220;dressing room of Philippe Torreton, G\u00e9rad Lanvin or Val\u00e9rie Kaprisky &#8220;, it&#8217;s easy! Book directly into one of our charming guest rooms! The site [&hellip;]<\/p>\n","protected":false},"author":6,"featured_media":13470,"parent":0,"menu_order":0,"comment_status":"closed","ping_status":"closed","template":"","meta":{"_acf_changed":false,"inline_featured_image":false,"footnotes":""},"class_list":["post-14584","page","type-page","status-publish","has-post-thumbnail","hentry"],"acf":[],"_links":{"self":[{"href":"https:\/\/www.domainedubuc.com\/en\/wp-json\/wp\/v2\/pages\/14584","targetHints":{"allow":["GET"]}}],"collection":[{"href":"https:\/\/www.domainedubuc.com\/en\/wp-json\/wp\/v2\/pages"}],"about":[{"href":"https:\/\/www.domainedubuc.com\/en\/wp-json\/wp\/v2\/types\/page"}],"author":[{"embeddable":true,"href":"https:\/\/www.domainedubuc.com\/en\/wp-json\/wp\/v2\/users\/6"}],"replies":[{"embeddable":true,"href":"https:\/\/www.domainedubuc.com\/en\/wp-json\/wp\/v2\/comments?post=14584"}],"version-history":[{"count":3,"href":"https:\/\/www.domainedubuc.com\/en\/wp-json\/wp\/v2\/pages\/14584\/revisions"}],"predecessor-version":[{"id":14594,"href":"https:\/\/www.domainedubuc.com\/en\/wp-json\/wp\/v2\/pages\/14584\/revisions\/14594"}],"wp:featuredmedia":[{"embeddable":true,"href":"https:\/\/www.domainedubuc.com\/en\/wp-json\/wp\/v2\/media\/13470"}],"wp:attachment":[{"href":"https:\/\/www.domainedubuc.com\/en\/wp-json\/wp\/v2\/media?parent=14584"}],"curies":[{"name":"wp","href":"https:\/\/api.w.org\/{rel}","templated":true}]}}