{"id":14590,"date":"2026-03-20T08:55:06","date_gmt":"2026-03-20T07:55:06","guid":{"rendered":"https:\/\/www.domainedubuc.com\/who-we-are\/"},"modified":"2026-05-04T12:35:21","modified_gmt":"2026-05-04T11:35:21","slug":"who-we-are","status":"publish","type":"page","link":"https:\/\/www.domainedubuc.com\/en\/who-we-are\/","title":{"rendered":"Who we are"},"content":{"rendered":"\t\t<div data-elementor-type=\"wp-page\" data-elementor-id=\"14590\" class=\"elementor elementor-14590 elementor-12800\" data-elementor-post-type=\"page\">\n\t\t\t\t<div class=\"elementor-element elementor-element-4f2b83c e-flex e-con-boxed e-con e-parent\" data-id=\"4f2b83c\" data-element_type=\"container\" data-e-type=\"container\">\n\t\t\t\t\t<div class=\"e-con-inner\">\n\t\t\t\t<div class=\"elementor-element elementor-element-156eeb0 elementor-widget elementor-widget-heading\" data-id=\"156eeb0\" data-element_type=\"widget\" data-e-type=\"widget\" data-widget_type=\"heading.default\">\n\t\t\t\t<div class=\"elementor-widget-container\">\n\t\t\t\t\t<h2 class=\"elementor-heading-title elementor-size-default\">An Albigensian family<\/h2>\t\t\t\t<\/div>\n\t\t\t\t<\/div>\n\t\t\t\t\t<\/div>\n\t\t\t\t<\/div>\n\t\t<div class=\"elementor-element elementor-element-2ab5d3a e-flex e-con-boxed e-con e-parent\" data-id=\"2ab5d3a\" data-element_type=\"container\" data-e-type=\"container\">\n\t\t\t\t\t<div class=\"e-con-inner\">\n\t\t<div class=\"elementor-element elementor-element-e6ae9b5 e-con-full e-flex e-con e-child\" data-id=\"e6ae9b5\" data-element_type=\"container\" data-e-type=\"container\">\n\t\t\t\t<div class=\"elementor-element elementor-element-66b2eba elementor-widget elementor-widget-image\" data-id=\"66b2eba\" data-element_type=\"widget\" data-e-type=\"widget\" data-widget_type=\"image.default\">\n\t\t\t\t<div class=\"elementor-widget-container\">\n\t\t\t\t\t\t\t\t\t\t\t\t\t\t\t<img fetchpriority=\"high\" decoding=\"async\" width=\"768\" height=\"1024\" src=\"https:\/\/www.domainedubuc.com\/wp-content\/uploads\/2026\/03\/famille-1-768x1024.jpg\" class=\"attachment-large size-large wp-image-13363\" alt=\"\" srcset=\"https:\/\/www.domainedubuc.com\/wp-content\/uploads\/2026\/03\/famille-1-768x1024.jpg 768w, https:\/\/www.domainedubuc.com\/wp-content\/uploads\/2026\/03\/famille-1-225x300.jpg 225w, https:\/\/www.domainedubuc.com\/wp-content\/uploads\/2026\/03\/famille-1-1152x1536.jpg 1152w, https:\/\/www.domainedubuc.com\/wp-content\/uploads\/2026\/03\/famille-1-scaled.jpg 900w\" sizes=\"(max-width: 768px) 100vw, 768px\" \/>\t\t\t\t\t\t\t\t\t\t\t\t\t\t\t<\/div>\n\t\t\t\t<\/div>\n\t\t\t\t<\/div>\n\t\t\t\t<div class=\"elementor-element elementor-element-66d28dd elementor-widget elementor-widget-text-editor\" data-id=\"66d28dd\" data-element_type=\"widget\" data-e-type=\"widget\" data-widget_type=\"text-editor.default\">\n\t\t\t\t<div class=\"elementor-widget-container\">\n\t\t\t\t\t\t\t\t\t<p><strong>A former international volleyball player<\/strong>, I bounced back in tourism!<strong> <\/strong><\/p><p><strong>I&#8217;m Brigitte, and for the past 20 years I&#8217;ve been reviving my ancestors&#8217; estate<\/strong>&#8230; for whom the balloon was more for tasting fine wines&#8230; With my children, Michael and Alissia, we&#8217;ll share with you<strong> the leap between generations from 1900 to 2026.<\/strong><\/p><p>Here, I welcome you <strong>as I would friends:<\/strong> with simplicity, kindness and the sincere pleasure of sharing this family place. Personalized advice, little attentions, time to chat by the fire or in the garden&#8230; <strong>Because a successful stay is above all about moments lived and memories that remain.<\/strong> <\/p><p><em><strong>Some excerpts from Google<span class=\"PROnRd mpP9nc\"><strong> <\/strong>2025<\/span><\/strong><\/em><\/p><div class=\"gyKkFe JhRJje Fv38Af\"><div id=\"ucc-6\" aria-expanded=\"true\"><div tabindex=\"-1\">&#8220;Our enchanting stay in this exceptional place will remain an excellent memory.<br \/>The Domaine du Buc, with its magnificent building and splendid park, allows total disconnection and guarantees an incredible change of scenery.<br \/><strong>Thanks to Brigitte, for her welcome and her kind attentions.<\/strong> We&#8217;ll be back without hesitation if the opportunity arises.&#8221;<\/div><div tabindex=\"-1\"> <\/div><div tabindex=\"-1\">&#8220;Second stay in this magnificent residence full of charm at the gates of Albi.<br \/>Spacious room with period furniture and excellent bedding.<br \/>The breakfast is of high quality with home-made products, served either in a large living room or under a wisteria arbour.<br \/>We took advantage of the swimming pool in these hot June weather conditions.<br \/><strong>Information to discover the region given by a host always present, in discretion, who immediately made us feel a little chatelain.<\/strong><br \/>We will be back soon.&#8221;  <\/div><\/div><div tabindex=\"-1\"> <\/div><\/div>\t\t\t\t\t\t\t\t<\/div>\n\t\t\t\t<\/div>\n\t\t\t\t\t<\/div>\n\t\t\t\t<\/div>\n\t\t<div class=\"elementor-element elementor-element-debd247 e-flex e-con-boxed e-con e-parent\" data-id=\"debd247\" data-element_type=\"container\" data-e-type=\"container\">\n\t\t\t\t\t<div class=\"e-con-inner\">\n\t\t<div class=\"elementor-element elementor-element-3a8f697 e-con-full e-flex e-con e-child\" data-id=\"3a8f697\" data-element_type=\"container\" data-e-type=\"container\">\n\t\t\t\t<div class=\"elementor-element elementor-element-7ec8365 elementor-widget elementor-widget-image\" data-id=\"7ec8365\" data-element_type=\"widget\" data-e-type=\"widget\" data-widget_type=\"image.default\">\n\t\t\t\t<div class=\"elementor-widget-container\">\n\t\t\t\t\t\t\t\t\t\t\t\t\t\t\t<img decoding=\"async\" width=\"800\" height=\"534\" src=\"https:\/\/www.domainedubuc.com\/wp-content\/uploads\/2026\/03\/brigitte-acccueil-domaine-du-buc-chambres-d-hotes-et-gites-albi-tarn-1024x684.jpg\" class=\"attachment-large size-large wp-image-13552\" alt=\"brigitte acccueil domaine du buc chambres d hotes et gites albi tarn\" srcset=\"https:\/\/www.domainedubuc.com\/wp-content\/uploads\/2026\/03\/brigitte-acccueil-domaine-du-buc-chambres-d-hotes-et-gites-albi-tarn-1024x684.jpg 1024w, https:\/\/www.domainedubuc.com\/wp-content\/uploads\/2026\/03\/brigitte-acccueil-domaine-du-buc-chambres-d-hotes-et-gites-albi-tarn-300x200.jpg 300w, https:\/\/www.domainedubuc.com\/wp-content\/uploads\/2026\/03\/brigitte-acccueil-domaine-du-buc-chambres-d-hotes-et-gites-albi-tarn-1536x1025.jpg 1536w, https:\/\/www.domainedubuc.com\/wp-content\/uploads\/2026\/03\/brigitte-acccueil-domaine-du-buc-chambres-d-hotes-et-gites-albi-tarn-2048x1367.jpg 2048w, https:\/\/www.domainedubuc.com\/wp-content\/uploads\/2026\/03\/brigitte-acccueil-domaine-du-buc-chambres-d-hotes-et-gites-albi-tarn-scaled.jpg 1797w\" sizes=\"(max-width: 800px) 100vw, 800px\" \/>\t\t\t\t\t\t\t\t\t\t\t\t\t\t\t<\/div>\n\t\t\t\t<\/div>\n\t\t\t\t<\/div>\n\t\t<div class=\"elementor-element elementor-element-ea34ecf e-con-full e-flex e-con e-child\" data-id=\"ea34ecf\" data-element_type=\"container\" data-e-type=\"container\">\n\t\t\t\t<div class=\"elementor-element elementor-element-2d6f800 elementor-widget elementor-widget-image\" data-id=\"2d6f800\" data-element_type=\"widget\" data-e-type=\"widget\" data-widget_type=\"image.default\">\n\t\t\t\t<div class=\"elementor-widget-container\">\n\t\t\t\t\t\t\t\t\t\t\t\t\t\t\t<img decoding=\"async\" width=\"587\" height=\"479\" src=\"https:\/\/www.domainedubuc.com\/wp-content\/uploads\/2020\/04\/jeux-plein-air-1b.jpg\" class=\"attachment-large size-large wp-image-8479\" alt=\"activit\u00e9s plein air chambres d&#039;hotes domaine du buc\" srcset=\"https:\/\/www.domainedubuc.com\/wp-content\/uploads\/2020\/04\/jeux-plein-air-1b.jpg 587w, https:\/\/www.domainedubuc.com\/wp-content\/uploads\/2020\/04\/jeux-plein-air-1b-300x245.jpg 300w\" sizes=\"(max-width: 587px) 100vw, 587px\" \/>\t\t\t\t\t\t\t\t\t\t\t\t\t\t\t<\/div>\n\t\t\t\t<\/div>\n\t\t\t\t<\/div>\n\t\t\t\t\t<\/div>\n\t\t\t\t<\/div>\n\t\t<div class=\"elementor-element elementor-element-7384d541 e-flex e-con-boxed e-con e-parent\" data-id=\"7384d541\" data-element_type=\"container\" data-e-type=\"container\">\n\t\t\t\t\t<div class=\"e-con-inner\">\n\t\t\t\t<div class=\"elementor-element elementor-element-533fd1ba elementor-widget elementor-widget-n-accordion\" data-id=\"533fd1ba\" data-element_type=\"widget\" data-e-type=\"widget\" data-settings=\"{&quot;default_state&quot;:&quot;expanded&quot;,&quot;max_items_expended&quot;:&quot;one&quot;,&quot;n_accordion_animation_duration&quot;:{&quot;unit&quot;:&quot;ms&quot;,&quot;size&quot;:400,&quot;sizes&quot;:[]}}\" data-widget_type=\"nested-accordion.default\">\n\t\t\t\t<div class=\"elementor-widget-container\">\n\t\t\t\t\t\t\t<div class=\"e-n-accordion\" aria-label=\"Accordion. Open links with Enter or Space, close with Escape, and navigate with Arrow Keys\">\n\t\t\t\t\t\t<details id=\"e-n-accordion-item-1390\" class=\"e-n-accordion-item\" open>\n\t\t\t\t<summary class=\"e-n-accordion-item-title\" data-accordion-index=\"1\" tabindex=\"0\" aria-expanded=\"true\" aria-controls=\"e-n-accordion-item-1390\" >\n\t\t\t\t\t<span class='e-n-accordion-item-title-header'><h6 class=\"e-n-accordion-item-title-text\"> Est il possible d\u2019acc\u00e9der \u00e0 la piscine le jour de notre d\u00e9part ?  <\/h6><\/span>\n\t\t\t\t\t\t\t<span class='e-n-accordion-item-title-icon'>\n\t\t\t<span class='e-opened' ><svg aria-hidden=\"true\" class=\"e-font-icon-svg e-fas-chevron-down\" viewBox=\"0 0 448 512\" xmlns=\"http:\/\/www.w3.org\/2000\/svg\"><path d=\"M207.029 381.476L12.686 187.132c-9.373-9.373-9.373-24.569 0-33.941l22.667-22.667c9.357-9.357 24.522-9.375 33.901-.04L224 284.505l154.745-154.021c9.379-9.335 24.544-9.317 33.901.04l22.667 22.667c9.373 9.373 9.373 24.569 0 33.941L240.971 381.476c-9.373 9.372-24.569 9.372-33.942 0z\"><\/path><\/svg><\/span>\n\t\t\t<span class='e-closed'><svg aria-hidden=\"true\" class=\"e-font-icon-svg e-fas-chevron-right\" viewBox=\"0 0 320 512\" xmlns=\"http:\/\/www.w3.org\/2000\/svg\"><path d=\"M285.476 272.971L91.132 467.314c-9.373 9.373-24.569 9.373-33.941 0l-22.667-22.667c-9.357-9.357-9.375-24.522-.04-33.901L188.505 256 34.484 101.255c-9.335-9.379-9.317-24.544.04-33.901l22.667-22.667c9.373-9.373 24.569-9.373 33.941 0L285.475 239.03c9.373 9.372 9.373 24.568.001 33.941z\"><\/path><\/svg><\/span>\n\t\t<\/span>\n\n\t\t\t\t\t\t<\/summary>\n\t\t\t\t<div role=\"region\" aria-labelledby=\"e-n-accordion-item-1390\" class=\"elementor-element elementor-element-6ac41f3d e-con-full e-flex e-con e-child\" data-id=\"6ac41f3d\" data-element_type=\"container\" data-e-type=\"container\">\n\t\t\t\t<div class=\"elementor-element elementor-element-2b5b40cd elementor-widget elementor-widget-text-editor\" data-id=\"2b5b40cd\" data-element_type=\"widget\" data-e-type=\"widget\" data-widget_type=\"text-editor.default\">\n\t\t\t\t<div class=\"elementor-widget-container\">\n\t\t\t\t\t\t\t\t\t<p>En fonction de la fr\u00e9quentation du site , il vous sera possible (ou non) de profiter d\u2019un dernier bain (entre 11h et 12h30) avant votre d\u00e9part . A voir sur place avec Brigitte\u00a0<\/p>\t\t\t\t\t\t\t\t<\/div>\n\t\t\t\t<\/div>\n\t\t\t\t<\/div>\n\t\t\t\t\t<\/details>\n\t\t\t\t\t\t<details id=\"e-n-accordion-item-1391\" class=\"e-n-accordion-item\" >\n\t\t\t\t<summary class=\"e-n-accordion-item-title\" data-accordion-index=\"2\" tabindex=\"-1\" aria-expanded=\"false\" aria-controls=\"e-n-accordion-item-1391\" >\n\t\t\t\t\t<span class='e-n-accordion-item-title-header'><h6 class=\"e-n-accordion-item-title-text\"> La piscine est-elle chauff\u00e9e ?  <\/h6><\/span>\n\t\t\t\t\t\t\t<span class='e-n-accordion-item-title-icon'>\n\t\t\t<span class='e-opened' ><svg aria-hidden=\"true\" class=\"e-font-icon-svg e-fas-chevron-down\" viewBox=\"0 0 448 512\" xmlns=\"http:\/\/www.w3.org\/2000\/svg\"><path d=\"M207.029 381.476L12.686 187.132c-9.373-9.373-9.373-24.569 0-33.941l22.667-22.667c9.357-9.357 24.522-9.375 33.901-.04L224 284.505l154.745-154.021c9.379-9.335 24.544-9.317 33.901.04l22.667 22.667c9.373 9.373 9.373 24.569 0 33.941L240.971 381.476c-9.373 9.372-24.569 9.372-33.942 0z\"><\/path><\/svg><\/span>\n\t\t\t<span class='e-closed'><svg aria-hidden=\"true\" class=\"e-font-icon-svg e-fas-chevron-right\" viewBox=\"0 0 320 512\" xmlns=\"http:\/\/www.w3.org\/2000\/svg\"><path d=\"M285.476 272.971L91.132 467.314c-9.373 9.373-24.569 9.373-33.941 0l-22.667-22.667c-9.357-9.357-9.375-24.522-.04-33.901L188.505 256 34.484 101.255c-9.335-9.379-9.317-24.544.04-33.901l22.667-22.667c9.373-9.373 24.569-9.373 33.941 0L285.475 239.03c9.373 9.372 9.373 24.568.001 33.941z\"><\/path><\/svg><\/span>\n\t\t<\/span>\n\n\t\t\t\t\t\t<\/summary>\n\t\t\t\t<div role=\"region\" aria-labelledby=\"e-n-accordion-item-1391\" class=\"elementor-element elementor-element-3ea11976 e-con-full e-flex e-con e-child\" data-id=\"3ea11976\" data-element_type=\"container\" data-e-type=\"container\">\n\t\t\t\t<div class=\"elementor-element elementor-element-3ef13a06 elementor-widget elementor-widget-text-editor\" data-id=\"3ef13a06\" data-element_type=\"widget\" data-e-type=\"widget\" data-widget_type=\"text-editor.default\">\n\t\t\t\t<div class=\"elementor-widget-container\">\n\t\t\t\t\t\t\t\t\t<p>Par ce que nous sommes dans le Sud de la France\u00a0et que nous nous essayons de respecter la planete, la piscine n\u2019est pas chauff\u00e9e. N\u00e9anmoins la temp\u00e9rature se situe entre 25 et 29 degr\u00e9s en fonction de la saison.\u00a0<\/p>\t\t\t\t\t\t\t\t<\/div>\n\t\t\t\t<\/div>\n\t\t\t\t<\/div>\n\t\t\t\t\t<\/details>\n\t\t\t\t\t\t<details id=\"e-n-accordion-item-1392\" class=\"e-n-accordion-item\" >\n\t\t\t\t<summary class=\"e-n-accordion-item-title\" data-accordion-index=\"3\" tabindex=\"-1\" aria-expanded=\"false\" aria-controls=\"e-n-accordion-item-1392\" >\n\t\t\t\t\t<span class='e-n-accordion-item-title-header'><h6 class=\"e-n-accordion-item-title-text\"> La piscine est elle accessible \u00e0 tout moment ?  <\/h6><\/span>\n\t\t\t\t\t\t\t<span class='e-n-accordion-item-title-icon'>\n\t\t\t<span class='e-opened' ><svg aria-hidden=\"true\" class=\"e-font-icon-svg e-fas-chevron-down\" viewBox=\"0 0 448 512\" xmlns=\"http:\/\/www.w3.org\/2000\/svg\"><path d=\"M207.029 381.476L12.686 187.132c-9.373-9.373-9.373-24.569 0-33.941l22.667-22.667c9.357-9.357 24.522-9.375 33.901-.04L224 284.505l154.745-154.021c9.379-9.335 24.544-9.317 33.901.04l22.667 22.667c9.373 9.373 9.373 24.569 0 33.941L240.971 381.476c-9.373 9.372-24.569 9.372-33.942 0z\"><\/path><\/svg><\/span>\n\t\t\t<span class='e-closed'><svg aria-hidden=\"true\" class=\"e-font-icon-svg e-fas-chevron-right\" viewBox=\"0 0 320 512\" xmlns=\"http:\/\/www.w3.org\/2000\/svg\"><path d=\"M285.476 272.971L91.132 467.314c-9.373 9.373-24.569 9.373-33.941 0l-22.667-22.667c-9.357-9.357-9.375-24.522-.04-33.901L188.505 256 34.484 101.255c-9.335-9.379-9.317-24.544.04-33.901l22.667-22.667c9.373-9.373 24.569-9.373 33.941 0L285.475 239.03c9.373 9.372 9.373 24.568.001 33.941z\"><\/path><\/svg><\/span>\n\t\t<\/span>\n\n\t\t\t\t\t\t<\/summary>\n\t\t\t\t<div role=\"region\" aria-labelledby=\"e-n-accordion-item-1392\" class=\"elementor-element elementor-element-72f3213 e-con-full e-flex e-con e-child\" data-id=\"72f3213\" data-element_type=\"container\" data-e-type=\"container\">\n\t\t\t\t<div class=\"elementor-element elementor-element-4629b4ca elementor-widget elementor-widget-text-editor\" data-id=\"4629b4ca\" data-element_type=\"widget\" data-e-type=\"widget\" data-widget_type=\"text-editor.default\">\n\t\t\t\t<div class=\"elementor-widget-container\">\n\t\t\t\t\t\t\t\t\t<p>La piscine vous est accessible durant votre s\u00e9jour en chambres d\u2019h\u00f4tes ou gites au Domaine du Buc. (De 8h30 \u00e0 20h30) .\u00a0 Elle n\u2019est pas accessible pour des personnes ext\u00e9rieures durant la journ\u00e9e.<\/p>\t\t\t\t\t\t\t\t<\/div>\n\t\t\t\t<\/div>\n\t\t\t\t<\/div>\n\t\t\t\t\t<\/details>\n\t\t\t\t\t<\/div>\n\t\t\t\t\t<script type=\"application\/ld+json\">{\"@context\":\"https:\\\/\\\/schema.org\",\"@type\":\"FAQPage\",\"mainEntity\":[{\"@type\":\"Question\",\"name\":\"Est il possible d\\u2019acc\\u00e9der \\u00e0 la piscine le jour de notre d\\u00e9part ?\",\"acceptedAnswer\":{\"@type\":\"Answer\",\"text\":\"En fonction de la fr\\u00e9quentation du site , il vous sera possible (ou non) de profiter d\\u2019un dernier bain (entre 11h et 12h30) avant votre d\\u00e9part . A voir sur place avec Brigitte\\u00a0\"}},{\"@type\":\"Question\",\"name\":\"La piscine est-elle chauff\\u00e9e ?\",\"acceptedAnswer\":{\"@type\":\"Answer\",\"text\":\"Par ce que nous sommes dans le Sud de la France\\u00a0et que nous nous essayons de respecter la planete, la piscine n\\u2019est pas chauff\\u00e9e. N\\u00e9anmoins la temp\\u00e9rature se situe entre 25 et 29 degr\\u00e9s en fonction de la saison.\\u00a0\"}},{\"@type\":\"Question\",\"name\":\"La piscine est elle accessible \\u00e0 tout moment ?\",\"acceptedAnswer\":{\"@type\":\"Answer\",\"text\":\"La piscine vous est accessible durant votre s\\u00e9jour en chambres d\\u2019h\\u00f4tes ou gites au Domaine du Buc. (De 8h30 \\u00e0 20h30) .\\u00a0 Elle n\\u2019est pas accessible pour des personnes ext\\u00e9rieures durant la journ\\u00e9e.\"}}]}<\/script>\n\t\t\t\t\t\t\t<\/div>\n\t\t\t\t<\/div>\n\t\t\t\t\t<\/div>\n\t\t\t\t<\/div>\n\t\t\t\t<\/div>\n\t\t","protected":false},"excerpt":{"rendered":"<p>An Albigensian family A former international volleyball player, I bounced back in tourism! I&#8217;m Brigitte, and for the past 20 years I&#8217;ve been reviving my ancestors&#8217; estate&#8230; for whom the balloon was more for tasting fine wines&#8230; With my children, Michael and Alissia, we&#8217;ll share with you the leap between generations from 1900 to 2026. [&hellip;]<\/p>\n","protected":false},"author":6,"featured_media":13365,"parent":0,"menu_order":0,"comment_status":"closed","ping_status":"closed","template":"","meta":{"_acf_changed":false,"inline_featured_image":false,"footnotes":""},"class_list":["post-14590","page","type-page","status-publish","has-post-thumbnail","hentry"],"acf":[],"_links":{"self":[{"href":"https:\/\/www.domainedubuc.com\/en\/wp-json\/wp\/v2\/pages\/14590","targetHints":{"allow":["GET"]}}],"collection":[{"href":"https:\/\/www.domainedubuc.com\/en\/wp-json\/wp\/v2\/pages"}],"about":[{"href":"https:\/\/www.domainedubuc.com\/en\/wp-json\/wp\/v2\/types\/page"}],"author":[{"embeddable":true,"href":"https:\/\/www.domainedubuc.com\/en\/wp-json\/wp\/v2\/users\/6"}],"replies":[{"embeddable":true,"href":"https:\/\/www.domainedubuc.com\/en\/wp-json\/wp\/v2\/comments?post=14590"}],"version-history":[{"count":2,"href":"https:\/\/www.domainedubuc.com\/en\/wp-json\/wp\/v2\/pages\/14590\/revisions"}],"predecessor-version":[{"id":15324,"href":"https:\/\/www.domainedubuc.com\/en\/wp-json\/wp\/v2\/pages\/14590\/revisions\/15324"}],"wp:featuredmedia":[{"embeddable":true,"href":"https:\/\/www.domainedubuc.com\/en\/wp-json\/wp\/v2\/media\/13365"}],"wp:attachment":[{"href":"https:\/\/www.domainedubuc.com\/en\/wp-json\/wp\/v2\/media?parent=14590"}],"curies":[{"name":"wp","href":"https:\/\/api.w.org\/{rel}","templated":true}]}}