{"id":15002,"date":"2026-03-30T15:41:38","date_gmt":"2026-03-30T14:41:38","guid":{"rendered":"https:\/\/www.domainedubuc.com\/cicloturismo\/"},"modified":"2026-03-30T15:42:26","modified_gmt":"2026-03-30T14:42:26","slug":"cicloturismo","status":"publish","type":"page","link":"https:\/\/www.domainedubuc.com\/es\/cicloturismo\/","title":{"rendered":"Cicloturismo"},"content":{"rendered":"\t\t<div data-elementor-type=\"wp-page\" data-elementor-id=\"15002\" class=\"elementor elementor-15002 elementor-14221\" data-elementor-post-type=\"page\">\n\t\t\t\t<div class=\"elementor-element elementor-element-b6cd61d e-flex e-con-boxed e-con e-parent\" data-id=\"b6cd61d\" data-element_type=\"container\" data-e-type=\"container\">\n\t\t\t\t\t<div class=\"e-con-inner\">\n\t\t<div class=\"elementor-element elementor-element-e1214a9 e-con-full e-flex e-con e-child\" data-id=\"e1214a9\" data-element_type=\"container\" data-e-type=\"container\">\n\t\t\t\t<div class=\"elementor-element elementor-element-7e98f7c elementor-widget elementor-widget-heading\" data-id=\"7e98f7c\" data-element_type=\"widget\" data-e-type=\"widget\" data-widget_type=\"heading.default\">\n\t\t\t\t<div class=\"elementor-widget-container\">\n\t\t\t\t\t<h2 class=\"elementor-heading-title elementor-size-default\">\u00bfTurismo en bicicleta?  <\/h2>\t\t\t\t<\/div>\n\t\t\t\t<\/div>\n\t\t\t\t<\/div>\n\t\t\t\t\t<\/div>\n\t\t\t\t<\/div>\n\t\t<div class=\"elementor-element elementor-element-72351fd e-flex e-con-boxed e-con e-parent\" data-id=\"72351fd\" data-element_type=\"container\" data-e-type=\"container\">\n\t\t\t\t\t<div class=\"e-con-inner\">\n\t\t<div class=\"elementor-element elementor-element-6a6359c e-con-full e-flex e-con e-child\" data-id=\"6a6359c\" data-element_type=\"container\" data-e-type=\"container\">\n\t\t\t\t<div class=\"elementor-element elementor-element-b137fdd elementor-widget elementor-widget-text-editor\" data-id=\"b137fdd\" data-element_type=\"widget\" data-e-type=\"widget\" data-widget_type=\"text-editor.default\">\n\t\t\t\t<div class=\"elementor-widget-container\">\n\t\t\t\t\t\t\t\t\t<p data-start=\"0\" data-end=\"154\">El <strong>cicloturismo<\/strong> es el arte de descubrir diferentes paisajes, pueblos y encuentros locales al ritmo de una bicicleta, ya sea el\u00e9ctrica o tradicional.<\/p><p data-start=\"156\" data-end=\"326\">Desde el Domaine du Buc, puedes <strong>explorar las riquezas culturales y naturales de las regiones de Albigeois y Gaillacois<\/strong> en varios itinerarios de f\u00e1cil acceso.<\/p><p data-start=\"328\" data-end=\"511\" data-is-last-node=\"\" data-is-only-node=\"\">Sea cual sea tu nivel o tu estado de \u00e1nimo, encontrar\u00e1s el recorrido ideal&#8230; antes de disfrutar de un momento de tranquilidad en el parque y relajarte <a href=\"https:\/\/www.domainedubuc.com\/le-parc-et-la-piscine\/\">junto a la piscina.<\/a><\/p><p>Con sus <a href=\"https:\/\/www.domainedubuc.com\/cat\/chambres-dhote\/\"><strong>5 habitaciones<\/strong><\/a> y sus <a href=\"https:\/\/www.domainedubuc.com\/cat\/gites\/\"><strong>2 casas rurales de prestigio<\/strong><\/a> el Domaine du Buc ofrece una amplia gama de opciones de alojamiento, seg\u00fan la duraci\u00f3n de tu estancia. Tambi\u00e9n puedes alquilar bicicletas el\u00e9ctricas in situ.   <\/p>\t\t\t\t\t\t\t\t<\/div>\n\t\t\t\t<\/div>\n\t\t\t\t<\/div>\n\t\t<div class=\"elementor-element elementor-element-1d4877d e-con-full e-flex e-con e-child\" data-id=\"1d4877d\" data-element_type=\"container\" data-e-type=\"container\">\n\t\t\t\t<div class=\"elementor-element elementor-element-815f1d4 elementor-widget elementor-widget-image\" data-id=\"815f1d4\" data-element_type=\"widget\" data-e-type=\"widget\" data-widget_type=\"image.default\">\n\t\t\t\t<div class=\"elementor-widget-container\">\n\t\t\t\t\t\t\t\t\t\t\t\t\t\t\t<img loading=\"lazy\" decoding=\"async\" width=\"800\" height=\"520\" src=\"https:\/\/www.domainedubuc.com\/wp-content\/uploads\/2023\/03\/chateau-tauzies\u00a9Pascale-Walter-26-1024x666.jpg\" class=\"attachment-large size-large wp-image-10953\" alt=\"velo electrique gaillac , photo pascale walter\" srcset=\"https:\/\/www.domainedubuc.com\/wp-content\/uploads\/2023\/03\/chateau-tauzies\u00a9Pascale-Walter-26-1024x666.jpg 1024w, https:\/\/www.domainedubuc.com\/wp-content\/uploads\/2023\/03\/chateau-tauzies\u00a9Pascale-Walter-26-300x195.jpg 300w, https:\/\/www.domainedubuc.com\/wp-content\/uploads\/2023\/03\/chateau-tauzies\u00a9Pascale-Walter-26.jpg 1200w\" sizes=\"auto, (max-width: 800px) 100vw, 800px\" \/>\t\t\t\t\t\t\t\t\t\t\t\t\t\t\t<\/div>\n\t\t\t\t<\/div>\n\t\t\t\t<\/div>\n\t\t\t\t\t<\/div>\n\t\t\t\t<\/div>\n\t\t<div class=\"elementor-element elementor-element-c328e7a e-flex e-con-boxed e-con e-parent\" data-id=\"c328e7a\" data-element_type=\"container\" data-e-type=\"container\">\n\t\t\t\t\t<div class=\"e-con-inner\">\n\t\t\t\t<div class=\"elementor-element elementor-element-2b9c270 elementor-widget elementor-widget-heading\" data-id=\"2b9c270\" data-element_type=\"widget\" data-e-type=\"widget\" data-widget_type=\"heading.default\">\n\t\t\t\t<div class=\"elementor-widget-container\">\n\t\t\t\t\t<h2 class=\"elementor-heading-title elementor-size-default\">Recorridos por la finca  <\/h2>\t\t\t\t<\/div>\n\t\t\t\t<\/div>\n\t\t\t\t\t<\/div>\n\t\t\t\t<\/div>\n\t\t<div class=\"elementor-element elementor-element-21de3a4 e-flex e-con-boxed e-con e-parent\" data-id=\"21de3a4\" data-element_type=\"container\" data-e-type=\"container\">\n\t\t\t\t\t<div class=\"e-con-inner\">\n\t\t<div class=\"elementor-element elementor-element-dff1e5d e-con-full e-flex e-con e-child\" data-id=\"dff1e5d\" data-element_type=\"container\" data-e-type=\"container\">\n\t\t\t\t<div class=\"elementor-element elementor-element-6da23cb elementor-widget elementor-widget-image\" data-id=\"6da23cb\" data-element_type=\"widget\" data-e-type=\"widget\" data-widget_type=\"image.default\">\n\t\t\t\t<div class=\"elementor-widget-container\">\n\t\t\t\t\t\t\t\t\t\t\t\t\t\t\t<img loading=\"lazy\" decoding=\"async\" width=\"536\" height=\"357\" src=\"https:\/\/www.domainedubuc.com\/wp-content\/uploads\/2021\/07\/3.jpg\" class=\"attachment-large size-large wp-image-9891\" alt=\"circuit v\u00e9lo\" srcset=\"https:\/\/www.domainedubuc.com\/wp-content\/uploads\/2021\/07\/3.jpg 536w, https:\/\/www.domainedubuc.com\/wp-content\/uploads\/2021\/07\/3-300x200.jpg 300w, https:\/\/www.domainedubuc.com\/wp-content\/uploads\/2021\/07\/3-529x353.jpg 529w, https:\/\/www.domainedubuc.com\/wp-content\/uploads\/2021\/07\/3-319x213.jpg 319w, https:\/\/www.domainedubuc.com\/wp-content\/uploads\/2021\/07\/3-505x337.jpg 505w\" sizes=\"auto, (max-width: 536px) 100vw, 536px\" \/>\t\t\t\t\t\t\t\t\t\t\t\t\t\t\t<\/div>\n\t\t\t\t<\/div>\n\t\t\t\t<\/div>\n\t\t<div class=\"elementor-element elementor-element-eba44f2 e-con-full e-flex e-con e-child\" data-id=\"eba44f2\" data-element_type=\"container\" data-e-type=\"container\">\n\t\t\t\t<div class=\"elementor-element elementor-element-9487aa0 elementor-widget elementor-widget-text-editor\" data-id=\"9487aa0\" data-element_type=\"widget\" data-e-type=\"widget\" data-widget_type=\"text-editor.default\">\n\t\t\t\t<div class=\"elementor-widget-container\">\n\t\t\t\t\t\t\t\t\t<p> <\/p><p>Numerosas aplicaciones para smartphone ofrecen recorridos con informaci\u00f3n muy precisa (duraci\u00f3n, desnivel, puntos de inter\u00e9s, km, etc.).<br \/>Entre las Apps, KOMOOT o VISUGPX  <\/p><p>He aqu\u00ed algunos ejemplos:  <\/p><p> <\/p><ul class=\"wp-block-list\"><li><a href=\"https:\/\/www.visugpx.com\/qcEag3IwoS\" target=\"_blank\" rel=\"noreferrer noopener\"><strong>Gran Bucle entre el Domaine y Saint Sulpice (153 km)  <\/strong><\/a><\/li><li><strong><a href=\"https:\/\/www.visugpx.com\/87z5sQAAOI\" target=\"_blank\" rel=\"noreferrer noopener\">A Lisle sur Tarn, por el Tarn (62 km)  <\/a><\/strong><\/li><li><a href=\"https:\/\/www.visugpx.com\/c3Rbm5m3gg\" target=\"_blank\" rel=\"noreferrer noopener\"><strong>De Domaine du Buc a Cordes sur Ciel (60 km)<\/strong><\/a><\/li><li><a href=\"https:\/\/www.visugpx.com\/Noz7ppCpby\" target=\"_blank\" rel=\"noreferrer noopener\"><strong>Un breve recorrido por la finca (20 km)  <\/strong><\/a><\/li><\/ul><p> <\/p>\t\t\t\t\t\t\t\t<\/div>\n\t\t\t\t<\/div>\n\t\t\t\t<\/div>\n\t\t\t\t\t<\/div>\n\t\t\t\t<\/div>\n\t\t<div class=\"elementor-element elementor-element-2f36104 e-flex e-con-boxed e-con e-parent\" data-id=\"2f36104\" data-element_type=\"container\" data-e-type=\"container\">\n\t\t\t\t\t<div class=\"e-con-inner\">\n\t\t<div class=\"elementor-element elementor-element-218b35c e-con-full e-flex e-con e-child\" data-id=\"218b35c\" data-element_type=\"container\" data-e-type=\"container\">\n\t\t\t\t<div class=\"elementor-element elementor-element-9dd7c5e elementor-widget elementor-widget-image\" data-id=\"9dd7c5e\" data-element_type=\"widget\" data-e-type=\"widget\" data-widget_type=\"image.default\">\n\t\t\t\t<div class=\"elementor-widget-container\">\n\t\t\t\t\t\t\t\t\t\t\t\t\t\t\t<img decoding=\"async\" width=\"587\" height=\"479\" src=\"https:\/\/www.domainedubuc.com\/wp-content\/uploads\/2019\/12\/Couverture_De_Sainte_Cecile_au_vignoble_gaillacois.jpg-1.jpg\" class=\"attachment-large size-large wp-image-7750\" alt=\"circuits v\u00e9los \u00e0 cot\u00e9 du domaine du buc chambres d&#039;hotes de charme\" loading=\"lazy\" srcset=\"https:\/\/www.domainedubuc.com\/wp-content\/uploads\/2019\/12\/Couverture_De_Sainte_Cecile_au_vignoble_gaillacois.jpg-1.jpg 587w, https:\/\/www.domainedubuc.com\/wp-content\/uploads\/2019\/12\/Couverture_De_Sainte_Cecile_au_vignoble_gaillacois.jpg-1-300x245.jpg 300w\" sizes=\"auto, (max-width: 587px) 100vw, 587px\" \/>\t\t\t\t\t\t\t\t\t\t\t\t\t\t\t<\/div>\n\t\t\t\t<\/div>\n\t\t\t\t<\/div>\n\t\t<div class=\"elementor-element elementor-element-79a6c4f e-con-full e-flex e-con e-child\" data-id=\"79a6c4f\" data-element_type=\"container\" data-e-type=\"container\">\n\t\t\t\t<div class=\"elementor-element elementor-element-2d6639e elementor-widget elementor-widget-image\" data-id=\"2d6639e\" data-element_type=\"widget\" data-e-type=\"widget\" data-widget_type=\"image.default\">\n\t\t\t\t<div class=\"elementor-widget-container\">\n\t\t\t\t\t\t\t\t\t\t\t\t\t\t\t<img decoding=\"async\" width=\"505\" height=\"337\" src=\"https:\/\/www.domainedubuc.com\/wp-content\/uploads\/2019\/12\/VTTViaur@PascaleWalter-TarnTourisme-velo-6.jpg\" class=\"attachment-large size-large wp-image-7761\" alt=\"\" loading=\"lazy\" srcset=\"https:\/\/www.domainedubuc.com\/wp-content\/uploads\/2019\/12\/VTTViaur@PascaleWalter-TarnTourisme-velo-6.jpg 505w, https:\/\/www.domainedubuc.com\/wp-content\/uploads\/2019\/12\/VTTViaur@PascaleWalter-TarnTourisme-velo-6-300x200.jpg 300w, https:\/\/www.domainedubuc.com\/wp-content\/uploads\/2019\/12\/VTTViaur@PascaleWalter-TarnTourisme-velo-6-319x213.jpg 319w\" sizes=\"auto, (max-width: 505px) 100vw, 505px\" \/>\t\t\t\t\t\t\t\t\t\t\t\t\t\t\t<\/div>\n\t\t\t\t<\/div>\n\t\t\t\t<\/div>\n\t\t\t\t\t<\/div>\n\t\t\t\t<\/div>\n\t\t\t\t<\/div>\n\t\t","protected":false},"excerpt":{"rendered":"<p>\u00bfTurismo en bicicleta? El cicloturismo es el arte de descubrir diferentes paisajes, pueblos y encuentros locales al ritmo de una bicicleta, ya sea el\u00e9ctrica o tradicional. Desde el Domaine du Buc, puedes explorar las riquezas culturales y naturales de las regiones de Albigeois y Gaillacois en varios itinerarios de f\u00e1cil acceso. Sea cual sea tu [&hellip;]<\/p>\n","protected":false},"author":6,"featured_media":15006,"parent":0,"menu_order":0,"comment_status":"closed","ping_status":"closed","template":"","meta":{"_acf_changed":false,"inline_featured_image":false,"footnotes":""},"class_list":["post-15002","page","type-page","status-publish","has-post-thumbnail","hentry"],"acf":[],"_links":{"self":[{"href":"https:\/\/www.domainedubuc.com\/es\/wp-json\/wp\/v2\/pages\/15002","targetHints":{"allow":["GET"]}}],"collection":[{"href":"https:\/\/www.domainedubuc.com\/es\/wp-json\/wp\/v2\/pages"}],"about":[{"href":"https:\/\/www.domainedubuc.com\/es\/wp-json\/wp\/v2\/types\/page"}],"author":[{"embeddable":true,"href":"https:\/\/www.domainedubuc.com\/es\/wp-json\/wp\/v2\/users\/6"}],"replies":[{"embeddable":true,"href":"https:\/\/www.domainedubuc.com\/es\/wp-json\/wp\/v2\/comments?post=15002"}],"version-history":[{"count":4,"href":"https:\/\/www.domainedubuc.com\/es\/wp-json\/wp\/v2\/pages\/15002\/revisions"}],"predecessor-version":[{"id":15085,"href":"https:\/\/www.domainedubuc.com\/es\/wp-json\/wp\/v2\/pages\/15002\/revisions\/15085"}],"wp:featuredmedia":[{"embeddable":true,"href":"https:\/\/www.domainedubuc.com\/es\/wp-json\/wp\/v2\/media\/15006"}],"wp:attachment":[{"href":"https:\/\/www.domainedubuc.com\/es\/wp-json\/wp\/v2\/media?parent=15002"}],"curies":[{"name":"wp","href":"https:\/\/api.w.org\/{rel}","templated":true}]}}