{"id":15013,"date":"2026-03-30T15:41:43","date_gmt":"2026-03-30T14:41:43","guid":{"rendered":"https:\/\/www.domainedubuc.com\/recepciones-privadas\/"},"modified":"2026-03-30T15:41:45","modified_gmt":"2026-03-30T14:41:45","slug":"recepciones-privadas","status":"publish","type":"page","link":"https:\/\/www.domainedubuc.com\/es\/recepciones-privadas\/","title":{"rendered":"Recepciones privadas"},"content":{"rendered":"\t\t<div data-elementor-type=\"wp-page\" data-elementor-id=\"15013\" class=\"elementor elementor-15013 elementor-12812\" data-elementor-post-type=\"page\">\n\t\t\t\t<div class=\"elementor-element elementor-element-1b0b3fd2 e-flex e-con-boxed e-con e-parent\" data-id=\"1b0b3fd2\" data-element_type=\"container\" data-e-type=\"container\">\n\t\t\t\t\t<div class=\"e-con-inner\">\n\t\t\t\t<div class=\"elementor-element elementor-element-93195db elementor-widget elementor-widget-heading\" data-id=\"93195db\" data-element_type=\"widget\" data-e-type=\"widget\" data-widget_type=\"heading.default\">\n\t\t\t\t<div class=\"elementor-widget-container\">\n\t\t\t\t\t<h2 class=\"elementor-heading-title elementor-size-default\">Para tu evento familiar o amistoso<\/h2>\t\t\t\t<\/div>\n\t\t\t\t<\/div>\n\t\t\t\t\t<\/div>\n\t\t\t\t<\/div>\n\t\t<div class=\"elementor-element elementor-element-33114bf e-flex e-con-boxed e-con e-parent\" data-id=\"33114bf\" data-element_type=\"container\" data-e-type=\"container\">\n\t\t\t\t\t<div class=\"e-con-inner\">\n\t\t<div class=\"elementor-element elementor-element-0950362 e-con-full e-flex e-con e-child\" data-id=\"0950362\" data-element_type=\"container\" data-e-type=\"container\">\n\t\t\t\t<div class=\"elementor-element elementor-element-8c91cfd elementor-widget elementor-widget-image\" data-id=\"8c91cfd\" data-element_type=\"widget\" data-e-type=\"widget\" data-widget_type=\"image.default\">\n\t\t\t\t<div class=\"elementor-widget-container\">\n\t\t\t\t\t\t\t\t\t\t\t\t\t\t\t<img loading=\"lazy\" decoding=\"async\" width=\"800\" height=\"600\" src=\"https:\/\/www.domainedubuc.com\/wp-content\/uploads\/2026\/03\/mariage.jpg\" class=\"attachment-large size-large wp-image-15015\" alt=\"evenement domaine du buc\" srcset=\"https:\/\/www.domainedubuc.com\/wp-content\/uploads\/2026\/03\/mariage.jpg 960w, https:\/\/www.domainedubuc.com\/wp-content\/uploads\/2026\/03\/mariage-300x225.jpg 300w\" sizes=\"auto, (max-width: 800px) 100vw, 800px\" \/>\t\t\t\t\t\t\t\t\t\t\t\t\t\t\t<\/div>\n\t\t\t\t<\/div>\n\t\t\t\t<\/div>\n\t\t<div class=\"elementor-element elementor-element-34bff33 e-con-full e-flex e-con e-child\" data-id=\"34bff33\" data-element_type=\"container\" data-e-type=\"container\">\n\t\t\t\t<div class=\"elementor-element elementor-element-c5841ee elementor-widget elementor-widget-text-editor\" data-id=\"c5841ee\" data-element_type=\"widget\" data-e-type=\"widget\" data-widget_type=\"text-editor.default\">\n\t\t\t\t<div class=\"elementor-widget-container\">\n\t\t\t\t\t\t\t\t\t<p>Con su magn\u00edfico <strong><a href=\"https:\/\/www.domainedubuc.com\/?p=4095\">sal\u00f3n abovedado de ladrillo del siglo XVII<\/a>, su<\/strong> comedor de \u00e9poca y sus 10 hect\u00e1reas de parque arbolado, el Domaine du Buc es ideal para <strong>acontecimientos familiares, bautizos, cumplea\u00f1os<\/strong>, etc.<\/p><p><strong>Un cambio total de aires<\/strong> y la sensaci\u00f3n de estar<strong> \u00abcomo en casa\u00bb!<br \/><\/strong>Para tu comodidad, <a href=\"https:\/\/www.domainedubuc.com\/cat\/chambres-dhote\/\">las 5 habitaciones de hu\u00e9spedes<\/a> tienen cuarto de ba\u00f1o. En la 2\u00aa planta, tenemos un <a href=\"https:\/\/www.domainedubuc.com\/chambres\/le-studio\/\">apartamento para 2\/3<\/a> personas. <a href=\"https:\/\/www.domainedubuc.com\/chambres\/le-pigeonnier\/\" target=\"_blank\" rel=\"noreferrer noopener\">En el palomar<\/a>, totalmente restaurado, tambi\u00e9n hay 2 habitaciones para 2 personas.  <\/p><p><strong>La capacidad m\u00e1xima es de 30 personas para comer o cenar (18 personas para alojarse).  <\/strong><\/p><p>Tambi\u00e9n podemos ofrecerte el uso <a href=\"https:\/\/www.domainedubuc.com\/le-parc\/\">del Parque<\/a> por la tarde, siempre que haga buen tiempo.<\/p>\t\t\t\t\t\t\t\t<\/div>\n\t\t\t\t<\/div>\n\t\t\t\t<\/div>\n\t\t\t\t\t<\/div>\n\t\t\t\t<\/div>\n\t\t<div class=\"elementor-element elementor-element-bb1540b e-flex e-con-boxed e-con e-parent\" data-id=\"bb1540b\" data-element_type=\"container\" data-e-type=\"container\">\n\t\t\t\t\t<div class=\"e-con-inner\">\n\t\t<div class=\"elementor-element elementor-element-f90a207 e-con-full e-flex e-con e-child\" data-id=\"f90a207\" data-element_type=\"container\" data-e-type=\"container\">\n\t\t\t\t<div class=\"elementor-element elementor-element-2f79a66 elementor-widget elementor-widget-text-editor\" data-id=\"2f79a66\" data-element_type=\"widget\" data-e-type=\"widget\" data-widget_type=\"text-editor.default\">\n\t\t\t\t<div class=\"elementor-widget-container\">\n\t\t\t\t\t\t\t\t\t<p> <\/p><p>NB: \u00a1Ofrecemos <a href=\"https:\/\/www.domainedubuc.com\/decouvrir\/actualites\/privatisez-le-chateau-le-temps-dun-week-end\/\">alquiler privado del castillo<\/a> y sus terrenos a personas que respeten el lugar!<br \/>No organizamos <strong>eventos privados en JULIO\/AGOSTO<\/strong>.<\/p><p><strong>Tarifas:<br \/><\/strong>C\u00f3cteles para bodas, <a href=\"https:\/\/www.domainedubuc.com\/privatisation\/louer-le-chateau\/\">reuniones familiares de fin de semana<\/a>, grupos, cursos art\u00edsticos, culturales o de desarrollo personal&#8230;<br \/>Alquiler de vest\u00edbulo\/sal\u00f3n\/comedor\/cocina (aprox. 110 m\u00b2) + terreno,<\/p><p>&#8211; Para almuerzos en s\u00e1bado o domingo (de 11.00 a 17.00 h): <strong>800 euros<\/strong>, IVA incluido (sin vajilla, manteler\u00eda ni limpieza)<\/p><p>&#8211; Para veladas festivas (por ejemplo, fiesta de cumplea\u00f1os para 30 personas) con alojamiento in situ (18 personas): <strong>1.900 euros<\/strong> IVA incluido\/noche (sin vajilla, manteles ni limpieza)<\/p>\t\t\t\t\t\t\t\t<\/div>\n\t\t\t\t<\/div>\n\t\t\t\t<\/div>\n\t\t<div class=\"elementor-element elementor-element-08a76c4 e-con-full e-flex e-con e-child\" data-id=\"08a76c4\" data-element_type=\"container\" data-e-type=\"container\">\n\t\t\t\t<div class=\"elementor-element elementor-element-c93b9b4 elementor-widget elementor-widget-image\" data-id=\"c93b9b4\" data-element_type=\"widget\" data-e-type=\"widget\" data-widget_type=\"image.default\">\n\t\t\t\t<div class=\"elementor-widget-container\">\n\t\t\t\t\t\t\t\t\t\t\t\t\t\t\t<img loading=\"lazy\" decoding=\"async\" width=\"692\" height=\"469\" src=\"https:\/\/www.domainedubuc.com\/wp-content\/uploads\/2019\/12\/cot\u00e9-sud-pig-2.jpg\" class=\"attachment-large size-large wp-image-7929\" alt=\"le parc du domaine du buc , chambres d hotes et gites proche albi\" srcset=\"https:\/\/www.domainedubuc.com\/wp-content\/uploads\/2019\/12\/cot\u00e9-sud-pig-2.jpg 692w, https:\/\/www.domainedubuc.com\/wp-content\/uploads\/2019\/12\/cot\u00e9-sud-pig-2-300x203.jpg 300w\" sizes=\"auto, (max-width: 692px) 100vw, 692px\" \/>\t\t\t\t\t\t\t\t\t\t\t\t\t\t\t<\/div>\n\t\t\t\t<\/div>\n\t\t\t\t<\/div>\n\t\t\t\t\t<\/div>\n\t\t\t\t<\/div>\n\t\t<div class=\"elementor-element elementor-element-30fed00 e-flex e-con-boxed e-con e-parent\" data-id=\"30fed00\" data-element_type=\"container\" data-e-type=\"container\">\n\t\t\t\t\t<div class=\"e-con-inner\">\n\t\t<div class=\"elementor-element elementor-element-219aa10 e-con-full e-flex e-con e-child\" data-id=\"219aa10\" data-element_type=\"container\" data-e-type=\"container\">\n\t\t\t\t<div class=\"elementor-element elementor-element-33ddda7 elementor-widget elementor-widget-image\" data-id=\"33ddda7\" data-element_type=\"widget\" data-e-type=\"widget\" data-widget_type=\"image.default\">\n\t\t\t\t<div class=\"elementor-widget-container\">\n\t\t\t\t\t\t\t\t\t\t\t\t\t\t\t<img decoding=\"async\" width=\"348\" height=\"357\" src=\"https:\/\/www.domainedubuc.com\/wp-content\/uploads\/2019\/12\/privatisation-chateau-evenements.jpg\" class=\"attachment-large size-large wp-image-7887\" alt=\"\u00e9v\u00e9nements mariage au chateau\" loading=\"lazy\" srcset=\"https:\/\/www.domainedubuc.com\/wp-content\/uploads\/2019\/12\/privatisation-chateau-evenements.jpg 348w, https:\/\/www.domainedubuc.com\/wp-content\/uploads\/2019\/12\/privatisation-chateau-evenements-292x300.jpg 292w\" sizes=\"auto, (max-width: 348px) 100vw, 348px\" \/>\t\t\t\t\t\t\t\t\t\t\t\t\t\t\t<\/div>\n\t\t\t\t<\/div>\n\t\t\t\t<\/div>\n\t\t<div class=\"elementor-element elementor-element-c670cc4 e-con-full e-flex e-con e-child\" data-id=\"c670cc4\" data-element_type=\"container\" data-e-type=\"container\">\n\t\t\t\t<div class=\"elementor-element elementor-element-7df78e0 elementor-widget elementor-widget-image\" data-id=\"7df78e0\" data-element_type=\"widget\" data-e-type=\"widget\" data-widget_type=\"image.default\">\n\t\t\t\t<div class=\"elementor-widget-container\">\n\t\t\t\t\t\t\t\t\t\t\t\t\t\t\t<img decoding=\"async\" width=\"505\" height=\"337\" src=\"https:\/\/www.domainedubuc.com\/wp-content\/uploads\/2016\/03\/ReceptionPriv6.jpg\" class=\"attachment-large size-large wp-image-5419\" alt=\"evenement familial\" loading=\"lazy\" srcset=\"https:\/\/www.domainedubuc.com\/wp-content\/uploads\/2016\/03\/ReceptionPriv6.jpg 505w, https:\/\/www.domainedubuc.com\/wp-content\/uploads\/2016\/03\/ReceptionPriv6-300x200.jpg 300w, https:\/\/www.domainedubuc.com\/wp-content\/uploads\/2016\/03\/ReceptionPriv6-319x213.jpg 319w\" sizes=\"auto, (max-width: 505px) 100vw, 505px\" \/>\t\t\t\t\t\t\t\t\t\t\t\t\t\t\t<\/div>\n\t\t\t\t<\/div>\n\t\t\t\t<\/div>\n\t\t\t\t\t<\/div>\n\t\t\t\t<\/div>\n\t\t\t\t<\/div>\n\t\t","protected":false},"excerpt":{"rendered":"<p>Para tu evento familiar o amistoso Con su magn\u00edfico sal\u00f3n abovedado de ladrillo del siglo XVII, su comedor de \u00e9poca y sus 10 hect\u00e1reas de parque arbolado, el Domaine du Buc es ideal para acontecimientos familiares, bautizos, cumplea\u00f1os, etc. Un cambio total de aires y la sensaci\u00f3n de estar \u00abcomo en casa\u00bb!Para tu comodidad, las [&hellip;]<\/p>\n","protected":false},"author":6,"featured_media":15014,"parent":0,"menu_order":0,"comment_status":"closed","ping_status":"closed","template":"","meta":{"_acf_changed":false,"inline_featured_image":false,"footnotes":""},"class_list":["post-15013","page","type-page","status-publish","has-post-thumbnail","hentry"],"acf":[],"_links":{"self":[{"href":"https:\/\/www.domainedubuc.com\/es\/wp-json\/wp\/v2\/pages\/15013","targetHints":{"allow":["GET"]}}],"collection":[{"href":"https:\/\/www.domainedubuc.com\/es\/wp-json\/wp\/v2\/pages"}],"about":[{"href":"https:\/\/www.domainedubuc.com\/es\/wp-json\/wp\/v2\/types\/page"}],"author":[{"embeddable":true,"href":"https:\/\/www.domainedubuc.com\/es\/wp-json\/wp\/v2\/users\/6"}],"replies":[{"embeddable":true,"href":"https:\/\/www.domainedubuc.com\/es\/wp-json\/wp\/v2\/comments?post=15013"}],"version-history":[{"count":1,"href":"https:\/\/www.domainedubuc.com\/es\/wp-json\/wp\/v2\/pages\/15013\/revisions"}],"predecessor-version":[{"id":15017,"href":"https:\/\/www.domainedubuc.com\/es\/wp-json\/wp\/v2\/pages\/15013\/revisions\/15017"}],"wp:featuredmedia":[{"embeddable":true,"href":"https:\/\/www.domainedubuc.com\/es\/wp-json\/wp\/v2\/media\/15014"}],"wp:attachment":[{"href":"https:\/\/www.domainedubuc.com\/es\/wp-json\/wp\/v2\/media?parent=15013"}],"curies":[{"name":"wp","href":"https:\/\/api.w.org\/{rel}","templated":true}]}}