{"id":15018,"date":"2026-03-30T15:41:45","date_gmt":"2026-03-30T14:41:45","guid":{"rendered":"https:\/\/www.domainedubuc.com\/los-vinedos-de-gaillac\/"},"modified":"2026-03-30T15:41:47","modified_gmt":"2026-03-30T14:41:47","slug":"los-vinedos-de-gaillac","status":"publish","type":"page","link":"https:\/\/www.domainedubuc.com\/es\/los-vinedos-de-gaillac\/","title":{"rendered":"Los vi\u00f1edos de Gaillac"},"content":{"rendered":"\t\t<div data-elementor-type=\"wp-page\" data-elementor-id=\"15018\" class=\"elementor elementor-15018 elementor-12854\" data-elementor-post-type=\"page\">\n\t\t\t\t<div class=\"elementor-element elementor-element-5716f95 e-flex e-con-boxed e-con e-parent\" data-id=\"5716f95\" data-element_type=\"container\" data-e-type=\"container\">\n\t\t\t\t\t<div class=\"e-con-inner\">\n\t\t\t\t<div class=\"elementor-element elementor-element-bfe9835 elementor-widget elementor-widget-text-editor\" data-id=\"bfe9835\" data-element_type=\"widget\" data-e-type=\"widget\" data-widget_type=\"text-editor.default\">\n\t\t\t\t<div class=\"elementor-widget-container\">\n\t\t\t\t\t\t\t\t\t<p>Si eres un amante del vino, \u00a1esta p\u00e1gina es para ti!<\/p>\n<p><\/p>\n<p>Hoy hemos elegido destacar los vi\u00f1edos de Gaillac, porque son una parte poco conocida de la <a href=\"https:\/\/www.domainedubuc.com\/decouvrir\/les-incontournables\/grands-sites-midi-pyrenees\/\" target=\"_blank\" rel=\"noreferrer noopener\"><strong>regi\u00f3n de Occitanie<\/strong><\/a> &#8230; Sin embargo, no hay cruce ni carretera que no se\u00f1ale un castillo aqu\u00ed, una granja all\u00e1 o una bodega cooperativa m\u00e1s all\u00e1. \u00a1Un rico patrimonio de la regi\u00f3n del Tarn! <\/p>\n<p><\/p>\n<p>Al\u00f3jate en nuestras <strong><a href=\"https:\/\/www.domainedubuc.com\/cat\/chambres-dhote\/\" target=\"_blank\" rel=\"noreferrer noopener\">encantadoras habitaciones<\/a><\/strong>o en <strong><a href=\"https:\/\/www.domainedubuc.com\/cat\/gites\/\" target=\"_blank\" rel=\"noreferrer noopener\">casa rural de prestigio<\/a><\/strong>y descubre los vi\u00f1edos de Gaillac.<\/p>\t\t\t\t\t\t\t\t<\/div>\n\t\t\t\t<\/div>\n\t\t\t\t\t<\/div>\n\t\t\t\t<\/div>\n\t\t<div class=\"elementor-element elementor-element-1c98066 e-flex e-con-boxed e-con e-parent\" data-id=\"1c98066\" data-element_type=\"container\" data-e-type=\"container\">\n\t\t\t\t\t<div class=\"e-con-inner\">\n\t\t\t\t<div class=\"elementor-element elementor-element-093602a elementor-widget elementor-widget-heading\" data-id=\"093602a\" data-element_type=\"widget\" data-e-type=\"widget\" data-widget_type=\"heading.default\">\n\t\t\t\t<div class=\"elementor-widget-container\">\n\t\t\t\t\t<h2 class=\"elementor-heading-title elementor-size-default\">Un poco de historia...<\/h2>\t\t\t\t<\/div>\n\t\t\t\t<\/div>\n\t\t\t\t\t<\/div>\n\t\t\t\t<\/div>\n\t\t<div class=\"elementor-element elementor-element-1b66f86 e-flex e-con-boxed e-con e-parent\" data-id=\"1b66f86\" data-element_type=\"container\" data-e-type=\"container\">\n\t\t\t\t\t<div class=\"e-con-inner\">\n\t\t<div class=\"elementor-element elementor-element-93c4170 e-con-full e-flex e-con e-child\" data-id=\"93c4170\" data-element_type=\"container\" data-e-type=\"container\">\n\t\t\t\t<div class=\"elementor-element elementor-element-ccbdd4f elementor-widget elementor-widget-text-editor\" data-id=\"ccbdd4f\" data-element_type=\"widget\" data-e-type=\"widget\" data-widget_type=\"text-editor.default\">\n\t\t\t\t<div class=\"elementor-widget-container\">\n\t\t\t\t\t\t\t\t\t<p><strong>Gaillac es uno de los vi\u00f1edos m\u00e1s antiguos de Francia<\/strong>, e indiscutiblemente el m\u00e1s antiguo del Suroeste.<\/p>\n<p>Hay varias razones por las que se han plantado vides en la zona de Gaillac y no en otros lugares:<strong> su privilegiada situaci\u00f3n geogr\u00e1fica<\/strong>, en la encrucijada de las v\u00edas fluviales y terrestres, y la fertilidad del suelo. Gaillac forma parte de la gran familia de <strong>los \u00abVinos del Suroeste <\/strong>\u00ab, que incluye 17 AOC y 12 IGP. <\/p>\n<div class=\"col-xs-12 col-md-8 texte\">\n<div>\n<p>Entre el oc\u00e9ano y el mar, el clima de Gaillac ofrece un marco id\u00edlico: la cantidad justa de <strong>humedad atl\u00e1ntica, calor mediterr\u00e1neo<\/strong> y una pizca del viento de Autan. <br \/>Todo para mimar las vi\u00f1as y permitir que las uvas se desarrollen hasta su madurez \u00f3ptima, para una gama de aromas generosa y seductora.<br \/>Los vi\u00f1edos de Gaillac se caracterizan por una gran diversidad de terru\u00f1os. Hay nada menos que 6: Terrasses de la Rive Gauche, Coteaux de la Rive Droite, Plateau Cordais, Zone de Cunac, Zone de Caban\u00e8s y Zone de Lavaur. <\/p>\n<\/div>\n<\/div>\n<div class=\"image col-xs-12 col-md-4 hidden-xs\"> <\/div>\t\t\t\t\t\t\t\t<\/div>\n\t\t\t\t<\/div>\n\t\t\t\t<\/div>\n\t\t<div class=\"elementor-element elementor-element-b6ffc58 e-con-full e-flex e-con e-child\" data-id=\"b6ffc58\" data-element_type=\"container\" data-e-type=\"container\">\n\t\t\t\t<div class=\"elementor-element elementor-element-637253a elementor-widget elementor-widget-image\" data-id=\"637253a\" data-element_type=\"widget\" data-e-type=\"widget\" data-widget_type=\"image.default\">\n\t\t\t\t<div class=\"elementor-widget-container\">\n\t\t\t\t\t\t\t\t\t\t\t\t\t\t\t<img loading=\"lazy\" decoding=\"async\" width=\"587\" height=\"479\" src=\"https:\/\/www.domainedubuc.com\/wp-content\/uploads\/2021\/06\/p16-17-Vue-du-ciel-Vignoble_Andillac-D.-Viet.tif-1200px-P1.jpg\" class=\"attachment-large size-large wp-image-9725\" alt=\"-Vue-du-ciel-Vignoble_Andillac @Viet\" srcset=\"https:\/\/www.domainedubuc.com\/wp-content\/uploads\/2021\/06\/p16-17-Vue-du-ciel-Vignoble_Andillac-D.-Viet.tif-1200px-P1.jpg 587w, https:\/\/www.domainedubuc.com\/wp-content\/uploads\/2021\/06\/p16-17-Vue-du-ciel-Vignoble_Andillac-D.-Viet.tif-1200px-P1-300x245.jpg 300w\" sizes=\"auto, (max-width: 587px) 100vw, 587px\" \/>\t\t\t\t\t\t\t\t\t\t\t\t\t\t\t<\/div>\n\t\t\t\t<\/div>\n\t\t\t\t<\/div>\n\t\t\t\t\t<\/div>\n\t\t\t\t<\/div>\n\t\t<div class=\"elementor-element elementor-element-4c36f08 e-flex e-con-boxed e-con e-parent\" data-id=\"4c36f08\" data-element_type=\"container\" data-e-type=\"container\">\n\t\t\t\t\t<div class=\"e-con-inner\">\n\t\t\t\t<div class=\"elementor-element elementor-element-d02132a elementor-widget elementor-widget-heading\" data-id=\"d02132a\" data-element_type=\"widget\" data-e-type=\"widget\" data-widget_type=\"heading.default\">\n\t\t\t\t<div class=\"elementor-widget-container\">\n\t\t\t\t\t<h2 class=\"elementor-heading-title elementor-size-default\">La etiqueta Vignobles &amp; D\u00e9couvertes<\/h2>\t\t\t\t<\/div>\n\t\t\t\t<\/div>\n\t\t\t\t\t<\/div>\n\t\t\t\t<\/div>\n\t\t<div class=\"elementor-element elementor-element-278f8f3 e-flex e-con-boxed e-con e-parent\" data-id=\"278f8f3\" data-element_type=\"container\" data-e-type=\"container\">\n\t\t\t\t\t<div class=\"e-con-inner\">\n\t\t<div class=\"elementor-element elementor-element-7164802 e-con-full e-flex e-con e-child\" data-id=\"7164802\" data-element_type=\"container\" data-e-type=\"container\">\n\t\t\t\t<div class=\"elementor-element elementor-element-5656a54 elementor-widget elementor-widget-image\" data-id=\"5656a54\" data-element_type=\"widget\" data-e-type=\"widget\" data-widget_type=\"image.default\">\n\t\t\t\t<div class=\"elementor-widget-container\">\n\t\t\t\t\t\t\t\t\t\t\t\t\t\t\t<img loading=\"lazy\" decoding=\"async\" width=\"800\" height=\"374\" src=\"https:\/\/www.domainedubuc.com\/wp-content\/uploads\/2016\/03\/Tour-oenologie-2-chambres-dhotes-1024x479.jpg\" class=\"attachment-large size-large wp-image-9283\" alt=\"degustation vins de gaillac decouverte oenologie\" srcset=\"https:\/\/www.domainedubuc.com\/wp-content\/uploads\/2016\/03\/Tour-oenologie-2-chambres-dhotes-1024x479.jpg 1024w, https:\/\/www.domainedubuc.com\/wp-content\/uploads\/2016\/03\/Tour-oenologie-2-chambres-dhotes-300x140.jpg 300w, https:\/\/www.domainedubuc.com\/wp-content\/uploads\/2016\/03\/Tour-oenologie-2-chambres-dhotes.jpg 1280w\" sizes=\"auto, (max-width: 800px) 100vw, 800px\" \/>\t\t\t\t\t\t\t\t\t\t\t\t\t\t\t<\/div>\n\t\t\t\t<\/div>\n\t\t\t\t<\/div>\n\t\t<div class=\"elementor-element elementor-element-21477d8 e-con-full e-flex e-con e-child\" data-id=\"21477d8\" data-element_type=\"container\" data-e-type=\"container\">\n\t\t\t\t<div class=\"elementor-element elementor-element-9f48651 elementor-widget elementor-widget-text-editor\" data-id=\"9f48651\" data-element_type=\"widget\" data-e-type=\"widget\" data-widget_type=\"text-editor.default\">\n\t\t\t\t<div class=\"elementor-widget-container\">\n\t\t\t\t\t\t\t\t\t<p>Desde 2010, los vi\u00f1edos de Gaillac han sido galardonados con el premio <strong><a href=\"https:\/\/www.tourisme-vignoble-bastides.com\/label-vignoble-decouverte\" target=\"_blank\" rel=\"noreferrer noopener\">Vignobles &amp; D\u00e9couvertes<\/a><\/strong>. Este reconocimiento, otorgado por Atout France (Agencia Francesa de Desarrollo Tur\u00edstico), recompensa a los destinos tur\u00edsticos y vitivin\u00edcolas que ofrecen una amplia gama de productos tur\u00edsticos complementarios, facilitando a los clientes la organizaci\u00f3n de su estancia y orient\u00e1ndoles hacia servicios cualificados. <\/p>\n<p><\/p>\n<p>Nos mueve este deseo de avanzar juntos, por eso colaboramos con <a href=\"http:\/\/www.gaillacvisit.fr\" target=\"_blank\" rel=\"noreferrer noopener\"><strong>Gaillac Visit<\/strong><\/a>una agencia de turismo Made in Tarn especializada en enoturismo. Fanny y Mathilde pueden ofrecerte:<br \/>. Ap\u00e9ro bateau: \u00a1imprescindible este verano! (cata de vinos a bordo de una gabarra)<br \/>. Ruta del vino<br \/>. Taller de vinos<br \/>. Ap\u00e9ro Time: una forma divertida de descubrir el vino (juegos de olfato y gusto)<br \/>\u00a1Una c\u00e1lida bienvenida garantizada! Tanto si eres en\u00f3filo, epic\u00fareo o turista curioso, hay algo para todos&#8230;       <\/p>\t\t\t\t\t\t\t\t<\/div>\n\t\t\t\t<\/div>\n\t\t\t\t<\/div>\n\t\t\t\t\t<\/div>\n\t\t\t\t<\/div>\n\t\t<div class=\"elementor-element elementor-element-97d1027 e-flex e-con-boxed e-con e-parent\" data-id=\"97d1027\" data-element_type=\"container\" data-e-type=\"container\">\n\t\t\t\t\t<div class=\"e-con-inner\">\n\t\t<div class=\"elementor-element elementor-element-8ee12f7 e-con-full e-flex e-con e-child\" data-id=\"8ee12f7\" data-element_type=\"container\" data-e-type=\"container\">\n\t\t\t\t<div class=\"elementor-element elementor-element-7d424b9 elementor-widget elementor-widget-heading\" data-id=\"7d424b9\" data-element_type=\"widget\" data-e-type=\"widget\" data-widget_type=\"heading.default\">\n\t\t\t\t<div class=\"elementor-widget-container\">\n\t\t\t\t\t<h2 class=\"elementor-heading-title elementor-size-default\">Vacaciones ecol\u00f3gicas<\/h2>\t\t\t\t<\/div>\n\t\t\t\t<\/div>\n\t\t\t\t<\/div>\n\t\t\t\t\t<\/div>\n\t\t\t\t<\/div>\n\t\t<div class=\"elementor-element elementor-element-3af9f65 e-flex e-con-boxed e-con e-parent\" data-id=\"3af9f65\" data-element_type=\"container\" data-e-type=\"container\">\n\t\t\t\t\t<div class=\"e-con-inner\">\n\t\t<div class=\"elementor-element elementor-element-4a32af1 e-con-full e-flex e-con e-child\" data-id=\"4a32af1\" data-element_type=\"container\" data-e-type=\"container\">\n\t\t\t\t<div class=\"elementor-element elementor-element-8c678fa elementor-widget elementor-widget-text-editor\" data-id=\"8c678fa\" data-element_type=\"widget\" data-e-type=\"widget\" data-widget_type=\"text-editor.default\">\n\t\t\t\t<div class=\"elementor-widget-container\">\n\t\t\t\t\t\t\t\t\t<p>En el Domaine du Buc, cada vez nos orientamos m\u00e1s hacia un modo de vida m\u00e1s ecol\u00f3gico. Por eso te animamos a descubrir el vino biodin\u00e1mico, que lleva a\u00fan m\u00e1s lejos el enfoque ecol\u00f3gico. \u00bfC\u00f3mo lo hacemos? Intensificando la vida del suelo y utilizando el calendario lunar. En la regi\u00f3n de Gaillac hay 80 explotaciones ecol\u00f3gicas, \u00a1que representan el 16% de los vi\u00f1edos! Otra sugerencia para los \u00abturistas lentos <strong><a href=\"https:\/\/www.domainedubuc.com\/decouvrir\/les-incontournables\/la-route-des-vins-de-gaillac\/\" target=\"_blank\" rel=\"noreferrer noopener\">la ruta del vino de Gaillac<\/a> <\/strong>\u00a1en bicicleta! Y para los deportistas, pero no demasiado, la opci\u00f3n de la bicicleta el\u00e9ctrica es ideal.      <\/p>\n<p><\/p>\n<p>\u00bfYa est\u00e1s salivando? No lo dudes, reserva tu estancia en uno de nuestros<strong> <a href=\"https:\/\/www.domainedubuc.com\/cat\/chambres-dhote\/\" target=\"_blank\" rel=\"noreferrer noopener\">alojamiento y desayuno<\/a><\/strong> en el Domaine du Buc. Tambi\u00e9n ofrecemos una estancia tem\u00e1tica <strong><a href=\"https:\/\/www.domainedubuc.com\/decouvrir\/sejours-a-theme\/tour-oenologique-12-journee\/\" target=\"_blank\" rel=\"noreferrer noopener\">ruta del vino de 1 noche<\/a><\/strong>.  <\/p>\n<p><\/p>\n<p><em>Abusar del alcohol es peligroso para la salud. Bebe con moderaci\u00f3n. <\/em><\/p>\t\t\t\t\t\t\t\t<\/div>\n\t\t\t\t<\/div>\n\t\t\t\t<\/div>\n\t\t<div class=\"elementor-element elementor-element-c5bce5b e-con-full e-flex e-con e-child\" data-id=\"c5bce5b\" data-element_type=\"container\" data-e-type=\"container\">\n\t\t\t\t<div class=\"elementor-element elementor-element-74f5c7f elementor-widget elementor-widget-image\" data-id=\"74f5c7f\" data-element_type=\"widget\" data-e-type=\"widget\" data-widget_type=\"image.default\">\n\t\t\t\t<div class=\"elementor-widget-container\">\n\t\t\t\t\t\t\t\t\t\t\t\t\t\t\t<img decoding=\"async\" width=\"446\" height=\"337\" src=\"https:\/\/www.domainedubuc.com\/wp-content\/uploads\/2016\/02\/Gaillac_7.jpg\" class=\"attachment-large size-large wp-image-4978\" alt=\"Vignoble de Gaillac, Tarn\" loading=\"lazy\" srcset=\"https:\/\/www.domainedubuc.com\/wp-content\/uploads\/2016\/02\/Gaillac_7.jpg 446w, https:\/\/www.domainedubuc.com\/wp-content\/uploads\/2016\/02\/Gaillac_7-300x227.jpg 300w\" sizes=\"auto, (max-width: 446px) 100vw, 446px\" \/>\t\t\t\t\t\t\t\t\t\t\t\t\t\t\t<\/div>\n\t\t\t\t<\/div>\n\t\t\t\t<\/div>\n\t\t\t\t\t<\/div>\n\t\t\t\t<\/div>\n\t\t\t\t<\/div>\n\t\t","protected":false},"excerpt":{"rendered":"<p>Si eres un amante del vino, \u00a1esta p\u00e1gina es para ti! Hoy hemos elegido destacar los vi\u00f1edos de Gaillac, porque son una parte poco conocida de la regi\u00f3n de Occitanie &#8230; Sin embargo, no hay cruce ni carretera que no se\u00f1ale un castillo aqu\u00ed, una granja all\u00e1 o una bodega cooperativa m\u00e1s all\u00e1. \u00a1Un rico [&hellip;]<\/p>\n","protected":false},"author":6,"featured_media":15020,"parent":0,"menu_order":0,"comment_status":"closed","ping_status":"closed","template":"","meta":{"_acf_changed":false,"inline_featured_image":false,"footnotes":""},"class_list":["post-15018","page","type-page","status-publish","has-post-thumbnail","hentry"],"acf":[],"_links":{"self":[{"href":"https:\/\/www.domainedubuc.com\/es\/wp-json\/wp\/v2\/pages\/15018","targetHints":{"allow":["GET"]}}],"collection":[{"href":"https:\/\/www.domainedubuc.com\/es\/wp-json\/wp\/v2\/pages"}],"about":[{"href":"https:\/\/www.domainedubuc.com\/es\/wp-json\/wp\/v2\/types\/page"}],"author":[{"embeddable":true,"href":"https:\/\/www.domainedubuc.com\/es\/wp-json\/wp\/v2\/users\/6"}],"replies":[{"embeddable":true,"href":"https:\/\/www.domainedubuc.com\/es\/wp-json\/wp\/v2\/comments?post=15018"}],"version-history":[{"count":1,"href":"https:\/\/www.domainedubuc.com\/es\/wp-json\/wp\/v2\/pages\/15018\/revisions"}],"predecessor-version":[{"id":15023,"href":"https:\/\/www.domainedubuc.com\/es\/wp-json\/wp\/v2\/pages\/15018\/revisions\/15023"}],"wp:featuredmedia":[{"embeddable":true,"href":"https:\/\/www.domainedubuc.com\/es\/wp-json\/wp\/v2\/media\/15020"}],"wp:attachment":[{"href":"https:\/\/www.domainedubuc.com\/es\/wp-json\/wp\/v2\/media?parent=15018"}],"curies":[{"name":"wp","href":"https:\/\/api.w.org\/{rel}","templated":true}]}}