{"id":15019,"date":"2026-03-30T15:41:45","date_gmt":"2026-03-30T14:41:45","guid":{"rendered":"https:\/\/www.domainedubuc.com\/eventos-especiales\/"},"modified":"2026-03-30T15:41:48","modified_gmt":"2026-03-30T14:41:48","slug":"eventos-especiales","status":"publish","type":"page","link":"https:\/\/www.domainedubuc.com\/es\/eventos-especiales\/","title":{"rendered":"Eventos especiales"},"content":{"rendered":"\t\t<div data-elementor-type=\"wp-page\" data-elementor-id=\"15019\" class=\"elementor elementor-15019 elementor-12814\" data-elementor-post-type=\"page\">\n\t\t\t\t<div class=\"elementor-element elementor-element-58d5dda e-flex e-con-boxed e-con e-parent\" data-id=\"58d5dda\" data-element_type=\"container\" data-e-type=\"container\">\n\t\t\t\t\t<div class=\"e-con-inner\">\n\t\t\t\t<div class=\"elementor-element elementor-element-791ebc9 elementor-widget elementor-widget-heading\" data-id=\"791ebc9\" data-element_type=\"widget\" data-e-type=\"widget\" data-widget_type=\"heading.default\">\n\t\t\t\t<div class=\"elementor-widget-container\">\n\t\t\t\t\t<h2 class=\"elementor-heading-title elementor-size-default\">Rodajes<\/h2>\t\t\t\t<\/div>\n\t\t\t\t<\/div>\n\t\t\t\t\t<\/div>\n\t\t\t\t<\/div>\n\t\t<div class=\"elementor-element elementor-element-99d58ef e-flex e-con-boxed e-con e-parent\" data-id=\"99d58ef\" data-element_type=\"container\" data-e-type=\"container\">\n\t\t\t\t\t<div class=\"e-con-inner\">\n\t\t<div class=\"elementor-element elementor-element-a8103b5 e-con-full e-flex e-con e-child\" data-id=\"a8103b5\" data-element_type=\"container\" data-e-type=\"container\">\n\t\t\t\t<div class=\"elementor-element elementor-element-545d2ca elementor-widget elementor-widget-image\" data-id=\"545d2ca\" data-element_type=\"widget\" data-e-type=\"widget\" data-widget_type=\"image.default\">\n\t\t\t\t<div class=\"elementor-widget-container\">\n\t\t\t\t\t\t\t\t\t\t\t\t\t\t\t<img loading=\"lazy\" decoding=\"async\" width=\"587\" height=\"479\" src=\"https:\/\/www.domainedubuc.com\/wp-content\/uploads\/2017\/12\/Tournage-film-1b.jpg\" class=\"attachment-large size-large wp-image-6468\" alt=\"tournages de films sud ouest\" srcset=\"https:\/\/www.domainedubuc.com\/wp-content\/uploads\/2017\/12\/Tournage-film-1b.jpg 587w, https:\/\/www.domainedubuc.com\/wp-content\/uploads\/2017\/12\/Tournage-film-1b-300x245.jpg 300w\" sizes=\"auto, (max-width: 587px) 100vw, 587px\" \/>\t\t\t\t\t\t\t\t\t\t\t\t\t\t\t<\/div>\n\t\t\t\t<\/div>\n\t\t\t\t<\/div>\n\t\t<div class=\"elementor-element elementor-element-14f83bf e-con-full e-flex e-con e-child\" data-id=\"14f83bf\" data-element_type=\"container\" data-e-type=\"container\">\n\t\t\t\t<div class=\"elementor-element elementor-element-75b3f62 elementor-widget elementor-widget-text-editor\" data-id=\"75b3f62\" data-element_type=\"widget\" data-e-type=\"widget\" data-widget_type=\"text-editor.default\">\n\t\t\t\t<div class=\"elementor-widget-container\">\n\t\t\t\t\t\t\t\t\t<p>El Domaine du Buc ofrece muchas posibilidades para <strong>rodajes<\/strong> en el Parque, el <a href=\"https:\/\/www.domainedubuc.com\/?p=4099\"><strong>Pigeonnier<\/strong><\/a> o en el <a href=\"https:\/\/www.domainedubuc.com\/?p=4095\"><strong>Castillo<\/strong><\/a> del siglo XIX.<\/p><p>Si quieres dormir en el <strong>\u00ab<\/strong>camerino de <strong>Philippe Torreton<\/strong>, <strong>G\u00e9rad Lanvin<\/strong> o <strong>Val\u00e9rie Kaprisky<\/strong> \u00ab, \u00a1es muy f\u00e1cil! <br \/> \u00a1Reserva directamente en una de <a href=\"https:\/\/www.domainedubuc.com\/cat\/chambres-dhote\/\">nuestras encantadoras habitaciones<\/a>!<\/p><p>El lugar se adapta perfectamente a un ambiente de \u00abBelle Epoque\u00bb. En 2004, acogimos el rodaje de la pel\u00edcula de Jean Daniel Verhaeghe <strong>\u00abJaures, nacimiento de un gigante<\/strong>\u00ab, protagonizada por<strong> Philippe Torreton<\/strong> y <strong>Val\u00e9rie Kaprisky<\/strong>. <\/p><p>En 2009, se rod\u00f3 una escena de <strong>\u00abFils \u00e0 Jo\u00bb<\/strong> (protagonizada por <strong>G\u00e9rard Lanvin<\/strong>) en el sal\u00f3n del Domaine &#8230;.<\/p><p>El Domaine du Buc tambi\u00e9n es un lugar ideal para <strong>sesiones fotogr\u00e1ficas<\/strong> (publicidad o bodas). No dudes en ponerte en contacto con <a href=\"https:\/\/www.domainedubuc.com\/contact\/\">Brigitte <\/a> 06 70 14 96 47 para m\u00e1s informaci\u00f3n. <\/p>\t\t\t\t\t\t\t\t<\/div>\n\t\t\t\t<\/div>\n\t\t\t\t<\/div>\n\t\t\t\t\t<\/div>\n\t\t\t\t<\/div>\n\t\t<div class=\"elementor-element elementor-element-5f48033 e-flex e-con-boxed e-con e-parent\" data-id=\"5f48033\" data-element_type=\"container\" data-e-type=\"container\">\n\t\t\t\t\t<div class=\"e-con-inner\">\n\t\t\t\t<div class=\"elementor-element elementor-element-0e3ea8d elementor-widget elementor-widget-heading\" data-id=\"0e3ea8d\" data-element_type=\"widget\" data-e-type=\"widget\" data-widget_type=\"heading.default\">\n\t\t\t\t<div class=\"elementor-widget-container\">\n\t\t\t\t\t<h2 class=\"elementor-heading-title elementor-size-default\">Creaci\u00f3n de equipos corporativos  <\/h2>\t\t\t\t<\/div>\n\t\t\t\t<\/div>\n\t\t\t\t\t<\/div>\n\t\t\t\t<\/div>\n\t\t<div class=\"elementor-element elementor-element-232a5de e-flex e-con-boxed e-con e-parent\" data-id=\"232a5de\" data-element_type=\"container\" data-e-type=\"container\">\n\t\t\t\t\t<div class=\"e-con-inner\">\n\t\t<div class=\"elementor-element elementor-element-163e9c2 e-con-full e-flex e-con e-child\" data-id=\"163e9c2\" data-element_type=\"container\" data-e-type=\"container\">\n\t\t\t\t<div class=\"elementor-element elementor-element-523b1d9 elementor-widget elementor-widget-text-editor\" data-id=\"523b1d9\" data-element_type=\"widget\" data-e-type=\"widget\" data-widget_type=\"text-editor.default\">\n\t\t\t\t<div class=\"elementor-widget-container\">\n\t\t\t\t\t\t\t\t\t<p>Con el parque, el sal\u00f3n-comedor, el palomar o el castillo, hay muchas posibilidades de organizar in situ<strong>actos para fomentar el esp\u00edritu de equipo<\/strong>.<\/p><p>Trabajamos con varias agencias de organizaci\u00f3n de eventos (entre ellas <a href=\"http:\/\/www.toulevents.com\/\" target=\"_blank\" rel=\"noreferrer noopener\" aria-label=\"Toul&#039;events (s\u2019ouvre dans un nouvel onglet)\"><strong>Toul&#8217;events<\/strong><\/a> en Toulouse, o <a href=\"https:\/\/www.gaillacvisit.fr\/\" target=\"_blank\" rel=\"noreferrer noopener\" aria-label=\"Gaillac Visit (s\u2019ouvre dans un nouvel onglet)\"><strong>Gaillac Visit<\/strong>  <\/a> ) que pueden organizar para ti una gran jornada de entretenimiento. . He aqu\u00ed algunos ejemplos:<\/p><p><strong>Clases de cocina:<\/strong> en grupos de 6 a 8 personas, dirigidas por un chef, \u00a1preparar\u00e1s la comida o la cena en la cocina del castillo! <\/p><p><strong>Cata de vinos<\/strong>: Con un en\u00f3logo profesional, descubre las variedades de uva y los vi\u00f1edos de Gaillac, su historia, su patrimonio y sus an\u00e9cdotas.<\/p>\t\t\t\t\t\t\t\t<\/div>\n\t\t\t\t<\/div>\n\t\t\t\t<\/div>\n\t\t<div class=\"elementor-element elementor-element-7af6bce e-con-full e-flex e-con e-child\" data-id=\"7af6bce\" data-element_type=\"container\" data-e-type=\"container\">\n\t\t\t\t<div class=\"elementor-element elementor-element-0f63227 elementor-widget elementor-widget-image\" data-id=\"0f63227\" data-element_type=\"widget\" data-e-type=\"widget\" data-widget_type=\"image.default\">\n\t\t\t\t<div class=\"elementor-widget-container\">\n\t\t\t\t\t\t\t\t\t\t\t\t\t\t\t<img loading=\"lazy\" decoding=\"async\" width=\"800\" height=\"600\" src=\"https:\/\/www.domainedubuc.com\/wp-content\/uploads\/2026\/03\/IMG_3479-1024x768.jpg\" class=\"attachment-large size-large wp-image-15021\" alt=\"cours de cuisine domaine du buc\" srcset=\"https:\/\/www.domainedubuc.com\/wp-content\/uploads\/2026\/03\/IMG_3479-1024x768.jpg 1024w, https:\/\/www.domainedubuc.com\/wp-content\/uploads\/2026\/03\/IMG_3479-300x225.jpg 300w, https:\/\/www.domainedubuc.com\/wp-content\/uploads\/2026\/03\/IMG_3479-1536x1152.jpg 1536w, https:\/\/www.domainedubuc.com\/wp-content\/uploads\/2026\/03\/IMG_3479-2048x1536.jpg 2048w, https:\/\/www.domainedubuc.com\/wp-content\/uploads\/2026\/03\/IMG_3479-scaled.jpg 1600w\" sizes=\"auto, (max-width: 800px) 100vw, 800px\" \/>\t\t\t\t\t\t\t\t\t\t\t\t\t\t\t<\/div>\n\t\t\t\t<\/div>\n\t\t\t\t<\/div>\n\t\t\t\t\t<\/div>\n\t\t\t\t<\/div>\n\t\t<div class=\"elementor-element elementor-element-ab595c1 e-flex e-con-boxed e-con e-parent\" data-id=\"ab595c1\" data-element_type=\"container\" data-e-type=\"container\">\n\t\t\t\t\t<div class=\"e-con-inner\">\n\t\t\t\t<div class=\"elementor-element elementor-element-c266655 elementor-widget elementor-widget-heading\" data-id=\"c266655\" data-element_type=\"widget\" data-e-type=\"widget\" data-widget_type=\"heading.default\">\n\t\t\t\t<div class=\"elementor-widget-container\">\n\t\t\t\t\t<h2 class=\"elementor-heading-title elementor-size-default\">Fiesta del asesinato<\/h2>\t\t\t\t<\/div>\n\t\t\t\t<\/div>\n\t\t\t\t\t<\/div>\n\t\t\t\t<\/div>\n\t\t<div class=\"elementor-element elementor-element-a5b9a49 e-flex e-con-boxed e-con e-parent\" data-id=\"a5b9a49\" data-element_type=\"container\" data-e-type=\"container\">\n\t\t\t\t\t<div class=\"e-con-inner\">\n\t\t<div class=\"elementor-element elementor-element-9505bc5 e-con-full e-flex e-con e-child\" data-id=\"9505bc5\" data-element_type=\"container\" data-e-type=\"container\">\n\t\t\t\t<div class=\"elementor-element elementor-element-c470cba elementor-widget elementor-widget-image\" data-id=\"c470cba\" data-element_type=\"widget\" data-e-type=\"widget\" data-widget_type=\"image.default\">\n\t\t\t\t<div class=\"elementor-widget-container\">\n\t\t\t\t\t\t\t\t\t\t\t\t\t\t\t<img decoding=\"async\" width=\"800\" height=\"533\" src=\"https:\/\/www.domainedubuc.com\/wp-content\/uploads\/2016\/03\/mortelle-soiree2-1024x682.jpg\" class=\"attachment-large size-large wp-image-7006\" alt=\"mortelle-soiree-incentive-domaine du buc\" loading=\"lazy\" srcset=\"https:\/\/www.domainedubuc.com\/wp-content\/uploads\/2016\/03\/mortelle-soiree2-1024x682.jpg 1024w, https:\/\/www.domainedubuc.com\/wp-content\/uploads\/2016\/03\/mortelle-soiree2-300x200.jpg 300w, https:\/\/www.domainedubuc.com\/wp-content\/uploads\/2016\/03\/mortelle-soiree2-529x353.jpg 529w, https:\/\/www.domainedubuc.com\/wp-content\/uploads\/2016\/03\/mortelle-soiree2-319x213.jpg 319w, https:\/\/www.domainedubuc.com\/wp-content\/uploads\/2016\/03\/mortelle-soiree2-505x337.jpg 505w, https:\/\/www.domainedubuc.com\/wp-content\/uploads\/2016\/03\/mortelle-soiree2.jpg 1600w\" sizes=\"auto, (max-width: 800px) 100vw, 800px\" \/>\t\t\t\t\t\t\t\t\t\t\t\t\t\t\t<\/div>\n\t\t\t\t<\/div>\n\t\t\t\t<\/div>\n\t\t<div class=\"elementor-element elementor-element-565596c e-con-full e-flex e-con e-child\" data-id=\"565596c\" data-element_type=\"container\" data-e-type=\"container\">\n\t\t\t\t<div class=\"elementor-element elementor-element-81b7c06 elementor-widget elementor-widget-text-editor\" data-id=\"81b7c06\" data-element_type=\"widget\" data-e-type=\"widget\" data-widget_type=\"text-editor.default\">\n\t\t\t\t<div class=\"elementor-widget-container\">\n\t\t\t\t\t\t\t\t\t<p>Un equipo de profesionales puede amenizar tu<strong> evento de empresa<\/strong> de forma original con una jornada\/noche de investigaci\u00f3n Grandeur Nature en franc\u00e9s o ingl\u00e9s, tambi\u00e9n conocida como <strong>Murder Party.<br \/><\/strong>Estos peque\u00f1os asesinatos son una oportunidad para ejercitar tu perspicacia resolviendo una investigaci\u00f3n policial.<\/p><ul><li><ul><li>Observaci\u00f3n de la escena del crimen<\/li><\/ul><\/li><\/ul><ul><li><ul><li>Entrevista con el testigo<\/li><\/ul><\/li><\/ul><ul><li><ul><li>Entrevistar a sospechosos<\/li><\/ul><\/li><\/ul><ul><li>An\u00e1lisis de pruebas forenses<\/li><\/ul><p>Para tu evento corporativo de 10 a 40 personas, ofrecemos investigaciones diurnas o nocturnas de cr\u00edmenes, secuestros y robos, con una duraci\u00f3n de 1:00 a 2:30. Y una vez resuelta la investigaci\u00f3n, los debates contin\u00faan con los otros grupos de investigadores sobre las estrategias utilizadas. Los participantes o actores profesionales pueden interpretar a los personajes de la historia (sospechosos y testigos).<br \/>Para m\u00e1s informaci\u00f3n: <a href=\"https:\/\/www.mortellesoiree.com\/\" target=\"_blank\" rel=\"noopener\">www.mortellesoiree.com <\/a>   <\/p>\t\t\t\t\t\t\t\t<\/div>\n\t\t\t\t<\/div>\n\t\t\t\t<\/div>\n\t\t\t\t\t<\/div>\n\t\t\t\t<\/div>\n\t\t<div class=\"elementor-element elementor-element-11fa5af e-flex e-con-boxed e-con e-parent\" data-id=\"11fa5af\" data-element_type=\"container\" data-e-type=\"container\">\n\t\t\t\t\t<div class=\"e-con-inner\">\n\t\t<div class=\"elementor-element elementor-element-ba946f9 e-con-full e-flex e-con e-child\" data-id=\"ba946f9\" data-element_type=\"container\" data-e-type=\"container\">\n\t\t\t\t<div class=\"elementor-element elementor-element-788fd25 elementor-widget elementor-widget-image\" data-id=\"788fd25\" data-element_type=\"widget\" data-e-type=\"widget\" data-widget_type=\"image.default\">\n\t\t\t\t<div class=\"elementor-widget-container\">\n\t\t\t\t\t\t\t\t\t\t\t\t\t\t\t<img decoding=\"async\" width=\"587\" height=\"479\" src=\"https:\/\/www.domainedubuc.com\/wp-content\/uploads\/2017\/12\/Tournage-film-1.jpg\" class=\"attachment-large size-large wp-image-6438\" alt=\"lieu de tournage chambres d hotes\" loading=\"lazy\" srcset=\"https:\/\/www.domainedubuc.com\/wp-content\/uploads\/2017\/12\/Tournage-film-1.jpg 587w, https:\/\/www.domainedubuc.com\/wp-content\/uploads\/2017\/12\/Tournage-film-1-300x245.jpg 300w\" sizes=\"auto, (max-width: 587px) 100vw, 587px\" \/>\t\t\t\t\t\t\t\t\t\t\t\t\t\t\t<\/div>\n\t\t\t\t<\/div>\n\t\t\t\t<\/div>\n\t\t<div class=\"elementor-element elementor-element-a3472fe e-con-full e-flex e-con e-child\" data-id=\"a3472fe\" data-element_type=\"container\" data-e-type=\"container\">\n\t\t\t\t<div class=\"elementor-element elementor-element-5b3a01b elementor-widget elementor-widget-image\" data-id=\"5b3a01b\" data-element_type=\"widget\" data-e-type=\"widget\" data-widget_type=\"image.default\">\n\t\t\t\t<div class=\"elementor-widget-container\">\n\t\t\t\t\t\t\t\t\t\t\t\t\t\t\t<img decoding=\"async\" width=\"768\" height=\"1024\" src=\"https:\/\/www.domainedubuc.com\/wp-content\/uploads\/2023\/03\/IMG_5110-768x1024.jpeg\" class=\"attachment-large size-large wp-image-11094\" alt=\"velo electrique en occitanie\" loading=\"lazy\" srcset=\"https:\/\/www.domainedubuc.com\/wp-content\/uploads\/2023\/03\/IMG_5110-768x1024.jpeg 768w, https:\/\/www.domainedubuc.com\/wp-content\/uploads\/2023\/03\/IMG_5110-1152x1536.jpeg 1152w, https:\/\/www.domainedubuc.com\/wp-content\/uploads\/2023\/03\/IMG_5110-1536x2048.jpeg 1536w, https:\/\/www.domainedubuc.com\/wp-content\/uploads\/2023\/03\/IMG_5110-391x522.jpeg 391w\" sizes=\"auto, (max-width: 768px) 100vw, 768px\" \/>\t\t\t\t\t\t\t\t\t\t\t\t\t\t\t<\/div>\n\t\t\t\t<\/div>\n\t\t\t\t<\/div>\n\t\t\t\t\t<\/div>\n\t\t\t\t<\/div>\n\t\t\t\t<\/div>\n\t\t","protected":false},"excerpt":{"rendered":"<p>Rodajes El Domaine du Buc ofrece muchas posibilidades para rodajes en el Parque, el Pigeonnier o en el Castillo del siglo XIX. Si quieres dormir en el \u00abcamerino de Philippe Torreton, G\u00e9rad Lanvin o Val\u00e9rie Kaprisky \u00ab, \u00a1es muy f\u00e1cil! \u00a1Reserva directamente en una de nuestras encantadoras habitaciones! El lugar se adapta perfectamente a un [&hellip;]<\/p>\n","protected":false},"author":6,"featured_media":15022,"parent":0,"menu_order":0,"comment_status":"closed","ping_status":"closed","template":"","meta":{"_acf_changed":false,"inline_featured_image":false,"footnotes":""},"class_list":["post-15019","page","type-page","status-publish","has-post-thumbnail","hentry"],"acf":[],"_links":{"self":[{"href":"https:\/\/www.domainedubuc.com\/es\/wp-json\/wp\/v2\/pages\/15019","targetHints":{"allow":["GET"]}}],"collection":[{"href":"https:\/\/www.domainedubuc.com\/es\/wp-json\/wp\/v2\/pages"}],"about":[{"href":"https:\/\/www.domainedubuc.com\/es\/wp-json\/wp\/v2\/types\/page"}],"author":[{"embeddable":true,"href":"https:\/\/www.domainedubuc.com\/es\/wp-json\/wp\/v2\/users\/6"}],"replies":[{"embeddable":true,"href":"https:\/\/www.domainedubuc.com\/es\/wp-json\/wp\/v2\/comments?post=15019"}],"version-history":[{"count":1,"href":"https:\/\/www.domainedubuc.com\/es\/wp-json\/wp\/v2\/pages\/15019\/revisions"}],"predecessor-version":[{"id":15024,"href":"https:\/\/www.domainedubuc.com\/es\/wp-json\/wp\/v2\/pages\/15019\/revisions\/15024"}],"wp:featuredmedia":[{"embeddable":true,"href":"https:\/\/www.domainedubuc.com\/es\/wp-json\/wp\/v2\/media\/15022"}],"wp:attachment":[{"href":"https:\/\/www.domainedubuc.com\/es\/wp-json\/wp\/v2\/media?parent=15019"}],"curies":[{"name":"wp","href":"https:\/\/api.w.org\/{rel}","templated":true}]}}