{"id":15031,"date":"2026-03-30T15:41:50","date_gmt":"2026-03-30T14:41:50","guid":{"rendered":"https:\/\/www.domainedubuc.com\/informacion-legal\/"},"modified":"2026-03-30T15:41:51","modified_gmt":"2026-03-30T14:41:51","slug":"informacion-legal","status":"publish","type":"page","link":"https:\/\/www.domainedubuc.com\/es\/informacion-legal\/","title":{"rendered":"Informaci\u00f3n legal"},"content":{"rendered":"\n<h2 class=\"wp-block-heading\">EDITOR DEL SITIO WEB<\/h2>\n\n<p>Domaine du Buc<br \/>Sede social: Route de Lagrave, 81150 Marssac sur Tarn.<\/p>\n\n<p>(en lo sucesivo, \u00abla editorial\u00bb)<br \/>Tel. 05 65 63 55 40 06<\/p>\n\n<p>Representante legal: Brigitte LESAGE<\/p>\n\n<p>Responsable de publicaciones : Brigitte LESAGE<\/p>\n\n<h3 class=\"wp-block-heading\">ALOJAMIENTO Y PRODUCCI\u00d3N T\u00c9CNICA<\/h3>\n\n<p>De conformidad con el art\u00edculo 43-10 de la ley modificada de 30\/09\/1986, y la ley n\u00ba 2004-575 de 21 de junio de 2004 sobre la confianza en la econom\u00eda digital, publicada en el Diario Oficial n\u00ba 143 de 22 de junio de 2004, p\u00e1gina 11168, te informamos de que este sitio est\u00e1 alojado en Francia por :<\/p>\n\n<p>OVH<\/p>\n\n<p>SAS con capital de 10.059.500 euros<br \/>RCS Lille M\u00e9tropole 424 761 419 00045<br \/>C\u00f3digo APE 6202A<br \/>N\u00b0 TVA : FR 22 424 761 419<br \/>Domicilio social : 2 rue Kellermann &#8211; 59100 Roubaix &#8211; Francia.<\/p>\n\n<h3 class=\"wp-block-heading\">DISE\u00d1O Y DESARROLLO GR\u00c1FICO<\/h3>\n\n<p>QUATRYS<\/p>\n\n<p>16 rue M\u00e9rigonde<br \/>81100 CASTRES<br \/>Francia<\/p>\n\n<p>Tel: 05 63 37 85 01<br \/>www.quatrys.fr<\/p>\n\n<h3 class=\"wp-block-heading\">FINALIDAD DEL SITIO<\/h3>\n\n<p>Este sitio se ha creado para proporcionarte informaci\u00f3n sobre los proyectos, servicios y valores de la empresa. El sitio no constituye una oferta contractual. <\/p>\n\n<p>En la medida en que este Sitio se actualiza teniendo en cuenta todas las actividades, puede ocurrir que algunas informaciones o anuncios nuevos ya no sean v\u00e1lidos en el momento de su publicaci\u00f3n o que simplemente est\u00e9n desfasados. La empresa editora no puede garantizar, aunque hace todo lo posible para ello, que toda la informaci\u00f3n o noticias publicadas en este Sitio est\u00e9n completamente actualizadas. <\/p>\n\n<h3 class=\"wp-block-heading\">PROPIEDAD INTELECTUAL<\/h3>\n\n<p>Los usuarios de Internet tienen un derecho privado, personal, no colectivo y no exclusivo a utilizar el contenido del sitio. El contenido incluye texto, sonido, im\u00e1genes, v\u00eddeos y animaciones. <\/p>\n\n<p>A reserva de las excepciones a los derechos de autor previstas en el art\u00edculo L122-5 del C\u00f3digo franc\u00e9s de la Propiedad Intelectual, cualquier otra utilizaci\u00f3n del contenido est\u00e1 sujeta a la autorizaci\u00f3n previa de la empresa editora, en particular en caso de que el usuario pretenda redistribuir el contenido en otro sitio.<\/p>\n\n<p>La violaci\u00f3n de estas disposiciones obligatorias somete al infractor, y a todas las personas responsables, a las sanciones penales y civiles previstas por la ley.<\/p>\n\n<p>Todo el contenido de este Sitio y cada uno de sus elementos tomados por separado (todos los nombres de productos o marcas mencionados, arquitectura, textos, fotos, im\u00e1genes, ilustraciones, etc.) es propiedad exclusiva de la empresa editora y est\u00e1 cubierto por la legislaci\u00f3n francesa e internacional sobre derechos de autor y, m\u00e1s ampliamente, sobre propiedad intelectual.<\/p>\n\n<p>Llamamos la atenci\u00f3n de los visitantes sobre el hecho de que las fotos o los signos particulares tambi\u00e9n pueden constituir derechos de propiedad intelectual.<\/p>\n\n<p>Quedan reservados todos los derechos de reproducci\u00f3n, representaci\u00f3n y comunicaci\u00f3n p\u00fablica, incluidas las representaciones visuales, fotogr\u00e1ficas, iconogr\u00e1ficas y de otro tipo.<\/p>\n\n<p>Queda terminantemente prohibida la reproducci\u00f3n total o parcial de este sitio en cualquier soporte electr\u00f3nico sin la autorizaci\u00f3n expresa del director de la publicaci\u00f3n.<\/p>\n\n<p>Las marcas y logotipos utilizados en este Sitio han sido registrados y su reproducci\u00f3n constituir\u00eda una infracci\u00f3n.<\/p>\n\n<p>Quedan reservados todos los derechos de uso. De conformidad con el art\u00edculo L.122-4 del C\u00f3digo franc\u00e9s de la Propiedad Intelectual, toda representaci\u00f3n o reproducci\u00f3n no autorizada expresamente, total o parcial y por cualquier procedimiento, es il\u00edcita y constituye una falsificaci\u00f3n sancionada por los art\u00edculos L. 335-2 y siguientes del C\u00f3digo franc\u00e9s de la Propiedad Intelectual. <\/p>\n\n<h3 class=\"wp-block-heading\">LEY DE PROTECCI\u00d3N DE DATOS<\/h3>\n\n<p>Los datos personales recogidos en el Sitio se utilizan \u00fanicamente para gestionar las solicitudes y las estad\u00edsticas internas de la empresa editora.<\/p>\n\n<p>No se transmite ninguna informaci\u00f3n personal a terceros.<\/p>\n\n<p>Tienes derecho a acceder, modificar, rectificar y suprimir los datos que te conciernen (art. 34 de la Ley francesa de Protecci\u00f3n de Datos). Para ejercer este derecho, ponte en contacto con la empresa editora. <\/p>\n\n<h3 class=\"wp-block-heading\">Cr\u00e9ditos de las fotos :<\/h3>\n\n<p><strong>Patrice Foresti<\/strong>: Vents d&#8217;Autan<br \/><strong>Ludwig Raynal:<\/strong> https: <a href=\"https:\/\/www.facebook.com\/ludwig.raynal\/\" target=\"_blank\" rel=\"noreferrer noopener\">\/\/www.facebook.com\/ludwig.raynal\/<\/a><br \/><strong>Dominique Viet<\/strong>: Comit\u00e9 Regional de Turismo Midi Pyr\u00e9n\u00e9es <a href=\"http:\/\/www.tourisme-midi-pyrenees.com\/\" target=\"_blank\" rel=\"noreferrer noopener\">www.tourisme-midi-pyrenees.com\/<\/a><br \/><strong>S\u00e9batien Pioch<\/strong>: Estudio Tchiz <a href=\"http:\/\/studiotchiz.over-blog.com\/\" target=\"_blank\" rel=\"noreferrer noopener\">studiotchiz.over-blog.com\/<\/a><br \/><strong>Jean Fran\u00e7ois Therrouin<br \/><\/strong> Svetlana <strong>Roussange<\/strong><a href=\"mailto:s.roussange@yahoo.fr\" target=\"_blank\" rel=\"noreferrer noopener\">: s.roussange@yahoo.fr<\/a><strong><br \/>Christophe Bouth\u00e9 : <\/strong>(vista panor\u00e1mica de Albi)<strong><br \/><a href=\"http:\/\/www.albi.fr\" target=\"_blank\" rel=\"noopener\">www.albi.fr<\/a><\/strong> Embajadores de Albi<br \/><strong><a href=\"http:\/\/www.tourisme-tarn.com\" target=\"_blank\" rel=\"noopener\">www.tourisme-tarn.com<\/a><\/strong> CDT del Tarn<\/p>\n\n<p><\/p>\n","protected":false},"excerpt":{"rendered":"<p>EDITOR DEL SITIO WEB Domaine du BucSede social: Route de Lagrave, 81150 Marssac sur Tarn. (en lo sucesivo, \u00abla editorial\u00bb)Tel. 05 65 63 55 40 06 Representante legal: Brigitte LESAGE Responsable de publicaciones : Brigitte LESAGE ALOJAMIENTO Y PRODUCCI\u00d3N T\u00c9CNICA De conformidad con el art\u00edculo 43-10 de la ley modificada de 30\/09\/1986, y la ley [&hellip;]<\/p>\n","protected":false},"author":6,"featured_media":0,"parent":0,"menu_order":0,"comment_status":"closed","ping_status":"closed","template":"","meta":{"_acf_changed":false,"inline_featured_image":false,"footnotes":""},"class_list":["post-15031","page","type-page","status-publish","hentry"],"acf":[],"_links":{"self":[{"href":"https:\/\/www.domainedubuc.com\/es\/wp-json\/wp\/v2\/pages\/15031","targetHints":{"allow":["GET"]}}],"collection":[{"href":"https:\/\/www.domainedubuc.com\/es\/wp-json\/wp\/v2\/pages"}],"about":[{"href":"https:\/\/www.domainedubuc.com\/es\/wp-json\/wp\/v2\/types\/page"}],"author":[{"embeddable":true,"href":"https:\/\/www.domainedubuc.com\/es\/wp-json\/wp\/v2\/users\/6"}],"replies":[{"embeddable":true,"href":"https:\/\/www.domainedubuc.com\/es\/wp-json\/wp\/v2\/comments?post=15031"}],"version-history":[{"count":1,"href":"https:\/\/www.domainedubuc.com\/es\/wp-json\/wp\/v2\/pages\/15031\/revisions"}],"predecessor-version":[{"id":15034,"href":"https:\/\/www.domainedubuc.com\/es\/wp-json\/wp\/v2\/pages\/15031\/revisions\/15034"}],"wp:attachment":[{"href":"https:\/\/www.domainedubuc.com\/es\/wp-json\/wp\/v2\/media?parent=15031"}],"curies":[{"name":"wp","href":"https:\/\/api.w.org\/{rel}","templated":true}]}}