{"id":15039,"date":"2026-03-30T15:41:56","date_gmt":"2026-03-30T14:41:56","guid":{"rendered":"https:\/\/www.domainedubuc.com\/alquilar-el-castillo\/"},"modified":"2026-03-30T15:42:40","modified_gmt":"2026-03-30T14:42:40","slug":"alquilar-el-castillo","status":"publish","type":"page","link":"https:\/\/www.domainedubuc.com\/es\/alquilar-el-castillo\/","title":{"rendered":"Alquilar el castillo"},"content":{"rendered":"\t\t<div data-elementor-type=\"wp-page\" data-elementor-id=\"15039\" class=\"elementor elementor-15039 elementor-10651\" data-elementor-post-type=\"page\">\n\t\t\t\t<div class=\"elementor-element elementor-element-96ad29c e-flex e-con-boxed e-con e-parent\" data-id=\"96ad29c\" data-element_type=\"container\" data-e-type=\"container\">\n\t\t\t\t\t<div class=\"e-con-inner\">\n\t\t\t\t<div class=\"elementor-element elementor-element-423b31a elementor-widget elementor-widget-heading\" data-id=\"423b31a\" data-element_type=\"widget\" data-e-type=\"widget\" data-widget_type=\"heading.default\">\n\t\t\t\t<div class=\"elementor-widget-container\">\n\t\t\t\t\t<h2 class=\"elementor-heading-title elementor-size-default\">La vida en el castillo, con tus seres queridos<\/h2>\t\t\t\t<\/div>\n\t\t\t\t<\/div>\n\t\t\t\t\t<\/div>\n\t\t\t\t<\/div>\n\t\t<div class=\"elementor-element elementor-element-855780c e-flex e-con-boxed e-con e-parent\" data-id=\"855780c\" data-element_type=\"container\" data-e-type=\"container\">\n\t\t\t\t\t<div class=\"e-con-inner\">\n\t\t<div class=\"elementor-element elementor-element-13dc8e0 e-con-full e-flex e-con e-child\" data-id=\"13dc8e0\" data-element_type=\"container\" data-e-type=\"container\">\n\t\t\t\t<div class=\"elementor-element elementor-element-53190de elementor-widget elementor-widget-image\" data-id=\"53190de\" data-element_type=\"widget\" data-e-type=\"widget\" data-widget_type=\"image.default\">\n\t\t\t\t<div class=\"elementor-widget-container\">\n\t\t\t\t\t\t\t\t\t\t\t\t\t\t\t<img loading=\"lazy\" decoding=\"async\" width=\"800\" height=\"344\" src=\"https:\/\/www.domainedubuc.com\/wp-content\/uploads\/2022\/04\/Sans-titre-1980-\u00d7-850-px-2-min-1024x440.png\" class=\"attachment-large size-large wp-image-10372\" alt=\"chambres d hotes au chateau Domaine du Buc\" srcset=\"https:\/\/www.domainedubuc.com\/wp-content\/uploads\/2022\/04\/Sans-titre-1980-\u00d7-850-px-2-min-1024x440.png 1024w, https:\/\/www.domainedubuc.com\/wp-content\/uploads\/2022\/04\/Sans-titre-1980-\u00d7-850-px-2-min-300x129.png 300w, https:\/\/www.domainedubuc.com\/wp-content\/uploads\/2022\/04\/Sans-titre-1980-\u00d7-850-px-2-min-1536x659.png 1536w, https:\/\/www.domainedubuc.com\/wp-content\/uploads\/2022\/04\/Sans-titre-1980-\u00d7-850-px-2-min.png 1980w\" sizes=\"auto, (max-width: 800px) 100vw, 800px\" \/>\t\t\t\t\t\t\t\t\t\t\t\t\t\t\t<\/div>\n\t\t\t\t<\/div>\n\t\t\t\t<\/div>\n\t\t<div class=\"elementor-element elementor-element-826843d e-con-full e-flex e-con e-child\" data-id=\"826843d\" data-element_type=\"container\" data-e-type=\"container\">\n\t\t\t\t<div class=\"elementor-element elementor-element-0ee171d elementor-widget elementor-widget-text-editor\" data-id=\"0ee171d\" data-element_type=\"widget\" data-e-type=\"widget\" data-widget_type=\"text-editor.default\">\n\t\t\t\t<div class=\"elementor-widget-container\">\n\t\t\t\t\t\t\t\t\t<p><strong>Es hora de empezar a planificar tus pr\u00f3ximas vacaciones&#8230; <\/strong>Seguro que est\u00e1s deseando <strong>reunirte con la familia y los amigos<\/strong> durante el verano.<br \/><strong>Del 2 de mayo al 31 de octubre<\/strong> <strong>de 2026<\/strong>, te ofrecemos la posibilidad de <strong>privatizar la finca<\/strong>. Desde 10 personas (5 habitaciones de hu\u00e9spedes + planta baja) <strong>hasta 18 personas<\/strong> (5 habitaciones de hu\u00e9spedes + 2 casas rurales), \u00a1ser\u00e9is<strong> completamente independientes<\/strong> y estar\u00e9is entre vosotros! <strong>Disfruta de la vida en el castillo<\/strong> con tu familia y amigos, sin riesgos. <\/p><p>La estancia m\u00ednima es de <strong>2 d\u00edas (3 d\u00edas en julio\/agosto) y la m\u00e1xima de 5 d\u00edas. <\/strong> <\/p><p><strong>LA TARIFA ES DE 1500\u20ac \/ NOCHE (2 noches M\u00ednimo de 10 a 18 pers m\u00e1x)<br \/><\/strong><em>El precio incluye s\u00e1banas, ropa de hogar y limpieza de las habitaciones. <\/em><br \/><em>Se requiere un dep\u00f3sito de 2000\u20ac a la llegada.<br \/>El desayuno no est\u00e1 incluido en el precio. <\/em> <\/p>\t\t\t\t\t\t\t\t<\/div>\n\t\t\t\t<\/div>\n\t\t\t\t<\/div>\n\t\t\t\t\t<\/div>\n\t\t\t\t<\/div>\n\t\t<div class=\"elementor-element elementor-element-c9f1741 e-flex e-con-boxed e-con e-parent\" data-id=\"c9f1741\" data-element_type=\"container\" data-e-type=\"container\">\n\t\t\t\t\t<div class=\"e-con-inner\">\n\t\t<div class=\"elementor-element elementor-element-3d205f8 e-con-full e-flex e-con e-child\" data-id=\"3d205f8\" data-element_type=\"container\" data-e-type=\"container\">\n\t\t\t\t<div class=\"elementor-element elementor-element-2631427 elementor-widget elementor-widget-text-editor\" data-id=\"2631427\" data-element_type=\"widget\" data-e-type=\"widget\" data-widget_type=\"text-editor.default\">\n\t\t\t\t<div class=\"elementor-widget-container\">\n\t\t\t\t\t\t\t\t\t<p>Disponemos de los siguientes alojamientos:  <\/p><ul><li><a href=\"https:\/\/www.domainedubuc.com\/chambres\/le-studio\/\"><b>L&#8217;Appart, 2\/3 pers<\/b><\/a><\/li><li><strong><a href=\"https:\/\/www.domainedubuc.com\/cat\/chambres-dhote\/\">Las 5 habitaciones de hu\u00e9spedes con car\u00e1cter<\/a>,  <\/strong> <\/li><li>En la planta baja: el sal\u00f3n, el comedor y la cocina de verano, para una superficie total de 600 m\u00b2 en el castillo.<\/li><li><a href=\"https:\/\/www.domainedubuc.com\/chambres\/le-pigeonnier\/\"><strong>El<\/strong> <strong>palomar<\/strong><\/a> con su prestigiosa casa rural de 150 m\u00b2 para 4 personas, se incluir\u00e1 en la <strong>privatizaci\u00f3n de la finca.<\/strong><\/li><\/ul><p>En <a href=\"https:\/\/www.domainedubuc.com\/decouvrir\/actualites\/faites-vos-jeux\/\"><strong>juegos<\/strong><\/a> hay disponibles en el parque, as\u00ed como <a href=\"https:\/\/www.domainedubuc.com\/?p=8325\"><strong>una piscina<\/strong>.<\/a><\/p><p>Para el fin de semana (excepto julio\/agosto), podemos alojar hasta 18 personas: &#8211; del s\u00e1bado por la ma\u00f1ana al domingo a las 11 h: <strong>1.800 euros<\/strong> &#8211; del viernes a las 16 h al domingo a las 11 h: <strong>2.900<\/strong> euros Ropa de cama y toallas incluidas, limpieza al final del fin de semana: 70 euros De octubre a abril, suplemento de 50 euros por la calefacci\u00f3n. Desayunos extra (14 \u20ac\/persona) <\/p><p><strong>Para m\u00e1s informaci\u00f3n, env\u00eda un correo electr\u00f3nico a contact@domainedubuc.com o ponte en contacto conmigo en el 06 70 14 96 47.<\/strong><\/p>\t\t\t\t\t\t\t\t<\/div>\n\t\t\t\t<\/div>\n\t\t\t\t<\/div>\n\t\t<div class=\"elementor-element elementor-element-93f7e2c e-con-full e-flex e-con e-child\" data-id=\"93f7e2c\" data-element_type=\"container\" data-e-type=\"container\">\n\t\t\t\t<div class=\"elementor-element elementor-element-d87e261 elementor-widget elementor-widget-image\" data-id=\"d87e261\" data-element_type=\"widget\" data-e-type=\"widget\" data-widget_type=\"image.default\">\n\t\t\t\t<div class=\"elementor-widget-container\">\n\t\t\t\t\t\t\t\t\t\t\t\t\t\t\t<img loading=\"lazy\" decoding=\"async\" width=\"505\" height=\"337\" src=\"https:\/\/www.domainedubuc.com\/wp-content\/uploads\/2019\/11\/privatisation-amis-5-e1573638869253.jpg\" class=\"attachment-large size-large wp-image-7471\" alt=\"privatisation du chateau pour des amis\" srcset=\"https:\/\/www.domainedubuc.com\/wp-content\/uploads\/2019\/11\/privatisation-amis-5-e1573638869253.jpg 505w, https:\/\/www.domainedubuc.com\/wp-content\/uploads\/2019\/11\/privatisation-amis-5-e1573638869253-300x200.jpg 300w, https:\/\/www.domainedubuc.com\/wp-content\/uploads\/2019\/11\/privatisation-amis-5-e1573638869253-319x213.jpg 319w\" sizes=\"auto, (max-width: 505px) 100vw, 505px\" \/>\t\t\t\t\t\t\t\t\t\t\t\t\t\t\t<\/div>\n\t\t\t\t<\/div>\n\t\t\t\t<\/div>\n\t\t\t\t\t<\/div>\n\t\t\t\t<\/div>\n\t\t<div class=\"elementor-element elementor-element-9ad46ed e-flex e-con-boxed e-con e-parent\" data-id=\"9ad46ed\" data-element_type=\"container\" data-e-type=\"container\">\n\t\t\t\t\t<div class=\"e-con-inner\">\n\t\t<div class=\"elementor-element elementor-element-d57fe60 e-con-full e-flex e-con e-child\" data-id=\"d57fe60\" data-element_type=\"container\" data-e-type=\"container\">\n\t\t\t\t<div class=\"elementor-element elementor-element-c26caae elementor-widget elementor-widget-image\" data-id=\"c26caae\" data-element_type=\"widget\" data-e-type=\"widget\" data-widget_type=\"image.default\">\n\t\t\t\t<div class=\"elementor-widget-container\">\n\t\t\t\t\t\t\t\t\t\t\t\t\t\t\t<img decoding=\"async\" width=\"506\" height=\"337\" src=\"https:\/\/www.domainedubuc.com\/wp-content\/uploads\/2019\/12\/privatisation-chateau-incentive.jpg\" class=\"attachment-large size-large wp-image-7891\" alt=\"incentive seminaire au chateau\" loading=\"lazy\" srcset=\"https:\/\/www.domainedubuc.com\/wp-content\/uploads\/2019\/12\/privatisation-chateau-incentive.jpg 506w, https:\/\/www.domainedubuc.com\/wp-content\/uploads\/2019\/12\/privatisation-chateau-incentive-300x200.jpg 300w, https:\/\/www.domainedubuc.com\/wp-content\/uploads\/2019\/12\/privatisation-chateau-incentive-319x213.jpg 319w, https:\/\/www.domainedubuc.com\/wp-content\/uploads\/2019\/12\/privatisation-chateau-incentive-505x337.jpg 505w\" sizes=\"auto, (max-width: 506px) 100vw, 506px\" \/>\t\t\t\t\t\t\t\t\t\t\t\t\t\t\t<\/div>\n\t\t\t\t<\/div>\n\t\t\t\t<\/div>\n\t\t<div class=\"elementor-element elementor-element-3b22cc0 e-con-full e-flex e-con e-child\" data-id=\"3b22cc0\" data-element_type=\"container\" data-e-type=\"container\">\n\t\t\t\t<div class=\"elementor-element elementor-element-079c8d5 elementor-widget elementor-widget-image\" data-id=\"079c8d5\" data-element_type=\"widget\" data-e-type=\"widget\" data-widget_type=\"image.default\">\n\t\t\t\t<div class=\"elementor-widget-container\">\n\t\t\t\t\t\t\t\t\t\t\t\t\t\t\t<img decoding=\"async\" width=\"800\" height=\"531\" src=\"https:\/\/www.domainedubuc.com\/wp-content\/uploads\/2016\/05\/Headergroupe-1024x680.jpg\" class=\"attachment-large size-large wp-image-5870\" alt=\"S\u00e9jour nature dans le Tarn\" loading=\"lazy\" srcset=\"https:\/\/www.domainedubuc.com\/wp-content\/uploads\/2016\/05\/Headergroupe-1024x680.jpg 1024w, https:\/\/www.domainedubuc.com\/wp-content\/uploads\/2016\/05\/Headergroupe-300x199.jpg 300w, https:\/\/www.domainedubuc.com\/wp-content\/uploads\/2016\/05\/Headergroupe-319x213.jpg 319w, https:\/\/www.domainedubuc.com\/wp-content\/uploads\/2016\/05\/Headergroupe.jpg 1280w\" sizes=\"auto, (max-width: 800px) 100vw, 800px\" \/>\t\t\t\t\t\t\t\t\t\t\t\t\t\t\t<\/div>\n\t\t\t\t<\/div>\n\t\t\t\t<\/div>\n\t\t\t\t\t<\/div>\n\t\t\t\t<\/div>\n\t\t\t\t<\/div>\n\t\t","protected":false},"excerpt":{"rendered":"<p>La vida en el castillo, con tus seres queridos Es hora de empezar a planificar tus pr\u00f3ximas vacaciones&#8230; Seguro que est\u00e1s deseando reunirte con la familia y los amigos durante el verano.Del 2 de mayo al 31 de octubre de 2026, te ofrecemos la posibilidad de privatizar la finca. Desde 10 personas (5 habitaciones de [&hellip;]<\/p>\n","protected":false},"author":6,"featured_media":0,"parent":0,"menu_order":0,"comment_status":"closed","ping_status":"closed","template":"","meta":{"_acf_changed":false,"inline_featured_image":false,"footnotes":""},"class_list":["post-15039","page","type-page","status-publish","hentry"],"acf":[],"_links":{"self":[{"href":"https:\/\/www.domainedubuc.com\/es\/wp-json\/wp\/v2\/pages\/15039","targetHints":{"allow":["GET"]}}],"collection":[{"href":"https:\/\/www.domainedubuc.com\/es\/wp-json\/wp\/v2\/pages"}],"about":[{"href":"https:\/\/www.domainedubuc.com\/es\/wp-json\/wp\/v2\/types\/page"}],"author":[{"embeddable":true,"href":"https:\/\/www.domainedubuc.com\/es\/wp-json\/wp\/v2\/users\/6"}],"replies":[{"embeddable":true,"href":"https:\/\/www.domainedubuc.com\/es\/wp-json\/wp\/v2\/comments?post=15039"}],"version-history":[{"count":2,"href":"https:\/\/www.domainedubuc.com\/es\/wp-json\/wp\/v2\/pages\/15039\/revisions"}],"predecessor-version":[{"id":15114,"href":"https:\/\/www.domainedubuc.com\/es\/wp-json\/wp\/v2\/pages\/15039\/revisions\/15114"}],"wp:attachment":[{"href":"https:\/\/www.domainedubuc.com\/es\/wp-json\/wp\/v2\/media?parent=15039"}],"curies":[{"name":"wp","href":"https:\/\/api.w.org\/{rel}","templated":true}]}}