{"id":15047,"date":"2026-03-30T15:42:00","date_gmt":"2026-03-30T14:42:00","guid":{"rendered":"https:\/\/www.domainedubuc.com\/quienes-somos\/"},"modified":"2026-03-30T15:42:06","modified_gmt":"2026-03-30T14:42:06","slug":"quienes-somos","status":"publish","type":"page","link":"https:\/\/www.domainedubuc.com\/es\/quienes-somos\/","title":{"rendered":"Qui\u00e9nes somos"},"content":{"rendered":"\t\t<div data-elementor-type=\"wp-page\" data-elementor-id=\"15047\" class=\"elementor elementor-15047 elementor-12800\" data-elementor-post-type=\"page\">\n\t\t\t\t<div class=\"elementor-element elementor-element-4f2b83c e-flex e-con-boxed e-con e-parent\" data-id=\"4f2b83c\" data-element_type=\"container\" data-e-type=\"container\">\n\t\t\t\t\t<div class=\"e-con-inner\">\n\t\t\t\t<div class=\"elementor-element elementor-element-156eeb0 elementor-widget elementor-widget-heading\" data-id=\"156eeb0\" data-element_type=\"widget\" data-e-type=\"widget\" data-widget_type=\"heading.default\">\n\t\t\t\t<div class=\"elementor-widget-container\">\n\t\t\t\t\t<h2 class=\"elementor-heading-title elementor-size-default\">Una familia albigense<\/h2>\t\t\t\t<\/div>\n\t\t\t\t<\/div>\n\t\t\t\t\t<\/div>\n\t\t\t\t<\/div>\n\t\t<div class=\"elementor-element elementor-element-2ab5d3a e-flex e-con-boxed e-con e-parent\" data-id=\"2ab5d3a\" data-element_type=\"container\" data-e-type=\"container\">\n\t\t\t\t\t<div class=\"e-con-inner\">\n\t\t<div class=\"elementor-element elementor-element-e6ae9b5 e-con-full e-flex e-con e-child\" data-id=\"e6ae9b5\" data-element_type=\"container\" data-e-type=\"container\">\n\t\t\t\t<div class=\"elementor-element elementor-element-66b2eba elementor-widget elementor-widget-image\" data-id=\"66b2eba\" data-element_type=\"widget\" data-e-type=\"widget\" data-widget_type=\"image.default\">\n\t\t\t\t<div class=\"elementor-widget-container\">\n\t\t\t\t\t\t\t\t\t\t\t\t\t\t\t<img loading=\"lazy\" decoding=\"async\" width=\"768\" height=\"1024\" src=\"https:\/\/www.domainedubuc.com\/wp-content\/uploads\/2026\/03\/famille-1-768x1024.jpg\" class=\"attachment-large size-large wp-image-15049\" alt=\"\" srcset=\"https:\/\/www.domainedubuc.com\/wp-content\/uploads\/2026\/03\/famille-1-768x1024.jpg 768w, https:\/\/www.domainedubuc.com\/wp-content\/uploads\/2026\/03\/famille-1-225x300.jpg 225w, https:\/\/www.domainedubuc.com\/wp-content\/uploads\/2026\/03\/famille-1-1152x1536.jpg 1152w, https:\/\/www.domainedubuc.com\/wp-content\/uploads\/2026\/03\/famille-1-scaled.jpg 900w\" sizes=\"auto, (max-width: 768px) 100vw, 768px\" \/>\t\t\t\t\t\t\t\t\t\t\t\t\t\t\t<\/div>\n\t\t\t\t<\/div>\n\t\t\t\t<\/div>\n\t\t\t\t<div class=\"elementor-element elementor-element-66d28dd elementor-widget elementor-widget-text-editor\" data-id=\"66d28dd\" data-element_type=\"widget\" data-e-type=\"widget\" data-widget_type=\"text-editor.default\">\n\t\t\t\t<div class=\"elementor-widget-container\">\n\t\t\t\t\t\t\t\t\t<p><strong>Ex jugadora internacional de voleibol<\/strong>, \u00a1regres\u00e9 al turismo!<strong> <\/strong><\/p><p><strong>Soy Brigitte y desde hace 20 a\u00f1os resucito la finca de mis antepasados<\/strong>&#8230; para quienes el globo era m\u00e1s bien para degustar grandes vinos&#8230; Con mis hijos, Michael y Alissia, podremos compartir contigo<strong> el salto entre generaciones de 1900 a 2026.<\/strong><\/p><p>Aqu\u00ed, te recibo <strong>como a los amigos:<\/strong> con sencillez, amabilidad y el sincero placer de compartir este lugar familiar. Consejos personalizados, peque\u00f1os detalles, tiempo para charlar junto al fuego o en el jard\u00edn&#8230; <strong>Porque una estancia satisfactoria es ante todo momentos vividos y recuerdos que perduran.<\/strong> <\/p><p><em><strong>Algunos extractos de Google<span class=\"PROnRd mpP9nc\"><strong> <\/strong>2025<\/span><\/strong><\/em><\/p><div class=\"gyKkFe JhRJje Fv38Af\"><div id=\"ucc-6\" aria-expanded=\"true\"><div tabindex=\"-1\">\u00abNuestra encantadora estancia en este lugar excepcional quedar\u00e1 como un excelente recuerdo.<br \/>El Domaine du Buc, con su magn\u00edfico edificio y su espl\u00e9ndido parque, nos permite desconectar totalmente y nos garantiza un incre\u00edble cambio de aires.<br \/><strong>Gracias a Brigitte, por su acogida y sus amables atenciones.<\/strong> Volveremos sin dudarlo si se presenta la ocasi\u00f3n\u00bb.<\/div><div tabindex=\"-1\"> <\/div><div tabindex=\"-1\">\u00abSegunda estancia en esta magn\u00edfica residencia llena de encanto a las afueras de Albi.<br \/>Habitaci\u00f3n espaciosa con muebles de \u00e9poca y excelente ropa de cama.<br \/>Desayuno de calidad con productos caseros, servido en un gran sal\u00f3n o bajo un cenador de glicinas.<br \/>Aprovechamos al m\u00e1ximo la piscina en pleno mes de junio.<br \/><strong>Informaci\u00f3n para descubrir la regi\u00f3n proporcionada por un anfitri\u00f3n siempre presente y discreto, que enseguida nos hizo sentir como un escudero.<\/strong><br \/>Volveremos pronto.\u00bb  <\/div><\/div><div tabindex=\"-1\"> <\/div><\/div>\t\t\t\t\t\t\t\t<\/div>\n\t\t\t\t<\/div>\n\t\t\t\t\t<\/div>\n\t\t\t\t<\/div>\n\t\t<div class=\"elementor-element elementor-element-debd247 e-flex e-con-boxed e-con e-parent\" data-id=\"debd247\" data-element_type=\"container\" data-e-type=\"container\">\n\t\t\t\t\t<div class=\"e-con-inner\">\n\t\t<div class=\"elementor-element elementor-element-3a8f697 e-con-full e-flex e-con e-child\" data-id=\"3a8f697\" data-element_type=\"container\" data-e-type=\"container\">\n\t\t\t\t<div class=\"elementor-element elementor-element-7ec8365 elementor-widget elementor-widget-image\" data-id=\"7ec8365\" data-element_type=\"widget\" data-e-type=\"widget\" data-widget_type=\"image.default\">\n\t\t\t\t<div class=\"elementor-widget-container\">\n\t\t\t\t\t\t\t\t\t\t\t\t\t\t\t<img loading=\"lazy\" decoding=\"async\" width=\"800\" height=\"534\" src=\"https:\/\/www.domainedubuc.com\/wp-content\/uploads\/2026\/03\/brigitte-acccueil-domaine-du-buc-chambres-d-hotes-et-gites-albi-tarn-1024x684.jpg\" class=\"attachment-large size-large wp-image-15051\" alt=\"brigitte acccueil domaine du buc chambres d hotes et gites albi tarn\" srcset=\"https:\/\/www.domainedubuc.com\/wp-content\/uploads\/2026\/03\/brigitte-acccueil-domaine-du-buc-chambres-d-hotes-et-gites-albi-tarn-1024x684.jpg 1024w, https:\/\/www.domainedubuc.com\/wp-content\/uploads\/2026\/03\/brigitte-acccueil-domaine-du-buc-chambres-d-hotes-et-gites-albi-tarn-300x200.jpg 300w, https:\/\/www.domainedubuc.com\/wp-content\/uploads\/2026\/03\/brigitte-acccueil-domaine-du-buc-chambres-d-hotes-et-gites-albi-tarn-1536x1025.jpg 1536w, https:\/\/www.domainedubuc.com\/wp-content\/uploads\/2026\/03\/brigitte-acccueil-domaine-du-buc-chambres-d-hotes-et-gites-albi-tarn-2048x1367.jpg 2048w, https:\/\/www.domainedubuc.com\/wp-content\/uploads\/2026\/03\/brigitte-acccueil-domaine-du-buc-chambres-d-hotes-et-gites-albi-tarn-scaled.jpg 1797w\" sizes=\"auto, (max-width: 800px) 100vw, 800px\" \/>\t\t\t\t\t\t\t\t\t\t\t\t\t\t\t<\/div>\n\t\t\t\t<\/div>\n\t\t\t\t<\/div>\n\t\t<div class=\"elementor-element elementor-element-ea34ecf e-con-full e-flex e-con e-child\" data-id=\"ea34ecf\" data-element_type=\"container\" data-e-type=\"container\">\n\t\t\t\t<div class=\"elementor-element elementor-element-2d6f800 elementor-widget elementor-widget-image\" data-id=\"2d6f800\" data-element_type=\"widget\" data-e-type=\"widget\" data-widget_type=\"image.default\">\n\t\t\t\t<div class=\"elementor-widget-container\">\n\t\t\t\t\t\t\t\t\t\t\t\t\t\t\t<img decoding=\"async\" width=\"587\" height=\"479\" src=\"https:\/\/www.domainedubuc.com\/wp-content\/uploads\/2020\/04\/jeux-plein-air-1b.jpg\" class=\"attachment-large size-large wp-image-8478\" alt=\"activit\u00e9s plein air chambres d&#039;hotes domaine du buc\" loading=\"lazy\" srcset=\"https:\/\/www.domainedubuc.com\/wp-content\/uploads\/2020\/04\/jeux-plein-air-1b.jpg 587w, https:\/\/www.domainedubuc.com\/wp-content\/uploads\/2020\/04\/jeux-plein-air-1b-300x245.jpg 300w\" sizes=\"auto, (max-width: 587px) 100vw, 587px\" \/>\t\t\t\t\t\t\t\t\t\t\t\t\t\t\t<\/div>\n\t\t\t\t<\/div>\n\t\t\t\t<\/div>\n\t\t\t\t\t<\/div>\n\t\t\t\t<\/div>\n\t\t<div class=\"elementor-element elementor-element-1de3efb e-flex e-con-boxed e-con e-parent\" data-id=\"1de3efb\" data-element_type=\"container\" data-e-type=\"container\">\n\t\t\t\t\t<div class=\"e-con-inner\">\n\t\t\t\t<div class=\"elementor-element elementor-element-16c59e7 elementor-widget elementor-widget-n-accordion\" data-id=\"16c59e7\" data-element_type=\"widget\" data-e-type=\"widget\" data-settings=\"{&quot;default_state&quot;:&quot;expanded&quot;,&quot;max_items_expended&quot;:&quot;one&quot;,&quot;n_accordion_animation_duration&quot;:{&quot;unit&quot;:&quot;ms&quot;,&quot;size&quot;:400,&quot;sizes&quot;:[]}}\" data-widget_type=\"nested-accordion.default\">\n\t\t\t\t<div class=\"elementor-widget-container\">\n\t\t\t\t\t\t\t<div class=\"e-n-accordion\" aria-label=\"Accordion. Open links with Enter or Space, close with Escape, and navigate with Arrow Keys\">\n\t\t\t\t\t\t<details id=\"e-n-accordion-item-2380\" class=\"e-n-accordion-item\" open>\n\t\t\t\t<summary class=\"e-n-accordion-item-title\" data-accordion-index=\"1\" tabindex=\"0\" aria-expanded=\"true\" aria-controls=\"e-n-accordion-item-2380\" >\n\t\t\t\t\t<span class='e-n-accordion-item-title-header'><h6 class=\"e-n-accordion-item-title-text\"> \u00bfLa piscina es accesible en todo momento?   <\/h6><\/span>\n\t\t\t\t\t\t\t<span class='e-n-accordion-item-title-icon'>\n\t\t\t<span class='e-opened' ><svg aria-hidden=\"true\" class=\"e-font-icon-svg e-fas-chevron-down\" viewBox=\"0 0 448 512\" xmlns=\"http:\/\/www.w3.org\/2000\/svg\"><path d=\"M207.029 381.476L12.686 187.132c-9.373-9.373-9.373-24.569 0-33.941l22.667-22.667c9.357-9.357 24.522-9.375 33.901-.04L224 284.505l154.745-154.021c9.379-9.335 24.544-9.317 33.901.04l22.667 22.667c9.373 9.373 9.373 24.569 0 33.941L240.971 381.476c-9.373 9.372-24.569 9.372-33.942 0z\"><\/path><\/svg><\/span>\n\t\t\t<span class='e-closed'><svg aria-hidden=\"true\" class=\"e-font-icon-svg e-fas-chevron-right\" viewBox=\"0 0 320 512\" xmlns=\"http:\/\/www.w3.org\/2000\/svg\"><path d=\"M285.476 272.971L91.132 467.314c-9.373 9.373-24.569 9.373-33.941 0l-22.667-22.667c-9.357-9.357-9.375-24.522-.04-33.901L188.505 256 34.484 101.255c-9.335-9.379-9.317-24.544.04-33.901l22.667-22.667c9.373-9.373 24.569-9.373 33.941 0L285.475 239.03c9.373 9.372 9.373 24.568.001 33.941z\"><\/path><\/svg><\/span>\n\t\t<\/span>\n\n\t\t\t\t\t\t<\/summary>\n\t\t\t\t<div role=\"region\" aria-labelledby=\"e-n-accordion-item-2380\" class=\"elementor-element elementor-element-4066a75 e-con-full e-flex e-con e-child\" data-id=\"4066a75\" data-element_type=\"container\" data-e-type=\"container\">\n\t\t\t\t<div class=\"elementor-element elementor-element-670c2cd elementor-widget elementor-widget-text-editor\" data-id=\"670c2cd\" data-element_type=\"widget\" data-e-type=\"widget\" data-widget_type=\"text-editor.default\">\n\t\t\t\t<div class=\"elementor-widget-container\">\n\t\t\t\t\t\t\t\t\t<p>La piscina est\u00e1 abierta para ti durante tu estancia en el Domaine du Buc (de 8.30 a 20.30 h). No es accesible a personas ajenas durante el d\u00eda.  <\/p>\t\t\t\t\t\t\t\t<\/div>\n\t\t\t\t<\/div>\n\t\t\t\t<\/div>\n\t\t\t\t\t<\/details>\n\t\t\t\t\t\t<details id=\"e-n-accordion-item-2381\" class=\"e-n-accordion-item\" >\n\t\t\t\t<summary class=\"e-n-accordion-item-title\" data-accordion-index=\"2\" tabindex=\"-1\" aria-expanded=\"false\" aria-controls=\"e-n-accordion-item-2381\" >\n\t\t\t\t\t<span class='e-n-accordion-item-title-header'><h6 class=\"e-n-accordion-item-title-text\"> \u00bfLa piscina est\u00e1 climatizada?   <\/h6><\/span>\n\t\t\t\t\t\t\t<span class='e-n-accordion-item-title-icon'>\n\t\t\t<span class='e-opened' ><svg aria-hidden=\"true\" class=\"e-font-icon-svg e-fas-chevron-down\" viewBox=\"0 0 448 512\" xmlns=\"http:\/\/www.w3.org\/2000\/svg\"><path d=\"M207.029 381.476L12.686 187.132c-9.373-9.373-9.373-24.569 0-33.941l22.667-22.667c9.357-9.357 24.522-9.375 33.901-.04L224 284.505l154.745-154.021c9.379-9.335 24.544-9.317 33.901.04l22.667 22.667c9.373 9.373 9.373 24.569 0 33.941L240.971 381.476c-9.373 9.372-24.569 9.372-33.942 0z\"><\/path><\/svg><\/span>\n\t\t\t<span class='e-closed'><svg aria-hidden=\"true\" class=\"e-font-icon-svg e-fas-chevron-right\" viewBox=\"0 0 320 512\" xmlns=\"http:\/\/www.w3.org\/2000\/svg\"><path d=\"M285.476 272.971L91.132 467.314c-9.373 9.373-24.569 9.373-33.941 0l-22.667-22.667c-9.357-9.357-9.375-24.522-.04-33.901L188.505 256 34.484 101.255c-9.335-9.379-9.317-24.544.04-33.901l22.667-22.667c9.373-9.373 24.569-9.373 33.941 0L285.475 239.03c9.373 9.372 9.373 24.568.001 33.941z\"><\/path><\/svg><\/span>\n\t\t<\/span>\n\n\t\t\t\t\t\t<\/summary>\n\t\t\t\t<div role=\"region\" aria-labelledby=\"e-n-accordion-item-2381\" class=\"elementor-element elementor-element-8f636e4 e-con-full e-flex e-con e-child\" data-id=\"8f636e4\" data-element_type=\"container\" data-e-type=\"container\">\n\t\t\t\t<div class=\"elementor-element elementor-element-97d960a elementor-widget elementor-widget-text-editor\" data-id=\"97d960a\" data-element_type=\"widget\" data-e-type=\"widget\" data-widget_type=\"text-editor.default\">\n\t\t\t\t<div class=\"elementor-widget-container\">\n\t\t\t\t\t\t\t\t\t<p>Como estamos en el sur de Francia e intentamos respetar el planeta, la piscina no est\u00e1 climatizada. Sin embargo, la temperatura oscila entre 25 y 29 grados seg\u00fan la estaci\u00f3n.   <\/p>\t\t\t\t\t\t\t\t<\/div>\n\t\t\t\t<\/div>\n\t\t\t\t<\/div>\n\t\t\t\t\t<\/details>\n\t\t\t\t\t\t<details id=\"e-n-accordion-item-2382\" class=\"e-n-accordion-item\" >\n\t\t\t\t<summary class=\"e-n-accordion-item-title\" data-accordion-index=\"3\" tabindex=\"-1\" aria-expanded=\"false\" aria-controls=\"e-n-accordion-item-2382\" >\n\t\t\t\t\t<span class='e-n-accordion-item-title-header'><h6 class=\"e-n-accordion-item-title-text\"> \u00bfEs posible acceder a la piscina el d\u00eda de nuestra salida?   <\/h6><\/span>\n\t\t\t\t\t\t\t<span class='e-n-accordion-item-title-icon'>\n\t\t\t<span class='e-opened' ><svg aria-hidden=\"true\" class=\"e-font-icon-svg e-fas-chevron-down\" viewBox=\"0 0 448 512\" xmlns=\"http:\/\/www.w3.org\/2000\/svg\"><path d=\"M207.029 381.476L12.686 187.132c-9.373-9.373-9.373-24.569 0-33.941l22.667-22.667c9.357-9.357 24.522-9.375 33.901-.04L224 284.505l154.745-154.021c9.379-9.335 24.544-9.317 33.901.04l22.667 22.667c9.373 9.373 9.373 24.569 0 33.941L240.971 381.476c-9.373 9.372-24.569 9.372-33.942 0z\"><\/path><\/svg><\/span>\n\t\t\t<span class='e-closed'><svg aria-hidden=\"true\" class=\"e-font-icon-svg e-fas-chevron-right\" viewBox=\"0 0 320 512\" xmlns=\"http:\/\/www.w3.org\/2000\/svg\"><path d=\"M285.476 272.971L91.132 467.314c-9.373 9.373-24.569 9.373-33.941 0l-22.667-22.667c-9.357-9.357-9.375-24.522-.04-33.901L188.505 256 34.484 101.255c-9.335-9.379-9.317-24.544.04-33.901l22.667-22.667c9.373-9.373 24.569-9.373 33.941 0L285.475 239.03c9.373 9.372 9.373 24.568.001 33.941z\"><\/path><\/svg><\/span>\n\t\t<\/span>\n\n\t\t\t\t\t\t<\/summary>\n\t\t\t\t<div role=\"region\" aria-labelledby=\"e-n-accordion-item-2382\" class=\"elementor-element elementor-element-b35c0c4 e-con-full e-flex e-con e-child\" data-id=\"b35c0c4\" data-element_type=\"container\" data-e-type=\"container\">\n\t\t\t\t<div class=\"elementor-element elementor-element-c39e46e elementor-widget elementor-widget-text-editor\" data-id=\"c39e46e\" data-element_type=\"widget\" data-e-type=\"widget\" data-widget_type=\"text-editor.default\">\n\t\t\t\t<div class=\"elementor-widget-container\">\n\t\t\t\t\t\t\t\t\t<p>Dependiendo de lo ocupado que est\u00e9 el lugar, podr\u00e1s (o no) disfrutar de un \u00faltimo ba\u00f1o (entre las 11.00 y las 12.30 h) antes de irte. A convenir con Brigitte   <\/p>\t\t\t\t\t\t\t\t<\/div>\n\t\t\t\t<\/div>\n\t\t\t\t<\/div>\n\t\t\t\t\t<\/details>\n\t\t\t\t\t<\/div>\n\t\t\t\t\t<script type=\"application\/ld+json\">{\"@context\":\"https:\\\/\\\/schema.org\",\"@type\":\"FAQPage\",\"mainEntity\":[{\"@type\":\"Question\",\"name\":\"\\u00bfLa piscina es accesible en todo momento?\",\"acceptedAnswer\":{\"@type\":\"Answer\",\"text\":\"La piscina est\\u00e1 abierta para ti durante tu estancia en el Domaine du Buc (de 8.30 a 20.30 h). No es accesible a personas ajenas durante el d\\u00eda.\"}},{\"@type\":\"Question\",\"name\":\"\\u00bfLa piscina est\\u00e1 climatizada?\",\"acceptedAnswer\":{\"@type\":\"Answer\",\"text\":\"Como estamos en el sur de Francia e intentamos respetar el planeta, la piscina no est\\u00e1 climatizada. Sin embargo, la temperatura oscila entre 25 y 29 grados seg\\u00fan la estaci\\u00f3n.\"}},{\"@type\":\"Question\",\"name\":\"\\u00bfEs posible acceder a la piscina el d\\u00eda de nuestra salida?\",\"acceptedAnswer\":{\"@type\":\"Answer\",\"text\":\"Dependiendo de lo ocupado que est\\u00e9 el lugar, podr\\u00e1s (o no) disfrutar de un \\u00faltimo ba\\u00f1o (entre las 11.00 y las 12.30 h) antes de irte. A convenir con Brigitte\"}}]}<\/script>\n\t\t\t\t\t\t\t<\/div>\n\t\t\t\t<\/div>\n\t\t\t\t\t<\/div>\n\t\t\t\t<\/div>\n\t\t\t\t<\/div>\n\t\t","protected":false},"excerpt":{"rendered":"<p>Una familia albigense Ex jugadora internacional de voleibol, \u00a1regres\u00e9 al turismo! Soy Brigitte y desde hace 20 a\u00f1os resucito la finca de mis antepasados&#8230; para quienes el globo era m\u00e1s bien para degustar grandes vinos&#8230; Con mis hijos, Michael y Alissia, podremos compartir contigo el salto entre generaciones de 1900 a 2026. Aqu\u00ed, te recibo [&hellip;]<\/p>\n","protected":false},"author":6,"featured_media":15050,"parent":0,"menu_order":0,"comment_status":"closed","ping_status":"closed","template":"","meta":{"_acf_changed":false,"inline_featured_image":false,"footnotes":""},"class_list":["post-15047","page","type-page","status-publish","has-post-thumbnail","hentry"],"acf":[],"_links":{"self":[{"href":"https:\/\/www.domainedubuc.com\/es\/wp-json\/wp\/v2\/pages\/15047","targetHints":{"allow":["GET"]}}],"collection":[{"href":"https:\/\/www.domainedubuc.com\/es\/wp-json\/wp\/v2\/pages"}],"about":[{"href":"https:\/\/www.domainedubuc.com\/es\/wp-json\/wp\/v2\/types\/page"}],"author":[{"embeddable":true,"href":"https:\/\/www.domainedubuc.com\/es\/wp-json\/wp\/v2\/users\/6"}],"replies":[{"embeddable":true,"href":"https:\/\/www.domainedubuc.com\/es\/wp-json\/wp\/v2\/comments?post=15047"}],"version-history":[{"count":3,"href":"https:\/\/www.domainedubuc.com\/es\/wp-json\/wp\/v2\/pages\/15047\/revisions"}],"predecessor-version":[{"id":15062,"href":"https:\/\/www.domainedubuc.com\/es\/wp-json\/wp\/v2\/pages\/15047\/revisions\/15062"}],"wp:featuredmedia":[{"embeddable":true,"href":"https:\/\/www.domainedubuc.com\/es\/wp-json\/wp\/v2\/media\/15050"}],"wp:attachment":[{"href":"https:\/\/www.domainedubuc.com\/es\/wp-json\/wp\/v2\/media?parent=15047"}],"curies":[{"name":"wp","href":"https:\/\/api.w.org\/{rel}","templated":true}]}}