{"id":15055,"date":"2026-03-30T15:42:01","date_gmt":"2026-03-30T14:42:01","guid":{"rendered":"https:\/\/www.domainedubuc.com\/le-pigeonnier\/"},"modified":"2026-03-30T15:42:12","modified_gmt":"2026-03-30T14:42:12","slug":"le-pigeonnier","status":"publish","type":"page","link":"https:\/\/www.domainedubuc.com\/es\/le-pigeonnier\/","title":{"rendered":"Le Pigeonnier"},"content":{"rendered":"\t\t<div data-elementor-type=\"wp-page\" data-elementor-id=\"15055\" class=\"elementor elementor-15055 elementor-12798\" data-elementor-post-type=\"page\">\n\t\t\t\t<div class=\"elementor-element elementor-element-daf4bd1 e-flex e-con-boxed e-con e-parent\" data-id=\"daf4bd1\" data-element_type=\"container\" data-e-type=\"container\">\n\t\t\t\t\t<div class=\"e-con-inner\">\n\t\t\t\t<div class=\"elementor-element elementor-element-363bb1c elementor-widget elementor-widget-heading\" data-id=\"363bb1c\" data-element_type=\"widget\" data-e-type=\"widget\" data-widget_type=\"heading.default\">\n\t\t\t\t<div class=\"elementor-widget-container\">\n\t\t\t\t\t<h2 class=\"elementor-heading-title elementor-size-default\">Su historia  <\/h2>\t\t\t\t<\/div>\n\t\t\t\t<\/div>\n\t\t\t\t\t<\/div>\n\t\t\t\t<\/div>\n\t\t<div class=\"elementor-element elementor-element-9d588cc e-flex e-con-boxed e-con e-parent\" data-id=\"9d588cc\" data-element_type=\"container\" data-e-type=\"container\">\n\t\t\t\t\t<div class=\"e-con-inner\">\n\t\t<div class=\"elementor-element elementor-element-96afe0c e-con-full e-flex e-con e-child\" data-id=\"96afe0c\" data-element_type=\"container\" data-e-type=\"container\">\n\t\t\t\t<div class=\"elementor-element elementor-element-4f2a86d elementor-widget elementor-widget-image\" data-id=\"4f2a86d\" data-element_type=\"widget\" data-e-type=\"widget\" data-widget_type=\"image.default\">\n\t\t\t\t<div class=\"elementor-widget-container\">\n\t\t\t\t\t\t\t\t\t\t\t\t\t\t\t<img loading=\"lazy\" decoding=\"async\" width=\"800\" height=\"250\" src=\"https:\/\/www.domainedubuc.com\/wp-content\/uploads\/2026\/03\/Domaine-du-Buc-Gite-du-Pigeonnier-Cote-jardin-2-1-1024x320.png\" class=\"attachment-large size-large wp-image-12723\" alt=\"Domaine-du-Buc-Gite-du-Pigeonnier-Cote-jardin-2-1.png\" srcset=\"https:\/\/www.domainedubuc.com\/wp-content\/uploads\/2026\/03\/Domaine-du-Buc-Gite-du-Pigeonnier-Cote-jardin-2-1-1024x320.png 1024w, https:\/\/www.domainedubuc.com\/wp-content\/uploads\/2026\/03\/Domaine-du-Buc-Gite-du-Pigeonnier-Cote-jardin-2-1-300x94.png 300w, https:\/\/www.domainedubuc.com\/wp-content\/uploads\/2026\/03\/Domaine-du-Buc-Gite-du-Pigeonnier-Cote-jardin-2-1-1536x480.png 1536w, https:\/\/www.domainedubuc.com\/wp-content\/uploads\/2026\/03\/Domaine-du-Buc-Gite-du-Pigeonnier-Cote-jardin-2-1.png 1920w\" sizes=\"auto, (max-width: 800px) 100vw, 800px\" \/>\t\t\t\t\t\t\t\t\t\t\t\t\t\t\t<\/div>\n\t\t\t\t<\/div>\n\t\t\t\t<\/div>\n\t\t\t\t<div class=\"elementor-element elementor-element-90d3cfe elementor-widget elementor-widget-text-editor\" data-id=\"90d3cfe\" data-element_type=\"widget\" data-e-type=\"widget\" data-widget_type=\"text-editor.default\">\n\t\t\t\t<div class=\"elementor-widget-container\">\n\t\t\t\t\t\t\t\t\t<p>Reci\u00e9n restaurado, <strong>el palomar <a href=\"https:\/\/www.domainedubuc.com\/\">del Domaine du Buc<\/a><\/strong> es un verdadero testimonio del patrimonio del Tarn.<\/p>\n<p><\/p>\n<p>Se inspira sin duda en el estilo local, pero reinterpretado desde la perspectiva de 1900. Es<strong>un palomar cuadrado<\/strong> con<strong> tejado a cuatro vertientes<\/strong>, rematado por un campanario, tambi\u00e9n a cuatro vertientes, pero mucho m\u00e1s grande que los edificios tradicionales de este tipo. <\/p>\n<p><\/p>\n<p>Este palomar tiene en su interior una <strong>escalera giratoria<\/strong> que facilita el acceso a los <strong>nidos de mimbre (llamados boulins) <\/strong> fijados a todas las paredes interiores. El edificio tambi\u00e9n tiene dos alas, situadas en el mismo plano. En la planta baja, el lado izquierdo est\u00e1 reservado a las aves de corral y el derecho a las perreras.  <\/p>\n<p><\/p>\n<p>En el piso superior, <strong>una galer\u00eda a la que se accede por una escalera se abre a peque\u00f1as caba\u00f1as utilizadas como cobertizos<\/strong>. Los 2 patios, que dan a cada ala, est\u00e1n rodeados por un <strong>elegante muro bajo<\/strong>, en parte calado y construido con tejas redondas una sobre otra, y en parte de guijarros del Tarn y ladrillos colocados en \u00e1ngulo en hileras alternas, un m\u00e9todo de construcci\u00f3n habitual en la regi\u00f3n. <\/p>\t\t\t\t\t\t\t\t<\/div>\n\t\t\t\t<\/div>\n\t\t\t\t\t<\/div>\n\t\t\t\t<\/div>\n\t\t<div class=\"elementor-element elementor-element-e754bd8 e-flex e-con-boxed e-con e-parent\" data-id=\"e754bd8\" data-element_type=\"container\" data-e-type=\"container\">\n\t\t\t\t\t<div class=\"e-con-inner\">\n\t\t\t\t<div class=\"elementor-element elementor-element-929f439 elementor-widget elementor-widget-heading\" data-id=\"929f439\" data-element_type=\"widget\" data-e-type=\"widget\" data-widget_type=\"heading.default\">\n\t\t\t\t<div class=\"elementor-widget-container\">\n\t\t\t\t\t<h2 class=\"elementor-heading-title elementor-size-default\">Renovaci\u00f3n del palomar  <\/h2>\t\t\t\t<\/div>\n\t\t\t\t<\/div>\n\t\t\t\t\t<\/div>\n\t\t\t\t<\/div>\n\t\t<div class=\"elementor-element elementor-element-3426d49 e-flex e-con-boxed e-con e-parent\" data-id=\"3426d49\" data-element_type=\"container\" data-e-type=\"container\">\n\t\t\t\t\t<div class=\"e-con-inner\">\n\t\t<div class=\"elementor-element elementor-element-5d041d1 e-con-full e-flex e-con e-child\" data-id=\"5d041d1\" data-element_type=\"container\" data-e-type=\"container\">\n\t\t\t\t<div class=\"elementor-element elementor-element-6012fce elementor-widget elementor-widget-text-editor\" data-id=\"6012fce\" data-element_type=\"widget\" data-e-type=\"widget\" data-widget_type=\"text-editor.default\">\n\t\t\t\t<div class=\"elementor-widget-container\">\n\t\t\t\t\t\t\t\t\t<p>Entre 2017 y 2019 se llevaron a cabo importantes obras.<\/p><p>La fachada hist\u00f3rica y el interior del palomar se han rehabilitado y ahora albergan <strong>un museo de herramientas antiguas.<\/strong><\/p><p>Gracias a esta restauraci\u00f3n de calidad, nos han concedido el sello de la <a href=\"https:\/\/www.fondation-patrimoine.org\/fondation-du-patrimoine\/midi-pyrenees-occitanie\/presentation\" target=\"_blank\" rel=\"noopener\"><strong>Fundaci\u00f3n del Patrimonio <\/strong><\/a>en agosto de 2018.<\/p><p><strong>La parte hist\u00f3rica del palomar est\u00e1 abierta al p\u00fablico gratuitamente durante todo el a\u00f1o:<\/strong><br \/>-para los hu\u00e9spedes del Domaine du Buc<br \/>&#8211; o previa reserva (m\u00ednimo 6 personas llamando al 06 70 14 96 47 ).<\/p><p>Entre 2018 y 2019, se construy\u00f3 una <strong>ampliaci\u00f3n de 115 m\u00b2<\/strong> a lo largo de la fachada oeste del palomar &#8230;<br \/><br \/><\/p><p>Y el resultado es espectacular: una <a href=\"https:\/\/www.domainedubuc.com\/chambres\/le-pigeonnier\/\" target=\"_blank\" rel=\"noreferrer noopener\"><strong>casa rural en la planta baja para 4 personas<\/strong><\/a> para 4 personas. Un verdadero \u00e9xito arquitect\u00f3nico y paisaj\u00edstico.<\/p>\t\t\t\t\t\t\t\t<\/div>\n\t\t\t\t<\/div>\n\t\t\t\t<\/div>\n\t\t<div class=\"elementor-element elementor-element-48d6cb4 e-con-full e-flex e-con e-child\" data-id=\"48d6cb4\" data-element_type=\"container\" data-e-type=\"container\">\n\t\t\t\t<div class=\"elementor-element elementor-element-eadb1ba elementor-widget elementor-widget-image\" data-id=\"eadb1ba\" data-element_type=\"widget\" data-e-type=\"widget\" data-widget_type=\"image.default\">\n\t\t\t\t<div class=\"elementor-widget-container\">\n\t\t\t\t\t\t\t\t\t\t\t\t\t\t\t<img loading=\"lazy\" decoding=\"async\" width=\"587\" height=\"479\" src=\"https:\/\/www.domainedubuc.com\/wp-content\/uploads\/2021\/05\/Domaine-du-Buc-Gite-du-pigeonnier-cot\u00e9-terrasse-1_587x479_acf_cropped-1.jpg\" class=\"attachment-large size-large wp-image-9534\" alt=\"\" srcset=\"https:\/\/www.domainedubuc.com\/wp-content\/uploads\/2021\/05\/Domaine-du-Buc-Gite-du-pigeonnier-cot\u00e9-terrasse-1_587x479_acf_cropped-1.jpg 587w, https:\/\/www.domainedubuc.com\/wp-content\/uploads\/2021\/05\/Domaine-du-Buc-Gite-du-pigeonnier-cot\u00e9-terrasse-1_587x479_acf_cropped-1-300x245.jpg 300w\" sizes=\"auto, (max-width: 587px) 100vw, 587px\" \/>\t\t\t\t\t\t\t\t\t\t\t\t\t\t\t<\/div>\n\t\t\t\t<\/div>\n\t\t\t\t<\/div>\n\t\t\t\t\t<\/div>\n\t\t\t\t<\/div>\n\t\t<div class=\"elementor-element elementor-element-4f51e1d e-flex e-con-boxed e-con e-parent\" data-id=\"4f51e1d\" data-element_type=\"container\" data-e-type=\"container\">\n\t\t\t\t\t<div class=\"e-con-inner\">\n\t\t\t\t<div class=\"elementor-element elementor-element-158d124 elementor-widget elementor-widget-n-accordion\" data-id=\"158d124\" data-element_type=\"widget\" data-e-type=\"widget\" data-settings=\"{&quot;default_state&quot;:&quot;expanded&quot;,&quot;max_items_expended&quot;:&quot;one&quot;,&quot;n_accordion_animation_duration&quot;:{&quot;unit&quot;:&quot;ms&quot;,&quot;size&quot;:400,&quot;sizes&quot;:[]}}\" data-widget_type=\"nested-accordion.default\">\n\t\t\t\t<div class=\"elementor-widget-container\">\n\t\t\t\t\t\t\t<div class=\"e-n-accordion\" aria-label=\"Accordion. Open links with Enter or Space, close with Escape, and navigate with Arrow Keys\">\n\t\t\t\t\t\t<details id=\"e-n-accordion-item-2250\" class=\"e-n-accordion-item\" open>\n\t\t\t\t<summary class=\"e-n-accordion-item-title\" data-accordion-index=\"1\" tabindex=\"0\" aria-expanded=\"true\" aria-controls=\"e-n-accordion-item-2250\" >\n\t\t\t\t\t<span class='e-n-accordion-item-title-header'><h6 class=\"e-n-accordion-item-title-text\"> \u00bfLa piscina es accesible en todo momento?   <\/h6><\/span>\n\t\t\t\t\t\t\t<span class='e-n-accordion-item-title-icon'>\n\t\t\t<span class='e-opened' ><svg aria-hidden=\"true\" class=\"e-font-icon-svg e-fas-chevron-down\" viewBox=\"0 0 448 512\" xmlns=\"http:\/\/www.w3.org\/2000\/svg\"><path d=\"M207.029 381.476L12.686 187.132c-9.373-9.373-9.373-24.569 0-33.941l22.667-22.667c9.357-9.357 24.522-9.375 33.901-.04L224 284.505l154.745-154.021c9.379-9.335 24.544-9.317 33.901.04l22.667 22.667c9.373 9.373 9.373 24.569 0 33.941L240.971 381.476c-9.373 9.372-24.569 9.372-33.942 0z\"><\/path><\/svg><\/span>\n\t\t\t<span class='e-closed'><svg aria-hidden=\"true\" class=\"e-font-icon-svg e-fas-chevron-right\" viewBox=\"0 0 320 512\" xmlns=\"http:\/\/www.w3.org\/2000\/svg\"><path d=\"M285.476 272.971L91.132 467.314c-9.373 9.373-24.569 9.373-33.941 0l-22.667-22.667c-9.357-9.357-9.375-24.522-.04-33.901L188.505 256 34.484 101.255c-9.335-9.379-9.317-24.544.04-33.901l22.667-22.667c9.373-9.373 24.569-9.373 33.941 0L285.475 239.03c9.373 9.372 9.373 24.568.001 33.941z\"><\/path><\/svg><\/span>\n\t\t<\/span>\n\n\t\t\t\t\t\t<\/summary>\n\t\t\t\t<div role=\"region\" aria-labelledby=\"e-n-accordion-item-2250\" class=\"elementor-element elementor-element-83f6f9c e-con-full e-flex e-con e-child\" data-id=\"83f6f9c\" data-element_type=\"container\" data-e-type=\"container\">\n\t\t\t\t<div class=\"elementor-element elementor-element-54f8dfa elementor-widget elementor-widget-text-editor\" data-id=\"54f8dfa\" data-element_type=\"widget\" data-e-type=\"widget\" data-widget_type=\"text-editor.default\">\n\t\t\t\t<div class=\"elementor-widget-container\">\n\t\t\t\t\t\t\t\t\t<p>La piscina est\u00e1 abierta para ti durante tu estancia en el Domaine du Buc (de 8.30 a 20.30 h). No es accesible a personas ajenas durante el d\u00eda.  <\/p>\t\t\t\t\t\t\t\t<\/div>\n\t\t\t\t<\/div>\n\t\t\t\t<\/div>\n\t\t\t\t\t<\/details>\n\t\t\t\t\t\t<details id=\"e-n-accordion-item-2251\" class=\"e-n-accordion-item\" >\n\t\t\t\t<summary class=\"e-n-accordion-item-title\" data-accordion-index=\"2\" tabindex=\"-1\" aria-expanded=\"false\" aria-controls=\"e-n-accordion-item-2251\" >\n\t\t\t\t\t<span class='e-n-accordion-item-title-header'><h6 class=\"e-n-accordion-item-title-text\"> \u00bfLa piscina est\u00e1 climatizada?   <\/h6><\/span>\n\t\t\t\t\t\t\t<span class='e-n-accordion-item-title-icon'>\n\t\t\t<span class='e-opened' ><svg aria-hidden=\"true\" class=\"e-font-icon-svg e-fas-chevron-down\" viewBox=\"0 0 448 512\" xmlns=\"http:\/\/www.w3.org\/2000\/svg\"><path d=\"M207.029 381.476L12.686 187.132c-9.373-9.373-9.373-24.569 0-33.941l22.667-22.667c9.357-9.357 24.522-9.375 33.901-.04L224 284.505l154.745-154.021c9.379-9.335 24.544-9.317 33.901.04l22.667 22.667c9.373 9.373 9.373 24.569 0 33.941L240.971 381.476c-9.373 9.372-24.569 9.372-33.942 0z\"><\/path><\/svg><\/span>\n\t\t\t<span class='e-closed'><svg aria-hidden=\"true\" class=\"e-font-icon-svg e-fas-chevron-right\" viewBox=\"0 0 320 512\" xmlns=\"http:\/\/www.w3.org\/2000\/svg\"><path d=\"M285.476 272.971L91.132 467.314c-9.373 9.373-24.569 9.373-33.941 0l-22.667-22.667c-9.357-9.357-9.375-24.522-.04-33.901L188.505 256 34.484 101.255c-9.335-9.379-9.317-24.544.04-33.901l22.667-22.667c9.373-9.373 24.569-9.373 33.941 0L285.475 239.03c9.373 9.372 9.373 24.568.001 33.941z\"><\/path><\/svg><\/span>\n\t\t<\/span>\n\n\t\t\t\t\t\t<\/summary>\n\t\t\t\t<div role=\"region\" aria-labelledby=\"e-n-accordion-item-2251\" class=\"elementor-element elementor-element-735f519 e-con-full e-flex e-con e-child\" data-id=\"735f519\" data-element_type=\"container\" data-e-type=\"container\">\n\t\t\t\t<div class=\"elementor-element elementor-element-6c948a7 elementor-widget elementor-widget-text-editor\" data-id=\"6c948a7\" data-element_type=\"widget\" data-e-type=\"widget\" data-widget_type=\"text-editor.default\">\n\t\t\t\t<div class=\"elementor-widget-container\">\n\t\t\t\t\t\t\t\t\t<p>Como estamos en el sur de Francia e intentamos respetar el planeta, la piscina no est\u00e1 climatizada. Sin embargo, la temperatura oscila entre 25 y 29 grados seg\u00fan la estaci\u00f3n.   <\/p>\t\t\t\t\t\t\t\t<\/div>\n\t\t\t\t<\/div>\n\t\t\t\t<\/div>\n\t\t\t\t\t<\/details>\n\t\t\t\t\t\t<details id=\"e-n-accordion-item-2252\" class=\"e-n-accordion-item\" >\n\t\t\t\t<summary class=\"e-n-accordion-item-title\" data-accordion-index=\"3\" tabindex=\"-1\" aria-expanded=\"false\" aria-controls=\"e-n-accordion-item-2252\" >\n\t\t\t\t\t<span class='e-n-accordion-item-title-header'><h6 class=\"e-n-accordion-item-title-text\"> \u00bfEs posible acceder a la piscina el d\u00eda de nuestra salida?   <\/h6><\/span>\n\t\t\t\t\t\t\t<span class='e-n-accordion-item-title-icon'>\n\t\t\t<span class='e-opened' ><svg aria-hidden=\"true\" class=\"e-font-icon-svg e-fas-chevron-down\" viewBox=\"0 0 448 512\" xmlns=\"http:\/\/www.w3.org\/2000\/svg\"><path d=\"M207.029 381.476L12.686 187.132c-9.373-9.373-9.373-24.569 0-33.941l22.667-22.667c9.357-9.357 24.522-9.375 33.901-.04L224 284.505l154.745-154.021c9.379-9.335 24.544-9.317 33.901.04l22.667 22.667c9.373 9.373 9.373 24.569 0 33.941L240.971 381.476c-9.373 9.372-24.569 9.372-33.942 0z\"><\/path><\/svg><\/span>\n\t\t\t<span class='e-closed'><svg aria-hidden=\"true\" class=\"e-font-icon-svg e-fas-chevron-right\" viewBox=\"0 0 320 512\" xmlns=\"http:\/\/www.w3.org\/2000\/svg\"><path d=\"M285.476 272.971L91.132 467.314c-9.373 9.373-24.569 9.373-33.941 0l-22.667-22.667c-9.357-9.357-9.375-24.522-.04-33.901L188.505 256 34.484 101.255c-9.335-9.379-9.317-24.544.04-33.901l22.667-22.667c9.373-9.373 24.569-9.373 33.941 0L285.475 239.03c9.373 9.372 9.373 24.568.001 33.941z\"><\/path><\/svg><\/span>\n\t\t<\/span>\n\n\t\t\t\t\t\t<\/summary>\n\t\t\t\t<div role=\"region\" aria-labelledby=\"e-n-accordion-item-2252\" class=\"elementor-element elementor-element-45b60c8 e-con-full e-flex e-con e-child\" data-id=\"45b60c8\" data-element_type=\"container\" data-e-type=\"container\">\n\t\t\t\t<div class=\"elementor-element elementor-element-1d80960 elementor-widget elementor-widget-text-editor\" data-id=\"1d80960\" data-element_type=\"widget\" data-e-type=\"widget\" data-widget_type=\"text-editor.default\">\n\t\t\t\t<div class=\"elementor-widget-container\">\n\t\t\t\t\t\t\t\t\t<p>Dependiendo de lo ocupado que est\u00e9 el lugar, podr\u00e1s (o no) disfrutar de un \u00faltimo ba\u00f1o (entre las 11.00 y las 12.30 h) antes de irte. A convenir con Brigitte   <\/p>\t\t\t\t\t\t\t\t<\/div>\n\t\t\t\t<\/div>\n\t\t\t\t<\/div>\n\t\t\t\t\t<\/details>\n\t\t\t\t\t<\/div>\n\t\t\t\t\t<script type=\"application\/ld+json\">{\"@context\":\"https:\\\/\\\/schema.org\",\"@type\":\"FAQPage\",\"mainEntity\":[{\"@type\":\"Question\",\"name\":\"\\u00bfLa piscina es accesible en todo momento?\",\"acceptedAnswer\":{\"@type\":\"Answer\",\"text\":\"La piscina est\\u00e1 abierta para ti durante tu estancia en el Domaine du Buc (de 8.30 a 20.30 h). No es accesible a personas ajenas durante el d\\u00eda.\"}},{\"@type\":\"Question\",\"name\":\"\\u00bfLa piscina est\\u00e1 climatizada?\",\"acceptedAnswer\":{\"@type\":\"Answer\",\"text\":\"Como estamos en el sur de Francia e intentamos respetar el planeta, la piscina no est\\u00e1 climatizada. Sin embargo, la temperatura oscila entre 25 y 29 grados seg\\u00fan la estaci\\u00f3n.\"}},{\"@type\":\"Question\",\"name\":\"\\u00bfEs posible acceder a la piscina el d\\u00eda de nuestra salida?\",\"acceptedAnswer\":{\"@type\":\"Answer\",\"text\":\"Dependiendo de lo ocupado que est\\u00e9 el lugar, podr\\u00e1s (o no) disfrutar de un \\u00faltimo ba\\u00f1o (entre las 11.00 y las 12.30 h) antes de irte. A convenir con Brigitte\"}}]}<\/script>\n\t\t\t\t\t\t\t<\/div>\n\t\t\t\t<\/div>\n\t\t\t\t\t<\/div>\n\t\t\t\t<\/div>\n\t\t\t\t<\/div>\n\t\t","protected":false},"excerpt":{"rendered":"<p>Su historia Reci\u00e9n restaurado, el palomar del Domaine du Buc es un verdadero testimonio del patrimonio del Tarn. Se inspira sin duda en el estilo local, pero reinterpretado desde la perspectiva de 1900. Esun palomar cuadrado con tejado a cuatro vertientes, rematado por un campanario, tambi\u00e9n a cuatro vertientes, pero mucho m\u00e1s grande que los [&hellip;]<\/p>\n","protected":false},"author":6,"featured_media":12732,"parent":0,"menu_order":0,"comment_status":"closed","ping_status":"closed","template":"","meta":{"_acf_changed":false,"inline_featured_image":false,"footnotes":""},"class_list":["post-15055","page","type-page","status-publish","has-post-thumbnail","hentry"],"acf":[],"_links":{"self":[{"href":"https:\/\/www.domainedubuc.com\/es\/wp-json\/wp\/v2\/pages\/15055","targetHints":{"allow":["GET"]}}],"collection":[{"href":"https:\/\/www.domainedubuc.com\/es\/wp-json\/wp\/v2\/pages"}],"about":[{"href":"https:\/\/www.domainedubuc.com\/es\/wp-json\/wp\/v2\/types\/page"}],"author":[{"embeddable":true,"href":"https:\/\/www.domainedubuc.com\/es\/wp-json\/wp\/v2\/users\/6"}],"replies":[{"embeddable":true,"href":"https:\/\/www.domainedubuc.com\/es\/wp-json\/wp\/v2\/comments?post=15055"}],"version-history":[{"count":3,"href":"https:\/\/www.domainedubuc.com\/es\/wp-json\/wp\/v2\/pages\/15055\/revisions"}],"predecessor-version":[{"id":15065,"href":"https:\/\/www.domainedubuc.com\/es\/wp-json\/wp\/v2\/pages\/15055\/revisions\/15065"}],"wp:featuredmedia":[{"embeddable":true,"href":"https:\/\/www.domainedubuc.com\/es\/wp-json\/wp\/v2\/media\/12732"}],"wp:attachment":[{"href":"https:\/\/www.domainedubuc.com\/es\/wp-json\/wp\/v2\/media?parent=15055"}],"curies":[{"name":"wp","href":"https:\/\/api.w.org\/{rel}","templated":true}]}}