{"id":15128,"date":"2026-03-30T15:42:54","date_gmt":"2026-03-30T14:42:54","guid":{"rendered":"https:\/\/www.domainedubuc.com\/politica-de-cookies\/"},"modified":"2026-03-30T15:42:54","modified_gmt":"2026-03-30T14:42:54","slug":"politica-de-cookies","status":"publish","type":"page","link":"https:\/\/www.domainedubuc.com\/es\/politica-de-cookies\/","title":{"rendered":"Pol\u00edtica de cookies"},"content":{"rendered":"<p>Domaine du Buc utiliza cookies para garantizar que el sitio web funcione correctamente. Algunas cookies se conocen como cookies de seguimiento porque permiten al sitio web identificar tu navegador para conservar informaci\u00f3n sobre la conexi\u00f3n de tu cuenta, tu cesta de la compra y tus preferencias. <\/p>\n<p>Domaine du Buc utiliza cookies Anal\u00edticas. Al activar las cookies Analytics, tus datos personales ser\u00e1n tratados por Route de Lagrave &#8211; 81150 Marssac sur Tarn<br \/>\n. Esta informaci\u00f3n se recopilar\u00e1 con el fin de medir la audiencia y las estad\u00edsticas, mejorar la calidad de las herramientas del sitio web, detectar posibles problemas y poder ofrecer nuevos contenidos. <\/p>\n<p>Domaine du Buc no tiene control sobre las cookies que pueda depositar nuestra herramienta de an\u00e1lisis Google Analytics, mantenida por Google LLC, con sede en 1600 Amphitheatre Parkway, Mountain View, CA 94043, Estados Unidos.<br \/>\nPara conocer las cookies depositadas en el marco del an\u00e1lisis del tr\u00e1fico, haz clic aqu\u00ed.<br \/>\nHemos optado por conservar los datos recogidos en y por Google Analytics durante un periodo de 3 a\u00f1os.<\/p>\n<p>Al activar las cookies de las redes sociales, tus datos personales ser\u00e1n tratados por Route de Lagrave &#8211; 81150 Marssac sur Tarn. Las p\u00e1ginas que contienen botones de redes sociales dan a \u00e9stas la posibilidad de instalar rastreadores para analizar tus centros de inter\u00e9s de acuerdo con sus respectivas cartas de uso de datos. <\/p>\n<p>Domaine du Buc no tiene control sobre las cookies que puedan depositar las redes sociales y te invita a que visites las distintas plataformas para saber c\u00f3mo se utiliza la informaci\u00f3n recogida por la visualizaci\u00f3n de estos botones. En el momento de la creaci\u00f3n de esta carta, estas redes sociales eran: LinkedIn, Facebook, Instagram, Twitter, YouTube y Pinterest. Esta lista puede cambiar con el tiempo.  <\/p>\n<p>Al activar las cookies de publicidad dirigida, tus datos personales ser\u00e1n tratados por Route de Lagrave &#8211; 81150 Marssac sur Tarn. Se utilizar\u00e1n para presentarte publicidad en funci\u00f3n de tus centros de inter\u00e9s y que sea m\u00e1s probable que te interese. Esta publicidad dirigida se realiza a trav\u00e9s de plataformas externas como Facebook o Google<br \/>\n. Para saber m\u00e1s sobre la informaci\u00f3n enviada a Google LLC, con sede en 1600 Amphitheatre Parkway, Mountain View, CA 94043, Estados Unidos, visita esta p\u00e1gina:https:\/\/policies.google.com\/technologies\/ads  <\/p>\n<p>Para m\u00e1s informaci\u00f3n sobre la informaci\u00f3n transmitida a Facebook, cuyo responsable del tratamiento de datos es Facebook Ireland Ltd. 4 Grand Canal Square &#8211; Grand Canal Harbour Dubl\u00edn 2, Irlanda, visita esta p\u00e1gina: https:\/\/www.facebook.com\/about\/basics\/privacy-principles<\/p>\n<p>Los art\u00edculos de este sitio pueden incluir contenido incrustado (por ejemplo, v\u00eddeos, im\u00e1genes, art\u00edculos, etc.). El contenido incrustado de otros sitios se comporta de la misma manera que si el visitante estuviera visitando ese otro sitio. Estos sitios web pueden recopilar datos sobre ti, utilizar cookies, incrustar herramientas de seguimiento de terceros y rastrear tus interacciones con este contenido incrustado si tienes una cuenta iniciada en su sitio web.  <\/p>\n<p>De acuerdo con la normativa aplicable a la protecci\u00f3n de datos personales, tienes derecho de acceso, rectificaci\u00f3n, oposici\u00f3n, limitaci\u00f3n del tratamiento, portabilidad (para solicitar la transferencia de tus datos cuando sea posible) y supresi\u00f3n.<br \/>\nAhora puedes dar instrucciones sobre qu\u00e9 hacer con tus datos despu\u00e9s de tu muerte.<br \/>\nPara ello, ponte en contacto con la empresa Domaine du Buc en contact@domainedubuc.comou por correo postal a la siguiente direcci\u00f3n Route de Lagrave &#8211; 81150 Marssac sur Tarn<\/p>\n","protected":false},"excerpt":{"rendered":"<p>Domaine du Buc utiliza cookies para garantizar que el sitio web funcione correctamente. Algunas cookies se conocen como cookies de seguimiento porque permiten al sitio web identificar tu navegador para conservar informaci\u00f3n sobre la conexi\u00f3n de tu cuenta, tu cesta de la compra y tus preferencias. Domaine du Buc utiliza cookies Anal\u00edticas. Al activar las [&hellip;]<\/p>\n","protected":false},"author":6,"featured_media":0,"parent":0,"menu_order":0,"comment_status":"closed","ping_status":"closed","template":"","meta":{"_acf_changed":false,"inline_featured_image":false,"footnotes":""},"class_list":["post-15128","page","type-page","status-publish","hentry"],"acf":[],"_links":{"self":[{"href":"https:\/\/www.domainedubuc.com\/es\/wp-json\/wp\/v2\/pages\/15128","targetHints":{"allow":["GET"]}}],"collection":[{"href":"https:\/\/www.domainedubuc.com\/es\/wp-json\/wp\/v2\/pages"}],"about":[{"href":"https:\/\/www.domainedubuc.com\/es\/wp-json\/wp\/v2\/types\/page"}],"author":[{"embeddable":true,"href":"https:\/\/www.domainedubuc.com\/es\/wp-json\/wp\/v2\/users\/6"}],"replies":[{"embeddable":true,"href":"https:\/\/www.domainedubuc.com\/es\/wp-json\/wp\/v2\/comments?post=15128"}],"version-history":[{"count":0,"href":"https:\/\/www.domainedubuc.com\/es\/wp-json\/wp\/v2\/pages\/15128\/revisions"}],"wp:attachment":[{"href":"https:\/\/www.domainedubuc.com\/es\/wp-json\/wp\/v2\/media?parent=15128"}],"curies":[{"name":"wp","href":"https:\/\/api.w.org\/{rel}","templated":true}]}}