{"id":15170,"date":"2026-03-30T15:43:21","date_gmt":"2026-03-30T14:43:21","guid":{"rendered":"https:\/\/www.domainedubuc.com\/comidas-in-situ\/"},"modified":"2026-03-30T15:43:23","modified_gmt":"2026-03-30T14:43:23","slug":"comidas-in-situ","status":"publish","type":"page","link":"https:\/\/www.domainedubuc.com\/es\/comidas-in-situ\/","title":{"rendered":"Comidas in situ"},"content":{"rendered":"\t\t<div data-elementor-type=\"wp-page\" data-elementor-id=\"15170\" class=\"elementor elementor-15170 elementor-12835\" data-elementor-post-type=\"page\">\n\t\t\t\t<div class=\"elementor-element elementor-element-4c059a2 e-flex e-con-boxed e-con e-parent\" data-id=\"4c059a2\" data-element_type=\"container\" data-e-type=\"container\">\n\t\t\t\t\t<div class=\"e-con-inner\">\n\t\t\t\t<div class=\"elementor-element elementor-element-4cfc035 elementor-widget elementor-widget-heading\" data-id=\"4cfc035\" data-element_type=\"widget\" data-e-type=\"widget\" data-widget_type=\"heading.default\">\n\t\t\t\t<div class=\"elementor-widget-container\">\n\t\t\t\t\t<h2 class=\"elementor-heading-title elementor-size-default\">Una cocina a tu disposici\u00f3n<\/h2>\t\t\t\t<\/div>\n\t\t\t\t<\/div>\n\t\t\t\t\t<\/div>\n\t\t\t\t<\/div>\n\t\t<div class=\"elementor-element elementor-element-e1857e8 e-flex e-con-boxed e-con e-parent\" data-id=\"e1857e8\" data-element_type=\"container\" data-e-type=\"container\">\n\t\t\t\t\t<div class=\"e-con-inner\">\n\t\t<div class=\"elementor-element elementor-element-86f79cf e-con-full e-flex e-con e-child\" data-id=\"86f79cf\" data-element_type=\"container\" data-e-type=\"container\">\n\t\t\t\t<div class=\"elementor-element elementor-element-f44fa68 elementor-widget elementor-widget-text-editor\" data-id=\"f44fa68\" data-element_type=\"widget\" data-e-type=\"widget\" data-widget_type=\"text-editor.default\">\n\t\t\t\t<div class=\"elementor-widget-container\">\n\t\t\t\t\t\t\t\t\t<p>\u00bfTe gusta cocinar? \u00bfTe gustar\u00eda preparar platos sencillos utilizando tus propios productos del Mercado? \u00bfTe gustar\u00eda compartir una copa de vino y brindar en un ambiente \u00edntimo?<\/p>\n<p>Tenemos <strong>una cocina totalmente equipada<\/strong> en la planta baja.<\/p>\n<p>Si no has tenido tiempo de ir de compras, en el mismo centro hay tarros de comida casera esterilizada de productores locales.  <\/p>\n<p>En el exterior, \u00a1te toca hacer una <strong>barbacoa<\/strong> o <strong>plancha<\/strong> con tus amigos!<\/p>\n<p>S\u00f3lo tienes que sentarte en una de las terrazas o en el parque&#8230; \u00a1y disfrutar!<\/p>\t\t\t\t\t\t\t\t<\/div>\n\t\t\t\t<\/div>\n\t\t\t\t<\/div>\n\t\t<div class=\"elementor-element elementor-element-ce7a9fb e-con-full e-flex e-con e-child\" data-id=\"ce7a9fb\" data-element_type=\"container\" data-e-type=\"container\">\n\t\t\t\t<div class=\"elementor-element elementor-element-3244d3e elementor-widget elementor-widget-image\" data-id=\"3244d3e\" data-element_type=\"widget\" data-e-type=\"widget\" data-widget_type=\"image.default\">\n\t\t\t\t<div class=\"elementor-widget-container\">\n\t\t\t\t\t\t\t\t\t\t\t\t\t\t\t<img loading=\"lazy\" decoding=\"async\" width=\"800\" height=\"517\" src=\"https:\/\/www.domainedubuc.com\/wp-content\/uploads\/2026\/03\/cuisine-chambres-d-hotes-domaine-du-buc-1024x662.jpg\" class=\"attachment-large size-large wp-image-15173\" alt=\"cuisine chambres d hotes domaine du buc\" srcset=\"https:\/\/www.domainedubuc.com\/wp-content\/uploads\/2026\/03\/cuisine-chambres-d-hotes-domaine-du-buc-1024x662.jpg 1024w, https:\/\/www.domainedubuc.com\/wp-content\/uploads\/2026\/03\/cuisine-chambres-d-hotes-domaine-du-buc-300x194.jpg 300w, https:\/\/www.domainedubuc.com\/wp-content\/uploads\/2026\/03\/cuisine-chambres-d-hotes-domaine-du-buc-1536x993.jpg 1536w, https:\/\/www.domainedubuc.com\/wp-content\/uploads\/2026\/03\/cuisine-chambres-d-hotes-domaine-du-buc-2048x1324.jpg 2048w, https:\/\/www.domainedubuc.com\/wp-content\/uploads\/2026\/03\/cuisine-chambres-d-hotes-domaine-du-buc-scaled.jpg 1855w\" sizes=\"auto, (max-width: 800px) 100vw, 800px\" \/>\t\t\t\t\t\t\t\t\t\t\t\t\t\t\t<\/div>\n\t\t\t\t<\/div>\n\t\t\t\t<\/div>\n\t\t\t\t\t<\/div>\n\t\t\t\t<\/div>\n\t\t<div class=\"elementor-element elementor-element-dc125ab e-flex e-con-boxed e-con e-parent\" data-id=\"dc125ab\" data-element_type=\"container\" data-e-type=\"container\">\n\t\t\t\t\t<div class=\"e-con-inner\">\n\t\t\t\t<div class=\"elementor-element elementor-element-513dfd6 elementor-widget elementor-widget-heading\" data-id=\"513dfd6\" data-element_type=\"widget\" data-e-type=\"widget\" data-widget_type=\"heading.default\">\n\t\t\t\t<div class=\"elementor-widget-container\">\n\t\t\t\t\t<h2 class=\"elementor-heading-title elementor-size-default\">Platos locales<\/h2>\t\t\t\t<\/div>\n\t\t\t\t<\/div>\n\t\t\t\t\t<\/div>\n\t\t\t\t<\/div>\n\t\t<div class=\"elementor-element elementor-element-1e49024 e-flex e-con-boxed e-con e-parent\" data-id=\"1e49024\" data-element_type=\"container\" data-e-type=\"container\">\n\t\t\t\t\t<div class=\"e-con-inner\">\n\t\t<div class=\"elementor-element elementor-element-ecc8321 e-con-full e-flex e-con e-child\" data-id=\"ecc8321\" data-element_type=\"container\" data-e-type=\"container\">\n\t\t\t\t<div class=\"elementor-element elementor-element-69f2956 elementor-widget elementor-widget-image\" data-id=\"69f2956\" data-element_type=\"widget\" data-e-type=\"widget\" data-widget_type=\"image.default\">\n\t\t\t\t<div class=\"elementor-widget-container\">\n\t\t\t\t\t\t\t\t\t\t\t\t\t\t\t<img loading=\"lazy\" decoding=\"async\" width=\"800\" height=\"534\" src=\"https:\/\/www.domainedubuc.com\/wp-content\/uploads\/2026\/03\/assiette-terroir-parc-domaine-du-buc.jpg\" class=\"attachment-large size-large wp-image-15171\" alt=\"assiette terroir parc domaine du buc\" srcset=\"https:\/\/www.domainedubuc.com\/wp-content\/uploads\/2026\/03\/assiette-terroir-parc-domaine-du-buc.jpg 1000w, https:\/\/www.domainedubuc.com\/wp-content\/uploads\/2026\/03\/assiette-terroir-parc-domaine-du-buc-300x200.jpg 300w\" sizes=\"auto, (max-width: 800px) 100vw, 800px\" \/>\t\t\t\t\t\t\t\t\t\t\t\t\t\t\t<\/div>\n\t\t\t\t<\/div>\n\t\t\t\t<\/div>\n\t\t<div class=\"elementor-element elementor-element-5678a6f e-con-full e-flex e-con e-child\" data-id=\"5678a6f\" data-element_type=\"container\" data-e-type=\"container\">\n\t\t\t\t<div class=\"elementor-element elementor-element-eaf1e05 elementor-widget elementor-widget-text-editor\" data-id=\"eaf1e05\" data-element_type=\"widget\" data-e-type=\"widget\" data-widget_type=\"text-editor.default\">\n\t\t\t\t<div class=\"elementor-widget-container\">\n\t\t\t\t\t\t\t\t\t<p>Si quieres que te preparemos un <strong>plato local<\/strong>, podemos prepar\u00e1rtelo in situ. Suele consistir en <strong>embutidos locales<\/strong> (por ejemplo, terrina casera ,<strong><a href=\"https:\/\/www.domainedubuc.com\/?p=5664\" target=\"_blank\" rel=\"noreferrer noopener\"> Jam\u00f3n de Lacaune<\/a> <\/strong>jam\u00f3n de Lacaune, salchicha seca de Lacaune, magret de pato seco). <br \/>Preparamos <strong>una tarta salada <\/strong> (verduras de temporada) con una ensalada verde. En verano, te ofreceremos deliciosos tomates<strong><a href=\"https:\/\/www.domainedubuc.com\/?p=4032\" target=\"_blank\" rel=\"noreferrer noopener\"> \u00a1tomates de nuestra huerta! <\/a><\/strong>  <\/p>\n<p>Los quesos locales completan los <strong>platos locales<\/strong>&#8230; En general, preferimos los quesos del Suroeste (Rocamadour, Laguiole, Cantal, Roquefort o quesos de cabra del Tarn).  <\/p>\n<p>De postre: (un helado en verano u otra sugerencia seg\u00fan la estaci\u00f3n&#8230;) <br \/><strong>Precio<\/strong>: 28\u20ac \/ pers (sin vino) <br \/> Vinos<strong>de Gaillac<\/strong>: por copa 4\u20ac o por botella (entre 16 y 30\u20ac)  <\/p>\n<p>\u00a1Reserva con 1 semana de antelaci\u00f3n si es posible!  <\/p>\t\t\t\t\t\t\t\t<\/div>\n\t\t\t\t<\/div>\n\t\t\t\t<\/div>\n\t\t\t\t\t<\/div>\n\t\t\t\t<\/div>\n\t\t<div class=\"elementor-element elementor-element-4544795 e-flex e-con-boxed e-con e-parent\" data-id=\"4544795\" data-element_type=\"container\" data-e-type=\"container\">\n\t\t\t\t\t<div class=\"e-con-inner\">\n\t\t<div class=\"elementor-element elementor-element-942a2c4 e-con-full e-flex e-con e-child\" data-id=\"942a2c4\" data-element_type=\"container\" data-e-type=\"container\">\n\t\t\t\t<div class=\"elementor-element elementor-element-0cc4603 elementor-widget elementor-widget-image\" data-id=\"0cc4603\" data-element_type=\"widget\" data-e-type=\"widget\" data-widget_type=\"image.default\">\n\t\t\t\t<div class=\"elementor-widget-container\">\n\t\t\t\t\t\t\t\t\t\t\t\t\t\t\t<img decoding=\"async\" width=\"800\" height=\"534\" src=\"https:\/\/www.domainedubuc.com\/wp-content\/uploads\/2026\/03\/table-d-hotes-domaine-du-buc-1024x684.jpg\" class=\"attachment-large size-large wp-image-15172\" alt=\"table d hotes domaine du buc\" loading=\"lazy\" srcset=\"https:\/\/www.domainedubuc.com\/wp-content\/uploads\/2026\/03\/table-d-hotes-domaine-du-buc-1024x684.jpg 1024w, https:\/\/www.domainedubuc.com\/wp-content\/uploads\/2026\/03\/table-d-hotes-domaine-du-buc-300x200.jpg 300w, https:\/\/www.domainedubuc.com\/wp-content\/uploads\/2026\/03\/table-d-hotes-domaine-du-buc-1536x1025.jpg 1536w, https:\/\/www.domainedubuc.com\/wp-content\/uploads\/2026\/03\/table-d-hotes-domaine-du-buc-2048x1367.jpg 2048w, https:\/\/www.domainedubuc.com\/wp-content\/uploads\/2026\/03\/table-d-hotes-domaine-du-buc-scaled.jpg 1797w\" sizes=\"auto, (max-width: 800px) 100vw, 800px\" \/>\t\t\t\t\t\t\t\t\t\t\t\t\t\t\t<\/div>\n\t\t\t\t<\/div>\n\t\t\t\t<\/div>\n\t\t<div class=\"elementor-element elementor-element-16fe716 e-con-full e-flex e-con e-child\" data-id=\"16fe716\" data-element_type=\"container\" data-e-type=\"container\">\n\t\t\t\t<div class=\"elementor-element elementor-element-2edeb5d elementor-widget elementor-widget-image\" data-id=\"2edeb5d\" data-element_type=\"widget\" data-e-type=\"widget\" data-widget_type=\"image.default\">\n\t\t\t\t<div class=\"elementor-widget-container\">\n\t\t\t\t\t\t\t\t\t\t\t\t\t\t\t<img decoding=\"async\" width=\"800\" height=\"534\" src=\"https:\/\/www.domainedubuc.com\/wp-content\/uploads\/2026\/03\/cuisine-a-disposition-domaine-du-buc.jpg\" class=\"attachment-large size-large wp-image-15174\" alt=\"\" loading=\"lazy\" srcset=\"https:\/\/www.domainedubuc.com\/wp-content\/uploads\/2026\/03\/cuisine-a-disposition-domaine-du-buc.jpg 1000w, https:\/\/www.domainedubuc.com\/wp-content\/uploads\/2026\/03\/cuisine-a-disposition-domaine-du-buc-300x200.jpg 300w\" sizes=\"auto, (max-width: 800px) 100vw, 800px\" \/>\t\t\t\t\t\t\t\t\t\t\t\t\t\t\t<\/div>\n\t\t\t\t<\/div>\n\t\t\t\t<\/div>\n\t\t\t\t\t<\/div>\n\t\t\t\t<\/div>\n\t\t<div class=\"elementor-element elementor-element-ccc7571 e-flex e-con-boxed e-con e-parent\" data-id=\"ccc7571\" data-element_type=\"container\" data-e-type=\"container\">\n\t\t\t\t\t<div class=\"e-con-inner\">\n\t\t\t\t<div class=\"elementor-element elementor-element-14371a1 elementor-widget elementor-widget-n-accordion\" data-id=\"14371a1\" data-element_type=\"widget\" data-e-type=\"widget\" data-settings=\"{&quot;default_state&quot;:&quot;expanded&quot;,&quot;max_items_expended&quot;:&quot;one&quot;,&quot;n_accordion_animation_duration&quot;:{&quot;unit&quot;:&quot;ms&quot;,&quot;size&quot;:400,&quot;sizes&quot;:[]}}\" data-widget_type=\"nested-accordion.default\">\n\t\t\t\t<div class=\"elementor-widget-container\">\n\t\t\t\t\t\t\t<div class=\"e-n-accordion\" aria-label=\"Accordion. Open links with Enter or Space, close with Escape, and navigate with Arrow Keys\">\n\t\t\t\t\t\t<details id=\"e-n-accordion-item-2110\" class=\"e-n-accordion-item\" open>\n\t\t\t\t<summary class=\"e-n-accordion-item-title\" data-accordion-index=\"1\" tabindex=\"0\" aria-expanded=\"true\" aria-controls=\"e-n-accordion-item-2110\" >\n\t\t\t\t\t<span class='e-n-accordion-item-title-header'><h6 class=\"e-n-accordion-item-title-text\"> \u00bfSe puede cocinar in situ? <\/h6><\/span>\n\t\t\t\t\t\t\t<span class='e-n-accordion-item-title-icon'>\n\t\t\t<span class='e-opened' ><svg aria-hidden=\"true\" class=\"e-font-icon-svg e-fas-chevron-down\" viewBox=\"0 0 448 512\" xmlns=\"http:\/\/www.w3.org\/2000\/svg\"><path d=\"M207.029 381.476L12.686 187.132c-9.373-9.373-9.373-24.569 0-33.941l22.667-22.667c9.357-9.357 24.522-9.375 33.901-.04L224 284.505l154.745-154.021c9.379-9.335 24.544-9.317 33.901.04l22.667 22.667c9.373 9.373 9.373 24.569 0 33.941L240.971 381.476c-9.373 9.372-24.569 9.372-33.942 0z\"><\/path><\/svg><\/span>\n\t\t\t<span class='e-closed'><svg aria-hidden=\"true\" class=\"e-font-icon-svg e-fas-chevron-right\" viewBox=\"0 0 320 512\" xmlns=\"http:\/\/www.w3.org\/2000\/svg\"><path d=\"M285.476 272.971L91.132 467.314c-9.373 9.373-24.569 9.373-33.941 0l-22.667-22.667c-9.357-9.357-9.375-24.522-.04-33.901L188.505 256 34.484 101.255c-9.335-9.379-9.317-24.544.04-33.901l22.667-22.667c9.373-9.373 24.569-9.373 33.941 0L285.475 239.03c9.373 9.372 9.373 24.568.001 33.941z\"><\/path><\/svg><\/span>\n\t\t<\/span>\n\n\t\t\t\t\t\t<\/summary>\n\t\t\t\t<div role=\"region\" aria-labelledby=\"e-n-accordion-item-2110\" class=\"elementor-element elementor-element-234903b e-con-full e-flex e-con e-child\" data-id=\"234903b\" data-element_type=\"container\" data-e-type=\"container\">\n\t\t\t\t<div class=\"elementor-element elementor-element-4b8f921 elementor-widget elementor-widget-text-editor\" data-id=\"4b8f921\" data-element_type=\"widget\" data-e-type=\"widget\" data-widget_type=\"text-editor.default\">\n\t\t\t\t<div class=\"elementor-widget-container\">\n\t\t\t\t\t\t\t\t\t<p>Por supuesto. Hay una cocina totalmente equipada a disposici\u00f3n de los clientes de las habitaciones.   <br \/>As\u00ed que puedes traer tus ingredientes, preparar tu propia cena y sentarte en la terraza a tu aire. \u00a1No podr\u00eda ser m\u00e1s f\u00e1cil sentirse como en casa!   <\/p>\t\t\t\t\t\t\t\t<\/div>\n\t\t\t\t<\/div>\n\t\t\t\t<\/div>\n\t\t\t\t\t<\/details>\n\t\t\t\t\t\t<details id=\"e-n-accordion-item-2111\" class=\"e-n-accordion-item\" >\n\t\t\t\t<summary class=\"e-n-accordion-item-title\" data-accordion-index=\"2\" tabindex=\"-1\" aria-expanded=\"false\" aria-controls=\"e-n-accordion-item-2111\" >\n\t\t\t\t\t<span class='e-n-accordion-item-title-header'><h6 class=\"e-n-accordion-item-title-text\"> \u00bfHay restaurantes cerca que no tengan que ir hasta Albi?   <\/h6><\/span>\n\t\t\t\t\t\t\t<span class='e-n-accordion-item-title-icon'>\n\t\t\t<span class='e-opened' ><svg aria-hidden=\"true\" class=\"e-font-icon-svg e-fas-chevron-down\" viewBox=\"0 0 448 512\" xmlns=\"http:\/\/www.w3.org\/2000\/svg\"><path d=\"M207.029 381.476L12.686 187.132c-9.373-9.373-9.373-24.569 0-33.941l22.667-22.667c9.357-9.357 24.522-9.375 33.901-.04L224 284.505l154.745-154.021c9.379-9.335 24.544-9.317 33.901.04l22.667 22.667c9.373 9.373 9.373 24.569 0 33.941L240.971 381.476c-9.373 9.372-24.569 9.372-33.942 0z\"><\/path><\/svg><\/span>\n\t\t\t<span class='e-closed'><svg aria-hidden=\"true\" class=\"e-font-icon-svg e-fas-chevron-right\" viewBox=\"0 0 320 512\" xmlns=\"http:\/\/www.w3.org\/2000\/svg\"><path d=\"M285.476 272.971L91.132 467.314c-9.373 9.373-24.569 9.373-33.941 0l-22.667-22.667c-9.357-9.357-9.375-24.522-.04-33.901L188.505 256 34.484 101.255c-9.335-9.379-9.317-24.544.04-33.901l22.667-22.667c9.373-9.373 24.569-9.373 33.941 0L285.475 239.03c9.373 9.372 9.373 24.568.001 33.941z\"><\/path><\/svg><\/span>\n\t\t<\/span>\n\n\t\t\t\t\t\t<\/summary>\n\t\t\t\t<div role=\"region\" aria-labelledby=\"e-n-accordion-item-2111\" class=\"elementor-element elementor-element-bfdce84 e-con-full e-flex e-con e-child\" data-id=\"bfdce84\" data-element_type=\"container\" data-e-type=\"container\">\n\t\t\t\t<div class=\"elementor-element elementor-element-626f8a8 elementor-widget elementor-widget-text-editor\" data-id=\"626f8a8\" data-element_type=\"widget\" data-e-type=\"widget\" data-widget_type=\"text-editor.default\">\n\t\t\t\t<div class=\"elementor-widget-container\">\n\t\t\t\t\t\t\t\t\t<p>Los restaurantes m\u00e1s cercanos son \u00abLa Brasserie Au Jardin\u00bb en Le S\u00e9questre (a 5 minutos) y \u00abLa Table de Felix\u00bb en Lagrave (abierto para comer y los viernes y s\u00e1bados por la noche).  <br \/>Tambi\u00e9n puedes pedir comida para llevar en \u00abMalia chez Vous\u00bb, en Marssac sur Tarn.  <\/p>\t\t\t\t\t\t\t\t<\/div>\n\t\t\t\t<\/div>\n\t\t\t\t<\/div>\n\t\t\t\t\t<\/details>\n\t\t\t\t\t\t<details id=\"e-n-accordion-item-2112\" class=\"e-n-accordion-item\" >\n\t\t\t\t<summary class=\"e-n-accordion-item-title\" data-accordion-index=\"3\" tabindex=\"-1\" aria-expanded=\"false\" aria-controls=\"e-n-accordion-item-2112\" >\n\t\t\t\t\t<span class='e-n-accordion-item-title-header'><h6 class=\"e-n-accordion-item-title-text\"> \u00bfPuedes adaptar tu desayuno a las alergias?   <\/h6><\/span>\n\t\t\t\t\t\t\t<span class='e-n-accordion-item-title-icon'>\n\t\t\t<span class='e-opened' ><svg aria-hidden=\"true\" class=\"e-font-icon-svg e-fas-chevron-down\" viewBox=\"0 0 448 512\" xmlns=\"http:\/\/www.w3.org\/2000\/svg\"><path d=\"M207.029 381.476L12.686 187.132c-9.373-9.373-9.373-24.569 0-33.941l22.667-22.667c9.357-9.357 24.522-9.375 33.901-.04L224 284.505l154.745-154.021c9.379-9.335 24.544-9.317 33.901.04l22.667 22.667c9.373 9.373 9.373 24.569 0 33.941L240.971 381.476c-9.373 9.372-24.569 9.372-33.942 0z\"><\/path><\/svg><\/span>\n\t\t\t<span class='e-closed'><svg aria-hidden=\"true\" class=\"e-font-icon-svg e-fas-chevron-right\" viewBox=\"0 0 320 512\" xmlns=\"http:\/\/www.w3.org\/2000\/svg\"><path d=\"M285.476 272.971L91.132 467.314c-9.373 9.373-24.569 9.373-33.941 0l-22.667-22.667c-9.357-9.357-9.375-24.522-.04-33.901L188.505 256 34.484 101.255c-9.335-9.379-9.317-24.544.04-33.901l22.667-22.667c9.373-9.373 24.569-9.373 33.941 0L285.475 239.03c9.373 9.372 9.373 24.568.001 33.941z\"><\/path><\/svg><\/span>\n\t\t<\/span>\n\n\t\t\t\t\t\t<\/summary>\n\t\t\t\t<div role=\"region\" aria-labelledby=\"e-n-accordion-item-2112\" class=\"elementor-element elementor-element-87c4a4e e-con-full e-flex e-con e-child\" data-id=\"87c4a4e\" data-element_type=\"container\" data-e-type=\"container\">\n\t\t\t\t<div class=\"elementor-element elementor-element-6ac249d elementor-widget elementor-widget-text-editor\" data-id=\"6ac249d\" data-element_type=\"widget\" data-e-type=\"widget\" data-widget_type=\"text-editor.default\">\n\t\t\t\t<div class=\"elementor-widget-container\">\n\t\t\t\t\t\t\t\t\t<p>S\u00ed, s\u00f3lo tienes que dec\u00edrnoslo cuando hagas la reserva y nos aseguraremos de que tenemos los productos adecuados para ti.  <\/p>\t\t\t\t\t\t\t\t<\/div>\n\t\t\t\t<\/div>\n\t\t\t\t<\/div>\n\t\t\t\t\t<\/details>\n\t\t\t\t\t<\/div>\n\t\t\t\t\t<script type=\"application\/ld+json\">{\"@context\":\"https:\\\/\\\/schema.org\",\"@type\":\"FAQPage\",\"mainEntity\":[{\"@type\":\"Question\",\"name\":\"\\u00bfSe puede cocinar in situ?\",\"acceptedAnswer\":{\"@type\":\"Answer\",\"text\":\"Por supuesto. Hay una cocina totalmente equipada a disposici\\u00f3n de los clientes de las habitaciones.   As\\u00ed que puedes traer tus ingredientes, preparar tu propia cena y sentarte en la terraza a tu aire. \\u00a1No podr\\u00eda ser m\\u00e1s f\\u00e1cil sentirse como en casa!\"}},{\"@type\":\"Question\",\"name\":\"\\u00bfHay restaurantes cerca que no tengan que ir hasta Albi?\",\"acceptedAnswer\":{\"@type\":\"Answer\",\"text\":\"Los restaurantes m\\u00e1s cercanos son \\u00abLa Brasserie Au Jardin\\u00bb en Le S\\u00e9questre (a 5 minutos) y \\u00abLa Table de Felix\\u00bb en Lagrave (abierto para comer y los viernes y s\\u00e1bados por la noche).  Tambi\\u00e9n puedes pedir comida para llevar en \\u00abMalia chez Vous\\u00bb, en Marssac sur Tarn.\"}},{\"@type\":\"Question\",\"name\":\"\\u00bfPuedes adaptar tu desayuno a las alergias?\",\"acceptedAnswer\":{\"@type\":\"Answer\",\"text\":\"S\\u00ed, s\\u00f3lo tienes que dec\\u00edrnoslo cuando hagas la reserva y nos aseguraremos de que tenemos los productos adecuados para ti.\"}}]}<\/script>\n\t\t\t\t\t\t\t<\/div>\n\t\t\t\t<\/div>\n\t\t\t\t\t<\/div>\n\t\t\t\t<\/div>\n\t\t\t\t<\/div>\n\t\t","protected":false},"excerpt":{"rendered":"<p>Una cocina a tu disposici\u00f3n \u00bfTe gusta cocinar? \u00bfTe gustar\u00eda preparar platos sencillos utilizando tus propios productos del Mercado? \u00bfTe gustar\u00eda compartir una copa de vino y brindar en un ambiente \u00edntimo? Tenemos una cocina totalmente equipada en la planta baja. Si no has tenido tiempo de ir de compras, en el mismo centro hay [&hellip;]<\/p>\n","protected":false},"author":6,"featured_media":15175,"parent":0,"menu_order":0,"comment_status":"closed","ping_status":"closed","template":"","meta":{"_acf_changed":false,"inline_featured_image":false,"footnotes":""},"class_list":["post-15170","page","type-page","status-publish","has-post-thumbnail","hentry"],"acf":[],"_links":{"self":[{"href":"https:\/\/www.domainedubuc.com\/es\/wp-json\/wp\/v2\/pages\/15170","targetHints":{"allow":["GET"]}}],"collection":[{"href":"https:\/\/www.domainedubuc.com\/es\/wp-json\/wp\/v2\/pages"}],"about":[{"href":"https:\/\/www.domainedubuc.com\/es\/wp-json\/wp\/v2\/types\/page"}],"author":[{"embeddable":true,"href":"https:\/\/www.domainedubuc.com\/es\/wp-json\/wp\/v2\/users\/6"}],"replies":[{"embeddable":true,"href":"https:\/\/www.domainedubuc.com\/es\/wp-json\/wp\/v2\/comments?post=15170"}],"version-history":[{"count":1,"href":"https:\/\/www.domainedubuc.com\/es\/wp-json\/wp\/v2\/pages\/15170\/revisions"}],"predecessor-version":[{"id":15177,"href":"https:\/\/www.domainedubuc.com\/es\/wp-json\/wp\/v2\/pages\/15170\/revisions\/15177"}],"wp:featuredmedia":[{"embeddable":true,"href":"https:\/\/www.domainedubuc.com\/es\/wp-json\/wp\/v2\/media\/15175"}],"wp:attachment":[{"href":"https:\/\/www.domainedubuc.com\/es\/wp-json\/wp\/v2\/media?parent=15170"}],"curies":[{"name":"wp","href":"https:\/\/api.w.org\/{rel}","templated":true}]}}