{"id":4692,"date":"2013-01-17T10:53:35","date_gmt":"2013-01-17T09:53:35","guid":{"rendered":"http:\/\/www.domainedubuc.quatrys.fr\/es\/contact\/"},"modified":"2026-03-30T15:43:08","modified_gmt":"2026-03-30T14:43:08","slug":"contacto","status":"publish","type":"page","link":"https:\/\/www.domainedubuc.com\/es\/contacto\/","title":{"rendered":"Ponte en contacto con"},"content":{"rendered":"\t\t<div data-elementor-type=\"wp-page\" data-elementor-id=\"4692\" class=\"elementor elementor-4692 elementor-40\" data-elementor-post-type=\"page\">\n\t\t\t\t<div class=\"elementor-element elementor-element-6886bbe8 e-flex e-con-boxed e-con e-parent\" data-id=\"6886bbe8\" data-element_type=\"container\" data-e-type=\"container\">\n\t\t\t\t\t<div class=\"e-con-inner\">\n\t\t\t\t<div class=\"elementor-element elementor-element-521758bb elementor-widget elementor-widget-text-editor\" data-id=\"521758bb\" data-element_type=\"widget\" data-e-type=\"widget\" data-widget_type=\"text-editor.default\">\n\t\t\t\t<div class=\"elementor-widget-container\">\n\t\t\t\t\t\t\t\t\t<div class=\"wp-block-columns are-vertically-aligned-center\"><div class=\"wp-block-column is-vertically-aligned-center\" style=\"flex-basis: 100%;\"><h2>Brigitte LESAGE<\/h2><h3>El propietario<\/h3><div class=\"contact_columns\"><p>Brigitte, <strong>ex jugadora internacional de voleibol<\/strong>, \u00a1ha encontrado una nueva carrera en el turismo!<strong> Desde hace 20 a\u00f1os, revive la finca de sus antepasados<\/strong>&#8230; para quienes el bal\u00f3n era m\u00e1s bien un medio de degustar vinos finos&#8230; Brigitte y su familia estar\u00e1n encantados de compartir contigo<strong> el salto entre generaciones de 1900 a 2025.<\/strong><\/p><p><strong> <\/strong><\/p><\/div><div><strong data-rich-text-format-boundary=\"true\">Brigitte Lesage<\/strong> <strong>Domaine du Buc<\/strong> Route de Lagrave 81150 Marssac sur Tarn<br data-rich-text-line-break=\"true\"\/>Tel\/Fax: 00 33 (0)5 63 55 40 06 Puerto: 00 33 (0)6 70 14 96 47<br data-rich-text-line-break=\"true\"\/>e-mail: <a href=\"mailto:contact@domainedubuc.com\">contact@domainedubuc.com<\/a> Coordenadas GPS Latitud: 43\u00b0 54&#8242; 23&#8243; Norte Longitud: 2\u00b0 1&#8242; 30&#8243;<\/div><\/div><\/div>\t\t\t\t\t\t\t\t<\/div>\n\t\t\t\t<\/div>\n\t\t\t\t\t<\/div>\n\t\t\t\t<\/div>\n\t\t<div class=\"elementor-element elementor-element-89f5e3d e-flex e-con-boxed e-con e-parent\" data-id=\"89f5e3d\" data-element_type=\"container\" data-e-type=\"container\">\n\t\t\t\t\t<div class=\"e-con-inner\">\n\t\t<div class=\"elementor-element elementor-element-0970964 e-con-full e-flex e-con e-child\" data-id=\"0970964\" data-element_type=\"container\" data-e-type=\"container\">\n\t\t\t\t<div class=\"elementor-element elementor-element-a42a968 elementor-button-align-stretch elementor-widget elementor-widget-form\" data-id=\"a42a968\" data-element_type=\"widget\" data-e-type=\"widget\" data-settings=\"{&quot;step_next_label&quot;:&quot;Siguiente&quot;,&quot;step_previous_label&quot;:&quot;Anterior&quot;,&quot;button_width&quot;:&quot;100&quot;,&quot;step_type&quot;:&quot;number_text&quot;,&quot;step_icon_shape&quot;:&quot;circle&quot;}\" data-widget_type=\"form.default\">\n\t\t\t\t<div class=\"elementor-widget-container\">\n\t\t\t\t\t\t\t<form class=\"elementor-form\" method=\"post\" name=\"Nuevo formulario\" aria-label=\"Nuevo formulario\">\n\t\t\t<input type=\"hidden\" name=\"post_id\" value=\"4692\"\/>\n\t\t\t<input type=\"hidden\" name=\"form_id\" value=\"a42a968\"\/>\n\t\t\t<input type=\"hidden\" name=\"referer_title\" value=\"Contacto - Domaine du Buc, Casa Rural y Habitaciones de Hu\u00e9spedes\" \/>\n\n\t\t\t\t\t\t\t<input type=\"hidden\" name=\"queried_id\" value=\"4692\"\/>\n\t\t\t\n\t\t\t<div class=\"elementor-form-fields-wrapper elementor-labels-above\">\n\t\t\t\t\t\t\t\t<div class=\"elementor-field-type-text elementor-field-group elementor-column elementor-field-group-prenom elementor-col-100\">\n\t\t\t\t\t\t\t\t\t\t\t\t<label for=\"form-field-prenom\" class=\"elementor-field-label\">\n\t\t\t\t\t\t\t\tNombre\t\t\t\t\t\t\t<\/label>\n\t\t\t\t\t\t\t\t\t\t\t\t\t\t<input size=\"1\" type=\"text\" name=\"form_fields[prenom]\" id=\"form-field-prenom\" class=\"elementor-field elementor-size-sm  elementor-field-textual\" placeholder=\"Nombre\">\n\t\t\t\t\t\t\t\t\t\t\t<\/div>\n\t\t\t\t\t\t\t\t<div class=\"elementor-field-type-text elementor-field-group elementor-column elementor-field-group-field_7b3f552 elementor-col-100\">\n\t\t\t\t\t\t\t\t\t\t\t\t<label for=\"form-field-field_7b3f552\" class=\"elementor-field-label\">\n\t\t\t\t\t\t\t\tNombre\t\t\t\t\t\t\t<\/label>\n\t\t\t\t\t\t\t\t\t\t\t\t\t\t<input size=\"1\" type=\"text\" name=\"form_fields[field_7b3f552]\" id=\"form-field-field_7b3f552\" class=\"elementor-field elementor-size-sm  elementor-field-textual\" placeholder=\"Nombre\">\n\t\t\t\t\t\t\t\t\t\t\t<\/div>\n\t\t\t\t\t\t\t\t<div class=\"elementor-field-type-email elementor-field-group elementor-column elementor-field-group-email elementor-col-100 elementor-field-required\">\n\t\t\t\t\t\t\t\t\t\t\t\t<label for=\"form-field-email\" class=\"elementor-field-label\">\n\t\t\t\t\t\t\t\tCorreo electr\u00f3nico\t\t\t\t\t\t\t<\/label>\n\t\t\t\t\t\t\t\t\t\t\t\t\t\t<input size=\"1\" type=\"email\" name=\"form_fields[email]\" id=\"form-field-email\" class=\"elementor-field elementor-size-sm  elementor-field-textual\" placeholder=\"Correo electr\u00f3nico\" required=\"required\">\n\t\t\t\t\t\t\t\t\t\t\t<\/div>\n\t\t\t\t\t\t\t\t<div class=\"elementor-field-type-textarea elementor-field-group elementor-column elementor-field-group-message elementor-col-100\">\n\t\t\t\t\t\t\t\t\t\t\t\t<label for=\"form-field-message\" class=\"elementor-field-label\">\n\t\t\t\t\t\t\t\tMensaje\t\t\t\t\t\t\t<\/label>\n\t\t\t\t\t\t<textarea class=\"elementor-field-textual elementor-field  elementor-size-sm\" name=\"form_fields[message]\" id=\"form-field-message\" rows=\"4\" placeholder=\"Mensaje\"><\/textarea>\t\t\t\t<\/div>\n\t\t\t\t\t\t\t\t<div class=\"elementor-field-group elementor-column elementor-field-type-submit elementor-col-100 e-form__buttons\">\n\t\t\t\t\t<button class=\"elementor-button elementor-size-sm\" type=\"submit\">\n\t\t\t\t\t\t<span class=\"elementor-button-content-wrapper\">\n\t\t\t\t\t\t\t\t\t\t\t\t\t\t\t\t\t\t\t\t\t\t<span class=\"elementor-button-text\">Env\u00eda<\/span>\n\t\t\t\t\t\t\t\t\t\t\t\t\t<\/span>\n\t\t\t\t\t<\/button>\n\t\t\t\t<\/div>\n\t\t\t<\/div>\n\t\t<\/form>\n\t\t\t\t\t\t<\/div>\n\t\t\t\t<\/div>\n\t\t\t\t<div class=\"elementor-element elementor-element-7cbdab3 elementor-widget elementor-widget-text-editor\" data-id=\"7cbdab3\" data-element_type=\"widget\" data-e-type=\"widget\" data-widget_type=\"text-editor.default\">\n\t\t\t\t<div class=\"elementor-widget-container\">\n\t\t\t\t\t\t\t\t\t<p><span style=\"font-size: 12px;\">La informaci\u00f3n recogida en este formulario se registra en un fichero utilizado por Domaine du Buc para gestionar la relaci\u00f3n con sus clientes y posibles clientes. Se conserva durante 3 a\u00f1os a partir de la fecha de tu \u00faltima actividad (por ejemplo, compra o expiraci\u00f3n de tus contratos). Est\u00e1 destinada a ser utilizada por el Departamento de Comunicaci\u00f3n y Relaciones con los Clientes de Domaine du Buc.<\/span><br \/><span style=\"font-size: 12px;\">La informaci\u00f3n recopilada no se transmitir\u00e1 a terceros ni se vender\u00e1, a menos que lo solicites expl\u00edcitamente.<\/span><br \/><span style=\"font-size: 12px;\">De conformidad con la Ley francesa de Protecci\u00f3n de Datos de 6 de enero de 1978, puedes ejercer tu derecho de acceso, rectificaci\u00f3n y supresi\u00f3n de los datos que te conciernen. Para ello, ponte en contacto con Domaine du Buc en contact@domainedubuc.com o por correo postal en la siguiente direcci\u00f3n Route de Lagrave &#8211; 81150 Marssac sur Tarn.<\/span><\/p>\t\t\t\t\t\t\t\t<\/div>\n\t\t\t\t<\/div>\n\t\t\t\t<\/div>\n\t\t<div class=\"elementor-element elementor-element-3acefc7 e-con-full e-flex e-con e-child\" data-id=\"3acefc7\" data-element_type=\"container\" data-e-type=\"container\">\n\t\t\t\t<div class=\"elementor-element elementor-element-8d7e8fa elementor-widget elementor-widget-google_maps\" data-id=\"8d7e8fa\" data-element_type=\"widget\" data-e-type=\"widget\" data-widget_type=\"google_maps.default\">\n\t\t\t\t<div class=\"elementor-widget-container\">\n\t\t\t\t\t\t\t<div class=\"elementor-custom-embed\">\n\t\t\t<iframe loading=\"lazy\"\n\t\t\t\t\tsrc=\"https:\/\/maps.google.com\/maps?q=Domaine%20du%20buc&#038;t=m&#038;z=10&#038;output=embed&#038;iwloc=near\"\n\t\t\t\t\ttitle=\"Domaine du buc\"\n\t\t\t\t\taria-label=\"Domaine du buc\"\n\t\t\t><\/iframe>\n\t\t<\/div>\n\t\t\t\t\t\t<\/div>\n\t\t\t\t<\/div>\n\t\t\t\t<\/div>\n\t\t\t\t\t<\/div>\n\t\t\t\t<\/div>\n\t\t\t\t<\/div>\n\t\t","protected":false},"excerpt":{"rendered":"<p>Brigitte LESAGE El propietario Brigitte, ex jugadora internacional de voleibol, \u00a1ha encontrado una nueva carrera en el turismo! Desde hace 20 a\u00f1os, revive la finca de sus antepasados&#8230; para quienes el bal\u00f3n era m\u00e1s bien un medio de degustar vinos finos&#8230; Brigitte y su familia estar\u00e1n encantados de compartir contigo el salto entre generaciones de [&hellip;]<\/p>\n","protected":false},"author":3,"featured_media":0,"parent":0,"menu_order":0,"comment_status":"open","ping_status":"closed","template":"","meta":{"_acf_changed":false,"inline_featured_image":false,"footnotes":""},"class_list":["post-4692","page","type-page","status-publish","hentry"],"acf":[],"_links":{"self":[{"href":"https:\/\/www.domainedubuc.com\/es\/wp-json\/wp\/v2\/pages\/4692","targetHints":{"allow":["GET"]}}],"collection":[{"href":"https:\/\/www.domainedubuc.com\/es\/wp-json\/wp\/v2\/pages"}],"about":[{"href":"https:\/\/www.domainedubuc.com\/es\/wp-json\/wp\/v2\/types\/page"}],"author":[{"embeddable":true,"href":"https:\/\/www.domainedubuc.com\/es\/wp-json\/wp\/v2\/users\/3"}],"replies":[{"embeddable":true,"href":"https:\/\/www.domainedubuc.com\/es\/wp-json\/wp\/v2\/comments?post=4692"}],"version-history":[{"count":10,"href":"https:\/\/www.domainedubuc.com\/es\/wp-json\/wp\/v2\/pages\/4692\/revisions"}],"predecessor-version":[{"id":15152,"href":"https:\/\/www.domainedubuc.com\/es\/wp-json\/wp\/v2\/pages\/4692\/revisions\/15152"}],"wp:attachment":[{"href":"https:\/\/www.domainedubuc.com\/es\/wp-json\/wp\/v2\/media?parent=4692"}],"curies":[{"name":"wp","href":"https:\/\/api.w.org\/{rel}","templated":true}]}}